{"id":4563,"date":"2022-12-14T15:02:27","date_gmt":"2022-12-14T15:02:27","guid":{"rendered":"https:\/\/laserway.al\/product\/parapagim-hair-transplant\/"},"modified":"2025-06-10T09:05:29","modified_gmt":"2025-06-10T09:05:29","slug":"parapagim-hair-transplant","status":"publish","type":"product","link":"https:\/\/laserway.al\/pl\/produkt\/parapagim-hair-transplant\/","title":{"rendered":"Interwencja mikrochirurgiczna"},"content":{"rendered":"","protected":false},"excerpt":{"rendered":"<p>Je\u015bli chcesz anulowa\u0107 p\u0142atno\u015b\u0107? Kliknij link, aby zobaczy\u0107 wi\u0119cej. <a href=\"https:\/\/laserway.al\/pl\/terms-and-conditions\/\" target=\"_blank\" rel=\"noopener\">Kliknij tutaj<\/a><\/p>\n","protected":false},"featured_media":4564,"template":"","meta":[],"product_cat":[64],"product_tag":[],"class_list":{"0":"post-4563","1":"product","2":"type-product","3":"status-publish","4":"has-post-thumbnail","6":"product_cat-uncategorized-pl","8":"first","9":"instock","10":"sold-individually","11":"shipping-taxable","12":"purchasable","13":"product-type-simple"},"yoast_head":"<!-- This site is optimized with the Yoast SEO Premium plugin v20.13 (Yoast SEO v26.9) - https:\/\/yoast.com\/product\/yoast-seo-premium-wordpress\/ -->\n<title>Interwencja mikrochirurgiczna - Laser Way<\/title>\n<meta name=\"robots\" content=\"index, follow, max-snippet:-1, max-image-preview:large, max-video-preview:-1\" \/>\n<link rel=\"canonical\" href=\"https:\/\/laserway.al\/pl\/produkt\/parapagim-hair-transplant\/\" \/>\n<meta property=\"og:locale\" content=\"pl_PL\" \/>\n<meta property=\"og:type\" content=\"article\" \/>\n<meta property=\"og:title\" content=\"Interwencja mikrochirurgiczna\" \/>\n<meta property=\"og:description\" content=\"Je\u015bli chcesz anulowa\u0107 p\u0142atno\u015b\u0107? Kliknij link, aby zobaczy\u0107 wi\u0119cej. Kliknij tutaj\" \/>\n<meta property=\"og:url\" content=\"https:\/\/laserway.al\/pl\/produkt\/parapagim-hair-transplant\/\" \/>\n<meta property=\"og:site_name\" content=\"Laser Way\" \/>\n<meta property=\"article:modified_time\" content=\"2025-06-10T09:05:29+00:00\" \/>\n<meta property=\"og:image\" content=\"https:\/\/laserway.al\/wp-content\/uploads\/2022\/12\/JQ7A2061-pucye4nyt00ocqg3o5f1qqms9ws8emrhawglbcvue8.jpg\" \/>\n\t<meta property=\"og:image:width\" content=\"400\" \/>\n\t<meta property=\"og:image:height\" content=\"400\" \/>\n\t<meta property=\"og:image:type\" content=\"image\/jpeg\" \/>\n<meta name=\"twitter:card\" content=\"summary_large_image\" \/>\n<meta name=\"twitter:label1\" content=\"Szacowany czas czytania\" \/>\n\t<meta name=\"twitter:data1\" content=\"1 minuta\" \/>\n<script type=\"application\/ld+json\" class=\"yoast-schema-graph\">{\"@context\":\"https:\/\/schema.org\",\"@graph\":[{\"@type\":\"WebPage\",\"@id\":\"https:\/\/laserway.al\/pl\/produkt\/parapagim-hair-transplant\/\",\"url\":\"https:\/\/laserway.al\/pl\/produkt\/parapagim-hair-transplant\/\",\"name\":\"Interwencja mikrochirurgiczna - Laser Way\",\"isPartOf\":{\"@id\":\"https:\/\/laserway.al\/pl\/#website\"},\"primaryImageOfPage\":{\"@id\":\"https:\/\/laserway.al\/pl\/produkt\/parapagim-hair-transplant\/#primaryimage\"},\"image\":{\"@id\":\"https:\/\/laserway.al\/pl\/produkt\/parapagim-hair-transplant\/#primaryimage\"},\"thumbnailUrl\":\"https:\/\/laserway.al\/wp-content\/uploads\/2022\/12\/JQ7A2061-pucye4nyt00ocqg3o5f1qqms9ws8emrhawglbcvue8.jpg\",\"datePublished\":\"2022-12-14T15:02:27+00:00\",\"dateModified\":\"2025-06-10T09:05:29+00:00\",\"breadcrumb\":{\"@id\":\"https:\/\/laserway.al\/pl\/produkt\/parapagim-hair-transplant\/#breadcrumb\"},\"inLanguage\":\"pl-PL\",\"potentialAction\":[{\"@type\":\"ReadAction\",\"target\":[\"https:\/\/laserway.al\/pl\/produkt\/parapagim-hair-transplant\/\"]}]},{\"@type\":\"ImageObject\",\"inLanguage\":\"pl-PL\",\"@id\":\"https:\/\/laserway.al\/pl\/produkt\/parapagim-hair-transplant\/#primaryimage\",\"url\":\"https:\/\/laserway.al\/wp-content\/uploads\/2022\/12\/JQ7A2061-pucye4nyt00ocqg3o5f1qqms9ws8emrhawglbcvue8.jpg\",\"contentUrl\":\"https:\/\/laserway.al\/wp-content\/uploads\/2022\/12\/JQ7A2061-pucye4nyt00ocqg3o5f1qqms9ws8emrhawglbcvue8.jpg\",\"width\":400,\"height\":400},{\"@type\":\"BreadcrumbList\",\"@id\":\"https:\/\/laserway.al\/pl\/produkt\/parapagim-hair-transplant\/#breadcrumb\",\"itemListElement\":[{\"@type\":\"ListItem\",\"position\":1,\"name\":\"Home\",\"item\":\"https:\/\/laserway.al\/pl\/\"},{\"@type\":\"ListItem\",\"position\":2,\"name\":\"Produkty\",\"item\":\"https:\/\/laserway.al\/pl\/shop\/\"},{\"@type\":\"ListItem\",\"position\":3,\"name\":\"Interwencja mikrochirurgiczna\"}]},{\"@type\":\"WebSite\",\"@id\":\"https:\/\/laserway.al\/pl\/#website\",\"url\":\"https:\/\/laserway.al\/pl\/\",\"name\":\"Laser Way\",\"description\":\"Klinika Laser Way - Hair Transplant Center\",\"publisher\":{\"@id\":\"https:\/\/laserway.al\/pl\/#organization\"},\"potentialAction\":[{\"@type\":\"SearchAction\",\"target\":{\"@type\":\"EntryPoint\",\"urlTemplate\":\"https:\/\/laserway.al\/pl\/?s={search_term_string}\"},\"query-input\":{\"@type\":\"PropertyValueSpecification\",\"valueRequired\":true,\"valueName\":\"search_term_string\"}}],\"inLanguage\":\"pl-PL\"},{\"@type\":\"Organization\",\"@id\":\"https:\/\/laserway.al\/pl\/#organization\",\"name\":\"Laser Way\",\"url\":\"https:\/\/laserway.al\/pl\/\",\"logo\":{\"@type\":\"ImageObject\",\"inLanguage\":\"pl-PL\",\"@id\":\"https:\/\/laserway.al\/pl\/#\/schema\/logo\/image\/\",\"url\":\"https:\/\/laserway.al\/wp-content\/uploads\/2022\/08\/laser-way-logo.png\",\"contentUrl\":\"https:\/\/laserway.al\/wp-content\/uploads\/2022\/08\/laser-way-logo.png\",\"width\":650,\"height\":572,\"caption\":\"Laser Way\"},\"image\":{\"@id\":\"https:\/\/laserway.al\/pl\/#\/schema\/logo\/image\/\"}}]}<\/script>\n<!-- \/ Yoast SEO Premium plugin. -->","yoast_head_json":{"title":"Interwencja mikrochirurgiczna - Laser Way","robots":{"index":"index","follow":"follow","max-snippet":"max-snippet:-1","max-image-preview":"max-image-preview:large","max-video-preview":"max-video-preview:-1"},"canonical":"https:\/\/laserway.al\/pl\/produkt\/parapagim-hair-transplant\/","og_locale":"pl_PL","og_type":"article","og_title":"Interwencja mikrochirurgiczna","og_description":"Je\u015bli chcesz anulowa\u0107 p\u0142atno\u015b\u0107? Kliknij link, aby zobaczy\u0107 wi\u0119cej. Kliknij tutaj","og_url":"https:\/\/laserway.al\/pl\/produkt\/parapagim-hair-transplant\/","og_site_name":"Laser Way","article_modified_time":"2025-06-10T09:05:29+00:00","og_image":[{"width":400,"height":400,"url":"https:\/\/laserway.al\/wp-content\/uploads\/2022\/12\/JQ7A2061-pucye4nyt00ocqg3o5f1qqms9ws8emrhawglbcvue8.jpg","type":"image\/jpeg"}],"twitter_card":"summary_large_image","twitter_misc":{"Szacowany czas czytania":"1 minuta"},"schema":{"@context":"https:\/\/schema.org","@graph":[{"@type":"WebPage","@id":"https:\/\/laserway.al\/pl\/produkt\/parapagim-hair-transplant\/","url":"https:\/\/laserway.al\/pl\/produkt\/parapagim-hair-transplant\/","name":"Interwencja mikrochirurgiczna - Laser Way","isPartOf":{"@id":"https:\/\/laserway.al\/pl\/#website"},"primaryImageOfPage":{"@id":"https:\/\/laserway.al\/pl\/produkt\/parapagim-hair-transplant\/#primaryimage"},"image":{"@id":"https:\/\/laserway.al\/pl\/produkt\/parapagim-hair-transplant\/#primaryimage"},"thumbnailUrl":"https:\/\/laserway.al\/wp-content\/uploads\/2022\/12\/JQ7A2061-pucye4nyt00ocqg3o5f1qqms9ws8emrhawglbcvue8.jpg","datePublished":"2022-12-14T15:02:27+00:00","dateModified":"2025-06-10T09:05:29+00:00","breadcrumb":{"@id":"https:\/\/laserway.al\/pl\/produkt\/parapagim-hair-transplant\/#breadcrumb"},"inLanguage":"pl-PL","potentialAction":[{"@type":"ReadAction","target":["https:\/\/laserway.al\/pl\/produkt\/parapagim-hair-transplant\/"]}]},{"@type":"ImageObject","inLanguage":"pl-PL","@id":"https:\/\/laserway.al\/pl\/produkt\/parapagim-hair-transplant\/#primaryimage","url":"https:\/\/laserway.al\/wp-content\/uploads\/2022\/12\/JQ7A2061-pucye4nyt00ocqg3o5f1qqms9ws8emrhawglbcvue8.jpg","contentUrl":"https:\/\/laserway.al\/wp-content\/uploads\/2022\/12\/JQ7A2061-pucye4nyt00ocqg3o5f1qqms9ws8emrhawglbcvue8.jpg","width":400,"height":400},{"@type":"BreadcrumbList","@id":"https:\/\/laserway.al\/pl\/produkt\/parapagim-hair-transplant\/#breadcrumb","itemListElement":[{"@type":"ListItem","position":1,"name":"Home","item":"https:\/\/laserway.al\/pl\/"},{"@type":"ListItem","position":2,"name":"Produkty","item":"https:\/\/laserway.al\/pl\/shop\/"},{"@type":"ListItem","position":3,"name":"Interwencja mikrochirurgiczna"}]},{"@type":"WebSite","@id":"https:\/\/laserway.al\/pl\/#website","url":"https:\/\/laserway.al\/pl\/","name":"Laser Way","description":"Klinika Laser Way - Hair Transplant Center","publisher":{"@id":"https:\/\/laserway.al\/pl\/#organization"},"potentialAction":[{"@type":"SearchAction","target":{"@type":"EntryPoint","urlTemplate":"https:\/\/laserway.al\/pl\/?s={search_term_string}"},"query-input":{"@type":"PropertyValueSpecification","valueRequired":true,"valueName":"search_term_string"}}],"inLanguage":"pl-PL"},{"@type":"Organization","@id":"https:\/\/laserway.al\/pl\/#organization","name":"Laser Way","url":"https:\/\/laserway.al\/pl\/","logo":{"@type":"ImageObject","inLanguage":"pl-PL","@id":"https:\/\/laserway.al\/pl\/#\/schema\/logo\/image\/","url":"https:\/\/laserway.al\/wp-content\/uploads\/2022\/08\/laser-way-logo.png","contentUrl":"https:\/\/laserway.al\/wp-content\/uploads\/2022\/08\/laser-way-logo.png","width":650,"height":572,"caption":"Laser Way"},"image":{"@id":"https:\/\/laserway.al\/pl\/#\/schema\/logo\/image\/"}}]}},"_links":{"self":[{"href":"https:\/\/laserway.al\/pl\/wp-json\/wp\/v2\/product\/4563","targetHints":{"allow":["GET"]}}],"collection":[{"href":"https:\/\/laserway.al\/pl\/wp-json\/wp\/v2\/product"}],"about":[{"href":"https:\/\/laserway.al\/pl\/wp-json\/wp\/v2\/types\/product"}],"wp:featuredmedia":[{"embeddable":true,"href":"https:\/\/laserway.al\/pl\/wp-json\/wp\/v2\/media\/4564"}],"wp:attachment":[{"href":"https:\/\/laserway.al\/pl\/wp-json\/wp\/v2\/media?parent=4563"}],"wp:term":[{"taxonomy":"product_cat","embeddable":true,"href":"https:\/\/laserway.al\/pl\/wp-json\/wp\/v2\/product_cat?post=4563"},{"taxonomy":"product_tag","embeddable":true,"href":"https:\/\/laserway.al\/pl\/wp-json\/wp\/v2\/product_tag?post=4563"}],"curies":[{"name":"wp","href":"https:\/\/api.w.org\/{rel}","templated":true}]}}