{"id":4620,"date":"2023-02-08T10:58:29","date_gmt":"2023-02-08T10:58:29","guid":{"rendered":"https:\/\/laserway.al\/terms-and-conditions\/"},"modified":"2024-04-09T13:53:08","modified_gmt":"2024-04-09T13:53:08","slug":"terms-and-conditions","status":"publish","type":"page","link":"https:\/\/laserway.al\/pl\/terms-and-conditions\/","title":{"rendered":"Terms and Conditions"},"content":{"rendered":"\t\t<div data-elementor-type=\"wp-page\" data-elementor-id=\"4620\" class=\"elementor elementor-4620 elementor-2043\" data-elementor-post-type=\"page\">\n\t\t\t\t\t\t<section class=\"elementor-section elementor-top-section elementor-element elementor-element-10a26e2c elementor-section-boxed elementor-section-height-default elementor-section-height-default\" data-id=\"10a26e2c\" data-element_type=\"section\">\n\t\t\t\t\t\t<div class=\"elementor-container elementor-column-gap-default\">\n\t\t\t\t\t<div class=\"elementor-column elementor-col-100 elementor-top-column elementor-element elementor-element-225bd7aa\" data-id=\"225bd7aa\" data-element_type=\"column\">\n\t\t\t<div class=\"elementor-widget-wrap elementor-element-populated\">\n\t\t\t\t\t\t<div class=\"elementor-element elementor-element-52108421 elementor-widget elementor-widget-text-editor\" data-id=\"52108421\" data-element_type=\"widget\" data-widget_type=\"text-editor.default\">\n\t\t\t\t<div class=\"elementor-widget-container\">\n\t\t\t\t\t\t\t\t\t<ol><li><strong>Wprowadzenie<\/strong><br \/>Niniejszy regulamin reguluje korzystanie z naszej strony internetowej laserway.al. Uzyskuj\u0105c dost\u0119p do naszej strony internetowej i korzystaj\u0105c z niej, akceptujesz i zgadzasz si\u0119 na pe\u0142ne zwi\u0105zanie niniejszymi warunkami. Je\u015bli nie zgadzasz si\u0119 z jak\u0105kolwiek cz\u0119\u015bci\u0105 niniejszych warunk\u00f3w, nie korzystaj z naszej<br \/>strony internetowej.<\/li><li><strong>Polityka zwrot\u00f3w. <\/strong> Oferujemy 10-dniow\u0105 gwarancj\u0119 zwrotu pieni\u0119dzy na wszystkie produkty zakupione za po\u015brednictwem naszej strony internetowej. Je\u015bli z jakiegokolwiek powodu nie jeste\u015b zadowolony z zakupu, mo\u017cesz poprosi\u0107 o pe\u0142ny zwrot pieni\u0119dzy w ci\u0105gu 10 dni od<br \/>pierwotnej daty zakupu. Zwroty zostan\u0105 zrealizowane w ci\u0105gu 14 dni od otrzymania wniosku.<\/li><li><strong>Korzystanie z naszej strony internetowej <\/strong>U\u017cytkownik zgadza si\u0119 korzysta\u0107 z naszej strony internetowej wy\u0142\u0105cznie w celach zgodnych z prawem i w spos\u00f3b, kt\u00f3ry nie narusza praw ani nie ogranicza ani nie utrudnia korzystania ze strony internetowej przez osoby trzecie. Nie wolno korzysta\u0107 z naszej strony internetowej w celu wysy\u0142ania niezam\u00f3wionych informacji handlowych.<\/li><li><strong>Ograniczenie odpowiedzialno\u015bci<\/strong> Nasza odpowiedzialno\u015b\u0107 wobec u\u017cytkownika w zwi\u0105zku z jakimkolwiek produktem zakupionym za po\u015brednictwem naszej<br \/>strony internetowej jest \u015bci\u015ble ograniczona do ceny zakupu tego produktu.<\/li><li><strong>W\u0142asno\u015b\u0107 intelektualna<\/strong><p>Zawarto\u015b\u0107 naszej strony internetowej jest chroniona prawami autorskimi, znakami towarowymi, bazami danych i innymi prawami w\u0142asno\u015bci intelektualnej. Nie mo\u017cesz wykorzystywa\u0107 \u017cadnej cz\u0119\u015bci tre\u015bci na naszej stronie internetowej do cel\u00f3w komercyjnych bez uzyskania od nas na to licencji.<\/p><\/li><li><strong>Zmiany w Regulaminie<\/strong> Zastrzegamy sobie prawo do zmiany niniejszego regulaminu w dowolnym momencie. Dalsze korzystanie z naszej strony internetowej po wprowadzeniu takiej zmiany oznacza akceptacj\u0119 nowych warunk\u00f3w.<\/li><li><strong>Prawo<\/strong> Niniejszy regulamin jest regulowany i interpretowany zgodnie z s\u0105dami Republiki Albanii. Korzystaj\u0105c z naszej strony internetowej, wyra\u017casz zgod\u0119 na przestrzeganie niniejszych warunk\u00f3w.<\/li><\/ol>\t\t\t\t\t\t\t\t<\/div>\n\t\t\t\t<\/div>\n\t\t\t\t\t<\/div>\n\t\t<\/div>\n\t\t\t\t\t<\/div>\n\t\t<\/section>\n\t\t\t\t<\/div>\n\t\t","protected":false},"excerpt":{"rendered":"<p>WprowadzenieNiniejszy regulamin reguluje korzystanie z naszej strony internetowej laserway.al. Uzyskuj\u0105c dost\u0119p do naszej strony internetowej i korzystaj\u0105c z niej, akceptujesz i zgadzasz si\u0119 na pe\u0142ne zwi\u0105zanie niniejszymi warunkami. Je\u015bli nie zgadzasz si\u0119 z jak\u0105kolwiek cz\u0119\u015bci\u0105 niniejszych warunk\u00f3w, nie korzystaj z naszejstrony internetowej. Polityka zwrot\u00f3w. Oferujemy 10-dniow\u0105 gwarancj\u0119 zwrotu pieni\u0119dzy na wszystkie produkty zakupione za po\u015brednictwem [&hellip;]<\/p>\n","protected":false},"author":1,"featured_media":0,"parent":0,"menu_order":0,"comment_status":"closed","ping_status":"closed","template":"elementor_header_footer","meta":{"footnotes":""},"class_list":["post-4620","page","type-page","status-publish","hentry"],"yoast_head":"<!-- This site is optimized with the Yoast SEO Premium plugin v20.13 (Yoast SEO v26.9) - https:\/\/yoast.com\/product\/yoast-seo-premium-wordpress\/ -->\n<title>Terms and Conditions - Laser Way<\/title>\n<meta name=\"robots\" content=\"index, follow, max-snippet:-1, max-image-preview:large, max-video-preview:-1\" \/>\n<link rel=\"canonical\" href=\"https:\/\/laserway.al\/pl\/terms-and-conditions\/\" \/>\n<meta property=\"og:locale\" content=\"pl_PL\" \/>\n<meta property=\"og:type\" content=\"article\" \/>\n<meta property=\"og:title\" content=\"Terms and Conditions\" \/>\n<meta property=\"og:description\" content=\"WprowadzenieNiniejszy regulamin reguluje korzystanie z naszej strony internetowej laserway.al. Uzyskuj\u0105c dost\u0119p do naszej strony internetowej i korzystaj\u0105c z niej, akceptujesz i zgadzasz si\u0119 na pe\u0142ne zwi\u0105zanie niniejszymi warunkami. Je\u015bli nie zgadzasz si\u0119 z jak\u0105kolwiek cz\u0119\u015bci\u0105 niniejszych warunk\u00f3w, nie korzystaj z naszejstrony internetowej. Polityka zwrot\u00f3w. Oferujemy 10-dniow\u0105 gwarancj\u0119 zwrotu pieni\u0119dzy na wszystkie produkty zakupione za po\u015brednictwem [&hellip;]\" \/>\n<meta property=\"og:url\" content=\"https:\/\/laserway.al\/pl\/terms-and-conditions\/\" \/>\n<meta property=\"og:site_name\" content=\"Laser Way\" \/>\n<meta property=\"article:modified_time\" content=\"2024-04-09T13:53:08+00:00\" \/>\n<meta name=\"twitter:card\" content=\"summary_large_image\" \/>\n<meta name=\"twitter:label1\" content=\"Szacowany czas czytania\" \/>\n\t<meta name=\"twitter:data1\" content=\"2 minuty\" \/>\n<script type=\"application\/ld+json\" class=\"yoast-schema-graph\">{\"@context\":\"https:\/\/schema.org\",\"@graph\":[{\"@type\":\"WebPage\",\"@id\":\"https:\/\/laserway.al\/pl\/terms-and-conditions\/\",\"url\":\"https:\/\/laserway.al\/pl\/terms-and-conditions\/\",\"name\":\"Terms and Conditions - Laser Way\",\"isPartOf\":{\"@id\":\"https:\/\/laserway.al\/pl\/#website\"},\"datePublished\":\"2023-02-08T10:58:29+00:00\",\"dateModified\":\"2024-04-09T13:53:08+00:00\",\"breadcrumb\":{\"@id\":\"https:\/\/laserway.al\/pl\/terms-and-conditions\/#breadcrumb\"},\"inLanguage\":\"pl-PL\",\"potentialAction\":[{\"@type\":\"ReadAction\",\"target\":[\"https:\/\/laserway.al\/pl\/terms-and-conditions\/\"]}]},{\"@type\":\"BreadcrumbList\",\"@id\":\"https:\/\/laserway.al\/pl\/terms-and-conditions\/#breadcrumb\",\"itemListElement\":[{\"@type\":\"ListItem\",\"position\":1,\"name\":\"Home\",\"item\":\"https:\/\/laserway.al\/pl\/\"},{\"@type\":\"ListItem\",\"position\":2,\"name\":\"Terms and Conditions\"}]},{\"@type\":\"WebSite\",\"@id\":\"https:\/\/laserway.al\/pl\/#website\",\"url\":\"https:\/\/laserway.al\/pl\/\",\"name\":\"Laser Way\",\"description\":\"Klinika Laser Way - Hair Transplant Center\",\"publisher\":{\"@id\":\"https:\/\/laserway.al\/pl\/#organization\"},\"potentialAction\":[{\"@type\":\"SearchAction\",\"target\":{\"@type\":\"EntryPoint\",\"urlTemplate\":\"https:\/\/laserway.al\/pl\/?s={search_term_string}\"},\"query-input\":{\"@type\":\"PropertyValueSpecification\",\"valueRequired\":true,\"valueName\":\"search_term_string\"}}],\"inLanguage\":\"pl-PL\"},{\"@type\":\"Organization\",\"@id\":\"https:\/\/laserway.al\/pl\/#organization\",\"name\":\"Laser Way\",\"url\":\"https:\/\/laserway.al\/pl\/\",\"logo\":{\"@type\":\"ImageObject\",\"inLanguage\":\"pl-PL\",\"@id\":\"https:\/\/laserway.al\/pl\/#\/schema\/logo\/image\/\",\"url\":\"https:\/\/laserway.al\/wp-content\/uploads\/2022\/08\/laser-way-logo.png\",\"contentUrl\":\"https:\/\/laserway.al\/wp-content\/uploads\/2022\/08\/laser-way-logo.png\",\"width\":650,\"height\":572,\"caption\":\"Laser Way\"},\"image\":{\"@id\":\"https:\/\/laserway.al\/pl\/#\/schema\/logo\/image\/\"}}]}<\/script>\n<!-- \/ Yoast SEO Premium plugin. -->","yoast_head_json":{"title":"Terms and Conditions - Laser Way","robots":{"index":"index","follow":"follow","max-snippet":"max-snippet:-1","max-image-preview":"max-image-preview:large","max-video-preview":"max-video-preview:-1"},"canonical":"https:\/\/laserway.al\/pl\/terms-and-conditions\/","og_locale":"pl_PL","og_type":"article","og_title":"Terms and Conditions","og_description":"WprowadzenieNiniejszy regulamin reguluje korzystanie z naszej strony internetowej laserway.al. Uzyskuj\u0105c dost\u0119p do naszej strony internetowej i korzystaj\u0105c z niej, akceptujesz i zgadzasz si\u0119 na pe\u0142ne zwi\u0105zanie niniejszymi warunkami. Je\u015bli nie zgadzasz si\u0119 z jak\u0105kolwiek cz\u0119\u015bci\u0105 niniejszych warunk\u00f3w, nie korzystaj z naszejstrony internetowej. Polityka zwrot\u00f3w. Oferujemy 10-dniow\u0105 gwarancj\u0119 zwrotu pieni\u0119dzy na wszystkie produkty zakupione za po\u015brednictwem [&hellip;]","og_url":"https:\/\/laserway.al\/pl\/terms-and-conditions\/","og_site_name":"Laser Way","article_modified_time":"2024-04-09T13:53:08+00:00","twitter_card":"summary_large_image","twitter_misc":{"Szacowany czas czytania":"2 minuty"},"schema":{"@context":"https:\/\/schema.org","@graph":[{"@type":"WebPage","@id":"https:\/\/laserway.al\/pl\/terms-and-conditions\/","url":"https:\/\/laserway.al\/pl\/terms-and-conditions\/","name":"Terms and Conditions - Laser Way","isPartOf":{"@id":"https:\/\/laserway.al\/pl\/#website"},"datePublished":"2023-02-08T10:58:29+00:00","dateModified":"2024-04-09T13:53:08+00:00","breadcrumb":{"@id":"https:\/\/laserway.al\/pl\/terms-and-conditions\/#breadcrumb"},"inLanguage":"pl-PL","potentialAction":[{"@type":"ReadAction","target":["https:\/\/laserway.al\/pl\/terms-and-conditions\/"]}]},{"@type":"BreadcrumbList","@id":"https:\/\/laserway.al\/pl\/terms-and-conditions\/#breadcrumb","itemListElement":[{"@type":"ListItem","position":1,"name":"Home","item":"https:\/\/laserway.al\/pl\/"},{"@type":"ListItem","position":2,"name":"Terms and Conditions"}]},{"@type":"WebSite","@id":"https:\/\/laserway.al\/pl\/#website","url":"https:\/\/laserway.al\/pl\/","name":"Laser Way","description":"Klinika Laser Way - Hair Transplant Center","publisher":{"@id":"https:\/\/laserway.al\/pl\/#organization"},"potentialAction":[{"@type":"SearchAction","target":{"@type":"EntryPoint","urlTemplate":"https:\/\/laserway.al\/pl\/?s={search_term_string}"},"query-input":{"@type":"PropertyValueSpecification","valueRequired":true,"valueName":"search_term_string"}}],"inLanguage":"pl-PL"},{"@type":"Organization","@id":"https:\/\/laserway.al\/pl\/#organization","name":"Laser Way","url":"https:\/\/laserway.al\/pl\/","logo":{"@type":"ImageObject","inLanguage":"pl-PL","@id":"https:\/\/laserway.al\/pl\/#\/schema\/logo\/image\/","url":"https:\/\/laserway.al\/wp-content\/uploads\/2022\/08\/laser-way-logo.png","contentUrl":"https:\/\/laserway.al\/wp-content\/uploads\/2022\/08\/laser-way-logo.png","width":650,"height":572,"caption":"Laser Way"},"image":{"@id":"https:\/\/laserway.al\/pl\/#\/schema\/logo\/image\/"}}]}},"_links":{"self":[{"href":"https:\/\/laserway.al\/pl\/wp-json\/wp\/v2\/pages\/4620","targetHints":{"allow":["GET"]}}],"collection":[{"href":"https:\/\/laserway.al\/pl\/wp-json\/wp\/v2\/pages"}],"about":[{"href":"https:\/\/laserway.al\/pl\/wp-json\/wp\/v2\/types\/page"}],"author":[{"embeddable":true,"href":"https:\/\/laserway.al\/pl\/wp-json\/wp\/v2\/users\/1"}],"replies":[{"embeddable":true,"href":"https:\/\/laserway.al\/pl\/wp-json\/wp\/v2\/comments?post=4620"}],"version-history":[{"count":0,"href":"https:\/\/laserway.al\/pl\/wp-json\/wp\/v2\/pages\/4620\/revisions"}],"wp:attachment":[{"href":"https:\/\/laserway.al\/pl\/wp-json\/wp\/v2\/media?parent=4620"}],"curies":[{"name":"wp","href":"https:\/\/api.w.org\/{rel}","templated":true}]}}