{"id":4570,"date":"2022-12-14T14:52:15","date_gmt":"2022-12-14T14:52:15","guid":{"rendered":"https:\/\/laserway.al\/cart\/"},"modified":"2022-12-14T14:52:15","modified_gmt":"2022-12-14T14:52:15","slug":"cart","status":"publish","type":"page","link":"https:\/\/laserway.al\/pl\/cart\/","title":{"rendered":"Cart"},"content":{"rendered":"\t\t<div data-elementor-type=\"wp-page\" data-elementor-id=\"4570\" class=\"elementor elementor-4570 elementor-1788\" data-elementor-post-type=\"page\">\n\t\t\t\t\t\t<section class=\"elementor-section elementor-top-section elementor-element elementor-element-5713b90 elementor-section-boxed elementor-section-height-default elementor-section-height-default\" data-id=\"5713b90\" data-element_type=\"section\">\n\t\t\t\t\t\t<div class=\"elementor-container elementor-column-gap-default\">\n\t\t\t\t\t<div class=\"elementor-column elementor-col-100 elementor-top-column elementor-element elementor-element-f6450f0\" data-id=\"f6450f0\" data-element_type=\"column\">\n\t\t\t<div class=\"elementor-widget-wrap elementor-element-populated\">\n\t\t\t\t\t\t<div class=\"elementor-element elementor-element-9ccd583 elementor-widget elementor-widget-woocommerce-breadcrumb\" data-id=\"9ccd583\" data-element_type=\"widget\" data-widget_type=\"woocommerce-breadcrumb.default\">\n\t\t\t\t<div class=\"elementor-widget-container\">\n\t\t\t\t\t<nav class=\"woocommerce-breadcrumb\" aria-label=\"Breadcrumb\">Strona g\u0142\u00f3wna<\/nav>\t\t\t\t<\/div>\n\t\t\t\t<\/div>\n\t\t\t\t\t<\/div>\n\t\t<\/div>\n\t\t\t\t\t<\/div>\n\t\t<\/section>\n\t\t\t\t<section class=\"elementor-section elementor-top-section elementor-element elementor-element-ec6fc42 elementor-section-boxed elementor-section-height-default elementor-section-height-default\" data-id=\"ec6fc42\" data-element_type=\"section\">\n\t\t\t\t\t\t<div class=\"elementor-container elementor-column-gap-default\">\n\t\t\t\t\t<div class=\"elementor-column elementor-col-100 elementor-top-column elementor-element elementor-element-20db96a\" data-id=\"20db96a\" data-element_type=\"column\">\n\t\t\t<div class=\"elementor-widget-wrap elementor-element-populated\">\n\t\t\t\t\t\t\t<\/div>\n\t\t<\/div>\n\t\t\t\t\t<\/div>\n\t\t<\/section>\n\t\t\t\t<\/div>\n\t\t","protected":false},"excerpt":{"rendered":"<p>Remove item Thumbnail image Product Price Quantity Subtotal &times; Trapianto di capelli con pagamento anticipato &euro;200 Trapianto di capelli con pagamento anticipato quantity &euro;2,000 P\u00ebrdit\u00ebso karroc\u00ebn Totali Subtotal &euro;2,000 Total &euro;2,000 Vazhdoni me pagesen<\/p>\n","protected":false},"author":1,"featured_media":0,"parent":0,"menu_order":0,"comment_status":"closed","ping_status":"closed","template":"elementor_header_footer","meta":{"footnotes":""},"class_list":["post-4570","page","type-page","status-publish","hentry"],"yoast_head":"<!-- This site is optimized with the Yoast SEO Premium plugin v20.13 (Yoast SEO v26.9) - https:\/\/yoast.com\/product\/yoast-seo-premium-wordpress\/ -->\n<title>Cart - Laser Way<\/title>\n<meta name=\"robots\" content=\"index, follow, max-snippet:-1, max-image-preview:large, max-video-preview:-1\" \/>\n<link rel=\"canonical\" href=\"https:\/\/laserway.al\/pl\/cart\/\" \/>\n<meta property=\"og:locale\" content=\"pl_PL\" \/>\n<meta property=\"og:type\" content=\"article\" \/>\n<meta property=\"og:title\" content=\"Cart\" \/>\n<meta property=\"og:description\" content=\"Remove item Thumbnail image Product Price Quantity Subtotal &times; Trapianto di capelli con pagamento anticipato &euro;200 Trapianto di capelli con pagamento anticipato quantity &euro;2,000 P\u00ebrdit\u00ebso karroc\u00ebn Totali Subtotal &euro;2,000 Total &euro;2,000 Vazhdoni me pagesen\" \/>\n<meta property=\"og:url\" content=\"https:\/\/laserway.al\/pl\/cart\/\" \/>\n<meta property=\"og:site_name\" content=\"Laser Way\" \/>\n<meta property=\"og:image\" content=\"https:\/\/laserway.al\/wp-content\/uploads\/2022\/12\/JQ7A2061-pucye4nyt00ocqg3o5f1qqms9ws8emrhawglbcvue8-300x300.jpg\" \/>\n<meta name=\"twitter:card\" content=\"summary_large_image\" \/>\n<script type=\"application\/ld+json\" class=\"yoast-schema-graph\">{\"@context\":\"https:\/\/schema.org\",\"@graph\":[{\"@type\":\"WebPage\",\"@id\":\"https:\/\/laserway.al\/pl\/cart\/\",\"url\":\"https:\/\/laserway.al\/pl\/cart\/\",\"name\":\"Cart - Laser Way\",\"isPartOf\":{\"@id\":\"https:\/\/laserway.al\/pl\/#website\"},\"primaryImageOfPage\":{\"@id\":\"https:\/\/laserway.al\/pl\/cart\/#primaryimage\"},\"image\":{\"@id\":\"https:\/\/laserway.al\/pl\/cart\/#primaryimage\"},\"thumbnailUrl\":\"https:\/\/laserway.al\/wp-content\/uploads\/2022\/12\/JQ7A2061-pucye4nyt00ocqg3o5f1qqms9ws8emrhawglbcvue8-300x300.jpg\",\"datePublished\":\"2022-12-14T14:52:15+00:00\",\"breadcrumb\":{\"@id\":\"https:\/\/laserway.al\/pl\/cart\/#breadcrumb\"},\"inLanguage\":\"pl-PL\",\"potentialAction\":[{\"@type\":\"ReadAction\",\"target\":[\"https:\/\/laserway.al\/pl\/cart\/\"]}]},{\"@type\":\"ImageObject\",\"inLanguage\":\"pl-PL\",\"@id\":\"https:\/\/laserway.al\/pl\/cart\/#primaryimage\",\"url\":\"https:\/\/laserway.al\/wp-content\/uploads\/2022\/12\/JQ7A2061-pucye4nyt00ocqg3o5f1qqms9ws8emrhawglbcvue8-300x300.jpg\",\"contentUrl\":\"https:\/\/laserway.al\/wp-content\/uploads\/2022\/12\/JQ7A2061-pucye4nyt00ocqg3o5f1qqms9ws8emrhawglbcvue8-300x300.jpg\"},{\"@type\":\"BreadcrumbList\",\"@id\":\"https:\/\/laserway.al\/pl\/cart\/#breadcrumb\",\"itemListElement\":[{\"@type\":\"ListItem\",\"position\":1,\"name\":\"Home\",\"item\":\"https:\/\/laserway.al\/pl\/\"},{\"@type\":\"ListItem\",\"position\":2,\"name\":\"Cart\"}]},{\"@type\":\"WebSite\",\"@id\":\"https:\/\/laserway.al\/pl\/#website\",\"url\":\"https:\/\/laserway.al\/pl\/\",\"name\":\"Laser Way\",\"description\":\"Klinika Laser Way - Hair Transplant Center\",\"publisher\":{\"@id\":\"https:\/\/laserway.al\/pl\/#organization\"},\"potentialAction\":[{\"@type\":\"SearchAction\",\"target\":{\"@type\":\"EntryPoint\",\"urlTemplate\":\"https:\/\/laserway.al\/pl\/?s={search_term_string}\"},\"query-input\":{\"@type\":\"PropertyValueSpecification\",\"valueRequired\":true,\"valueName\":\"search_term_string\"}}],\"inLanguage\":\"pl-PL\"},{\"@type\":\"Organization\",\"@id\":\"https:\/\/laserway.al\/pl\/#organization\",\"name\":\"Laser Way\",\"url\":\"https:\/\/laserway.al\/pl\/\",\"logo\":{\"@type\":\"ImageObject\",\"inLanguage\":\"pl-PL\",\"@id\":\"https:\/\/laserway.al\/pl\/#\/schema\/logo\/image\/\",\"url\":\"https:\/\/laserway.al\/wp-content\/uploads\/2022\/08\/laser-way-logo.png\",\"contentUrl\":\"https:\/\/laserway.al\/wp-content\/uploads\/2022\/08\/laser-way-logo.png\",\"width\":650,\"height\":572,\"caption\":\"Laser Way\"},\"image\":{\"@id\":\"https:\/\/laserway.al\/pl\/#\/schema\/logo\/image\/\"}}]}<\/script>\n<!-- \/ Yoast SEO Premium plugin. -->","yoast_head_json":{"title":"Cart - Laser Way","robots":{"index":"index","follow":"follow","max-snippet":"max-snippet:-1","max-image-preview":"max-image-preview:large","max-video-preview":"max-video-preview:-1"},"canonical":"https:\/\/laserway.al\/pl\/cart\/","og_locale":"pl_PL","og_type":"article","og_title":"Cart","og_description":"Remove item Thumbnail image Product Price Quantity Subtotal &times; Trapianto di capelli con pagamento anticipato &euro;200 Trapianto di capelli con pagamento anticipato quantity &euro;2,000 P\u00ebrdit\u00ebso karroc\u00ebn Totali Subtotal &euro;2,000 Total &euro;2,000 Vazhdoni me pagesen","og_url":"https:\/\/laserway.al\/pl\/cart\/","og_site_name":"Laser Way","og_image":[{"url":"https:\/\/laserway.al\/wp-content\/uploads\/2022\/12\/JQ7A2061-pucye4nyt00ocqg3o5f1qqms9ws8emrhawglbcvue8-300x300.jpg","type":"","width":"","height":""}],"twitter_card":"summary_large_image","schema":{"@context":"https:\/\/schema.org","@graph":[{"@type":"WebPage","@id":"https:\/\/laserway.al\/pl\/cart\/","url":"https:\/\/laserway.al\/pl\/cart\/","name":"Cart - Laser Way","isPartOf":{"@id":"https:\/\/laserway.al\/pl\/#website"},"primaryImageOfPage":{"@id":"https:\/\/laserway.al\/pl\/cart\/#primaryimage"},"image":{"@id":"https:\/\/laserway.al\/pl\/cart\/#primaryimage"},"thumbnailUrl":"https:\/\/laserway.al\/wp-content\/uploads\/2022\/12\/JQ7A2061-pucye4nyt00ocqg3o5f1qqms9ws8emrhawglbcvue8-300x300.jpg","datePublished":"2022-12-14T14:52:15+00:00","breadcrumb":{"@id":"https:\/\/laserway.al\/pl\/cart\/#breadcrumb"},"inLanguage":"pl-PL","potentialAction":[{"@type":"ReadAction","target":["https:\/\/laserway.al\/pl\/cart\/"]}]},{"@type":"ImageObject","inLanguage":"pl-PL","@id":"https:\/\/laserway.al\/pl\/cart\/#primaryimage","url":"https:\/\/laserway.al\/wp-content\/uploads\/2022\/12\/JQ7A2061-pucye4nyt00ocqg3o5f1qqms9ws8emrhawglbcvue8-300x300.jpg","contentUrl":"https:\/\/laserway.al\/wp-content\/uploads\/2022\/12\/JQ7A2061-pucye4nyt00ocqg3o5f1qqms9ws8emrhawglbcvue8-300x300.jpg"},{"@type":"BreadcrumbList","@id":"https:\/\/laserway.al\/pl\/cart\/#breadcrumb","itemListElement":[{"@type":"ListItem","position":1,"name":"Home","item":"https:\/\/laserway.al\/pl\/"},{"@type":"ListItem","position":2,"name":"Cart"}]},{"@type":"WebSite","@id":"https:\/\/laserway.al\/pl\/#website","url":"https:\/\/laserway.al\/pl\/","name":"Laser Way","description":"Klinika Laser Way - Hair Transplant Center","publisher":{"@id":"https:\/\/laserway.al\/pl\/#organization"},"potentialAction":[{"@type":"SearchAction","target":{"@type":"EntryPoint","urlTemplate":"https:\/\/laserway.al\/pl\/?s={search_term_string}"},"query-input":{"@type":"PropertyValueSpecification","valueRequired":true,"valueName":"search_term_string"}}],"inLanguage":"pl-PL"},{"@type":"Organization","@id":"https:\/\/laserway.al\/pl\/#organization","name":"Laser Way","url":"https:\/\/laserway.al\/pl\/","logo":{"@type":"ImageObject","inLanguage":"pl-PL","@id":"https:\/\/laserway.al\/pl\/#\/schema\/logo\/image\/","url":"https:\/\/laserway.al\/wp-content\/uploads\/2022\/08\/laser-way-logo.png","contentUrl":"https:\/\/laserway.al\/wp-content\/uploads\/2022\/08\/laser-way-logo.png","width":650,"height":572,"caption":"Laser Way"},"image":{"@id":"https:\/\/laserway.al\/pl\/#\/schema\/logo\/image\/"}}]}},"_links":{"self":[{"href":"https:\/\/laserway.al\/pl\/wp-json\/wp\/v2\/pages\/4570","targetHints":{"allow":["GET"]}}],"collection":[{"href":"https:\/\/laserway.al\/pl\/wp-json\/wp\/v2\/pages"}],"about":[{"href":"https:\/\/laserway.al\/pl\/wp-json\/wp\/v2\/types\/page"}],"author":[{"embeddable":true,"href":"https:\/\/laserway.al\/pl\/wp-json\/wp\/v2\/users\/1"}],"replies":[{"embeddable":true,"href":"https:\/\/laserway.al\/pl\/wp-json\/wp\/v2\/comments?post=4570"}],"version-history":[{"count":0,"href":"https:\/\/laserway.al\/pl\/wp-json\/wp\/v2\/pages\/4570\/revisions"}],"wp:attachment":[{"href":"https:\/\/laserway.al\/pl\/wp-json\/wp\/v2\/media?parent=4570"}],"curies":[{"name":"wp","href":"https:\/\/api.w.org\/{rel}","templated":true}]}}