{"id":4529,"date":"2022-10-18T12:37:35","date_gmt":"2022-10-18T12:37:35","guid":{"rendered":"https:\/\/laserway.al\/eyebrows-transplant\/"},"modified":"2024-04-09T10:24:44","modified_gmt":"2024-04-09T10:24:44","slug":"eyebrows-transplant","status":"publish","type":"page","link":"https:\/\/laserway.al\/pl\/services\/eyebrows-transplant\/","title":{"rendered":"Przeszczep brwi"},"content":{"rendered":"\t\t<div data-elementor-type=\"wp-page\" data-elementor-id=\"4529\" class=\"elementor elementor-4529 elementor-486\" data-elementor-post-type=\"page\">\n\t\t\t\t\t\t<section class=\"elementor-section elementor-top-section elementor-element elementor-element-e8f7f25 elementor-hidden-widescreen elementor-hidden-desktop elementor-hidden-laptop elementor-hidden-tablet_extra elementor-hidden-tablet elementor-hidden-mobile_extra elementor-hidden-mobile elementor-section-boxed elementor-section-height-default elementor-section-height-default\" data-id=\"e8f7f25\" data-element_type=\"section\">\n\t\t\t\t\t\t<div class=\"elementor-container elementor-column-gap-default\">\n\t\t\t\t\t<div class=\"elementor-column elementor-col-100 elementor-top-column elementor-element elementor-element-b7b2992\" data-id=\"b7b2992\" data-element_type=\"column\">\n\t\t\t<div class=\"elementor-widget-wrap elementor-element-populated\">\n\t\t\t\t\t\t<div class=\"elementor-element elementor-element-58f8b60 elementor-widget elementor-widget-heading\" data-id=\"58f8b60\" data-element_type=\"widget\" data-widget_type=\"heading.default\">\n\t\t\t\t<div class=\"elementor-widget-container\">\n\t\t\t\t\t<h1 class=\"elementor-heading-title elementor-size-default\">Mbjellja e Vetullave - Laser Way<\/h1>\t\t\t\t<\/div>\n\t\t\t\t<\/div>\n\t\t\t\t\t<\/div>\n\t\t<\/div>\n\t\t\t\t\t<\/div>\n\t\t<\/section>\n\t\t\t\t<section class=\"elementor-section elementor-top-section elementor-element elementor-element-981b474 elementor-section-boxed elementor-section-height-default elementor-section-height-default\" data-id=\"981b474\" data-element_type=\"section\" data-settings=\"{&quot;background_background&quot;:&quot;gradient&quot;}\">\n\t\t\t\t\t\t<div class=\"elementor-container elementor-column-gap-default\">\n\t\t\t\t\t<div class=\"elementor-column elementor-col-100 elementor-top-column elementor-element elementor-element-2c53ef7\" data-id=\"2c53ef7\" data-element_type=\"column\">\n\t\t\t<div class=\"elementor-widget-wrap elementor-element-populated\">\n\t\t\t\t\t\t<div class=\"elementor-element elementor-element-8c3d6d0 elementor-widget elementor-widget-text-editor\" data-id=\"8c3d6d0\" data-element_type=\"widget\" data-widget_type=\"text-editor.default\">\n\t\t\t\t<div class=\"elementor-widget-container\">\n\t\t\t\t\t\t\t\t\t<p>Implantacja brwi to zabieg, kt\u00f3ry nale\u017cy wykona\u0107 z wi\u0119ksz\u0105 delikatno\u015bci\u0105, rygorystycznie zar\u00f3wno pod wzgl\u0119dem kszta\u0142tu, jak i struktury.<\/p>\t\t\t\t\t\t\t\t<\/div>\n\t\t\t\t<\/div>\n\t\t\t\t\t<\/div>\n\t\t<\/div>\n\t\t\t\t\t<\/div>\n\t\t<\/section>\n\t\t\t\t<section class=\"elementor-section elementor-top-section elementor-element elementor-element-cfba6be elementor-section-boxed elementor-section-height-default elementor-section-height-default\" data-id=\"cfba6be\" data-element_type=\"section\">\n\t\t\t\t\t\t<div class=\"elementor-container elementor-column-gap-default\">\n\t\t\t\t\t<div class=\"elementor-column elementor-col-50 elementor-top-column elementor-element elementor-element-6ffaa70\" data-id=\"6ffaa70\" data-element_type=\"column\">\n\t\t\t<div class=\"elementor-widget-wrap elementor-element-populated\">\n\t\t\t\t\t\t<div class=\"elementor-element elementor-element-f7d888a elementor-widget elementor-widget-heading\" data-id=\"f7d888a\" data-element_type=\"widget\" data-widget_type=\"heading.default\">\n\t\t\t\t<div class=\"elementor-widget-container\">\n\t\t\t\t\t<h2 class=\"elementor-heading-title elementor-size-default\">Jak przebiega przeszczep brwi?<\/h2>\t\t\t\t<\/div>\n\t\t\t\t<\/div>\n\t\t\t\t<div class=\"elementor-element elementor-element-b063dc5 elementor-widget elementor-widget-text-editor\" data-id=\"b063dc5\" data-element_type=\"widget\" data-widget_type=\"text-editor.default\">\n\t\t\t\t<div class=\"elementor-widget-container\">\n\t\t\t\t\t\t\t\t\t<ol><li>Badanie lekarskie i kszta\u0142t: W pierwszym kroku pacjent jest<br \/>konsultowany z lekarzem, najpierw obrysowuj\u0105c kontur brwi, bior\u0105c<br \/>pod uwag\u0119 po\u0142o\u017cenie anatomiczne i symetri\u0119. Na podstawie tych<br \/>danych przeprowadzana jest definicja brwi, planowana jest g\u0119sto\u015b\u0107<br \/>i grubo\u015b\u0107.<\/li><li>Regeneracja korzeni: obszar mi\u0119dzy uszami jest preferowany jako<br \/>obszar dawczy. Przeszczep brwi wykonywany jest z pojedynczymi<br \/>cebulkami w\u0142os\u00f3w pobranymi z tego obszaru.<\/li><li>Znieczulenie miejscowe: Poniewa\u017c przed zabiegiem stosuje si\u0119<br \/>znieczulenie miejscowe, pacjent nie odczuwa b\u00f3lu.<\/li><li>Po znieczuleniu miejscowym zabieg wszczepienia brwi<br \/>wykonywany jest wed\u0142ug planu ustalonego podczas badania.<\/li><\/ol>\t\t\t\t\t\t\t\t<\/div>\n\t\t\t\t<\/div>\n\t\t\t\t<div class=\"elementor-element elementor-element-13c0a4a elementor-widget elementor-widget-heading\" data-id=\"13c0a4a\" data-element_type=\"widget\" data-widget_type=\"heading.default\">\n\t\t\t\t<div class=\"elementor-widget-container\">\n\t\t\t\t\t<h2 class=\"elementor-heading-title elementor-size-default\">Po przeszczepie brwi<\/h2>\t\t\t\t<\/div>\n\t\t\t\t<\/div>\n\t\t\t\t<div class=\"elementor-element elementor-element-e3cd1a8 elementor-widget elementor-widget-text-editor\" data-id=\"e3cd1a8\" data-element_type=\"widget\" data-widget_type=\"text-editor.default\">\n\t\t\t\t<div class=\"elementor-widget-container\">\n\t\t\t\t\t\t\t\t\t<p>W pierwszym miesi\u0105cu po <a href=\"https:\/\/laserway.al\/pl\/services\/beard-transplant\/\">przeszczepie<\/a> w\u0142oski wypadaj\u0105 w oko\u0142o 80% . Po pierwszym miesi\u0105cu zaczyna si\u0119 pojawianie nowych brwi. Po 6<br \/>miesi\u0105cu brwi intensywnie wychodz\u0105.\u00a0<\/p><p><strong>Zaleca si\u0119 odczeka\u0107 1 rok, aby oceni\u0107 ostateczny wynik sadzenia brwi.<\/strong><\/p>\t\t\t\t\t\t\t\t<\/div>\n\t\t\t\t<\/div>\n\t\t\t\t<div class=\"elementor-element elementor-element-91f980c elementor-widget elementor-widget-heading\" data-id=\"91f980c\" data-element_type=\"widget\" data-widget_type=\"heading.default\">\n\t\t\t\t<div class=\"elementor-widget-container\">\n\t\t\t\t\t<h2 class=\"elementor-heading-title elementor-size-default\">Czy ta operacja jest bolesna?<\/h2>\t\t\t\t<\/div>\n\t\t\t\t<\/div>\n\t\t\t\t<div class=\"elementor-element elementor-element-dfeeb95 elementor-widget elementor-widget-text-editor\" data-id=\"dfeeb95\" data-element_type=\"widget\" data-widget_type=\"text-editor.default\">\n\t\t\t\t<div class=\"elementor-widget-container\">\n\t\t\t\t\t\t\t\t\t<p>Poniewa\u017c podczas operacji stosowane jest znieczulenie miejscowe, nie poczujesz \u017cadnego b\u00f3lu.<\/p><p><strong>Znaczenie aspektu estetycznego wzrasta z ka\u017cdym dniem. Problemy<\/strong><br \/><strong>zwi\u0105zane z kszta\u0142tem brwi mog\u0105 powodowa\u0107 trudno\u015bci psychologiczne<\/strong><br \/><strong>opr\u00f3cz l\u0119ku estetycznego, takie jak brak pewno\u015bci siebie i zmniejszona<\/strong><br \/><strong>motywacja. Skontaktuj si\u0119 z nami bez marnowania czasu<\/strong><\/p>\t\t\t\t\t\t\t\t<\/div>\n\t\t\t\t<\/div>\n\t\t\t\t\t<\/div>\n\t\t<\/div>\n\t\t\t\t<div class=\"elementor-column elementor-col-50 elementor-top-column elementor-element elementor-element-28b9cad\" data-id=\"28b9cad\" data-element_type=\"column\">\n\t\t\t<div class=\"elementor-widget-wrap elementor-element-populated\">\n\t\t\t\t\t\t<section class=\"elementor-section elementor-inner-section elementor-element elementor-element-44e797f elementor-section-full_width elementor-section-height-default elementor-section-height-default\" data-id=\"44e797f\" data-element_type=\"section\" data-settings=\"{&quot;sticky&quot;:&quot;top&quot;,&quot;sticky_parent&quot;:&quot;yes&quot;,&quot;sticky_on&quot;:[&quot;widescreen&quot;,&quot;desktop&quot;,&quot;laptop&quot;,&quot;tablet_extra&quot;,&quot;tablet&quot;],&quot;sticky_offset&quot;:5,&quot;sticky_effects_offset&quot;:10}\">\n\t\t\t\t\t\t<div class=\"elementor-container elementor-column-gap-default\">\n\t\t\t\t\t<div class=\"elementor-column elementor-col-100 elementor-inner-column elementor-element elementor-element-2a3dba8\" data-id=\"2a3dba8\" data-element_type=\"column\">\n\t\t\t<div class=\"elementor-widget-wrap elementor-element-populated\">\n\t\t\t\t\t\t<div class=\"elementor-element elementor-element-abd6698 elementor-widget elementor-widget-heading\" data-id=\"abd6698\" data-element_type=\"widget\" data-widget_type=\"heading.default\">\n\t\t\t\t<div class=\"elementor-widget-container\">\n\t\t\t\t\t<h2 class=\"elementor-heading-title elementor-size-default\">Czy masz jakie\u015b pytania?\n<\/h2>\t\t\t\t<\/div>\n\t\t\t\t<\/div>\n\t\t\t\t<div class=\"elementor-element elementor-element-cbe88a9 elementor-widget elementor-widget-text-editor\" data-id=\"cbe88a9\" data-element_type=\"widget\" data-widget_type=\"text-editor.default\">\n\t\t\t\t<div class=\"elementor-widget-container\">\n\t\t\t\t\t\t\t\t\t<div class=\"elementor-element elementor-element-d56c02c elementor-widget elementor-widget-text-editor\" data-id=\"d56c02c\" data-element_type=\"widget\" data-widget_type=\"text-editor.default\"><div class=\"elementor-widget-container\"><div class=\"elementor-element elementor-element-a44a911 elementor-widget elementor-widget-text-editor\" data-id=\"a44a911\" data-element_type=\"widget\" data-widget_type=\"text-editor.default\"><div class=\"elementor-widget-container\"><p>Nie znalaz\u0142e\u015b swojego pytania? Wszelkie pytania dotycz\u0105ce przeszczepiania w\u0142os\u00f3w, mo\u017cesz zada\u0107 bezpo\u015brednio klinice Laser Way!<\/p><\/div><\/div><\/div><\/div>\t\t\t\t\t\t\t\t<\/div>\n\t\t\t\t<\/div>\n\t\t\t\t<div class=\"elementor-element elementor-element-4f71245 elementor-align-center elementor-widget elementor-widget-button\" data-id=\"4f71245\" data-element_type=\"widget\" data-widget_type=\"button.default\">\n\t\t\t\t<div class=\"elementor-widget-container\">\n\t\t\t\t\t\t\t\t\t<div class=\"elementor-button-wrapper\">\n\t\t\t\t\t<a class=\"elementor-button elementor-button-link elementor-size-sm elementor-animation-shrink\" href=\"https:\/\/wa.me\/355682081816\" target=\"_blank\" rel=\"nofollow\" >\n\t\t\t\t\t\t<span class=\"elementor-button-content-wrapper\">\n\t\t\t\t\t\t<span class=\"elementor-button-icon\">\n\t\t\t\t<i aria-hidden=\"true\" class=\"fab fa-whatsapp\"><\/i>\t\t\t<\/span>\n\t\t\t\t\t\t\t\t\t<span class=\"elementor-button-text\">Kontakt<\/span>\n\t\t\t\t\t<\/span>\n\t\t\t\t\t<\/a>\n\t\t\t\t<\/div>\n\t\t\t\t\t\t\t\t<\/div>\n\t\t\t\t<\/div>\n\t\t\t\t\t<\/div>\n\t\t<\/div>\n\t\t\t\t\t<\/div>\n\t\t<\/section>\n\t\t\t\t\t<\/div>\n\t\t<\/div>\n\t\t\t\t\t<\/div>\n\t\t<\/section>\n\t\t\t\t<\/div>\n\t\t","protected":false},"excerpt":{"rendered":"<p>Mbjellja e Vetullave &#8211; Laser Way Implantacja brwi to zabieg, kt\u00f3ry nale\u017cy wykona\u0107 z wi\u0119ksz\u0105 delikatno\u015bci\u0105, rygorystycznie zar\u00f3wno pod wzgl\u0119dem kszta\u0142tu, jak i struktury. Jak przebiega przeszczep brwi? Badanie lekarskie i kszta\u0142t: W pierwszym kroku pacjent jestkonsultowany z lekarzem, najpierw obrysowuj\u0105c kontur brwi, bior\u0105cpod uwag\u0119 po\u0142o\u017cenie anatomiczne i symetri\u0119. Na podstawie tychdanych przeprowadzana jest definicja [&hellip;]<\/p>\n","protected":false},"author":1,"featured_media":0,"parent":4618,"menu_order":0,"comment_status":"closed","ping_status":"closed","template":"elementor_header_footer","meta":{"footnotes":""},"class_list":["post-4529","page","type-page","status-publish","hentry"],"yoast_head":"<!-- This site is optimized with the Yoast SEO Premium plugin v20.13 (Yoast SEO v26.9) - https:\/\/yoast.com\/product\/yoast-seo-premium-wordpress\/ -->\n<title>Przeszczep brwi - Laser Way<\/title>\n<meta name=\"robots\" content=\"index, follow, max-snippet:-1, max-image-preview:large, max-video-preview:-1\" \/>\n<link rel=\"canonical\" href=\"https:\/\/laserway.al\/pl\/services\/eyebrows-transplant\/\" \/>\n<meta property=\"og:locale\" content=\"pl_PL\" \/>\n<meta property=\"og:type\" content=\"article\" \/>\n<meta property=\"og:title\" content=\"Przeszczep brwi\" \/>\n<meta property=\"og:description\" content=\"Mbjellja e Vetullave &#8211; Laser Way Implantacja brwi to zabieg, kt\u00f3ry nale\u017cy wykona\u0107 z wi\u0119ksz\u0105 delikatno\u015bci\u0105, rygorystycznie zar\u00f3wno pod wzgl\u0119dem kszta\u0142tu, jak i struktury. Jak przebiega przeszczep brwi? Badanie lekarskie i kszta\u0142t: W pierwszym kroku pacjent jestkonsultowany z lekarzem, najpierw obrysowuj\u0105c kontur brwi, bior\u0105cpod uwag\u0119 po\u0142o\u017cenie anatomiczne i symetri\u0119. Na podstawie tychdanych przeprowadzana jest definicja [&hellip;]\" \/>\n<meta property=\"og:url\" content=\"https:\/\/laserway.al\/pl\/services\/eyebrows-transplant\/\" \/>\n<meta property=\"og:site_name\" content=\"Laser Way\" \/>\n<meta property=\"article:modified_time\" content=\"2024-04-09T10:24:44+00:00\" \/>\n<meta name=\"twitter:card\" content=\"summary_large_image\" \/>\n<meta name=\"twitter:label1\" content=\"Szacowany czas czytania\" \/>\n\t<meta name=\"twitter:data1\" content=\"2 minuty\" \/>\n<script type=\"application\/ld+json\" class=\"yoast-schema-graph\">{\"@context\":\"https:\/\/schema.org\",\"@graph\":[{\"@type\":\"WebPage\",\"@id\":\"https:\/\/laserway.al\/pl\/services\/eyebrows-transplant\/\",\"url\":\"https:\/\/laserway.al\/pl\/services\/eyebrows-transplant\/\",\"name\":\"Przeszczep brwi - Laser Way\",\"isPartOf\":{\"@id\":\"https:\/\/laserway.al\/pl\/#website\"},\"datePublished\":\"2022-10-18T12:37:35+00:00\",\"dateModified\":\"2024-04-09T10:24:44+00:00\",\"breadcrumb\":{\"@id\":\"https:\/\/laserway.al\/pl\/services\/eyebrows-transplant\/#breadcrumb\"},\"inLanguage\":\"pl-PL\",\"potentialAction\":[{\"@type\":\"ReadAction\",\"target\":[\"https:\/\/laserway.al\/pl\/services\/eyebrows-transplant\/\"]}]},{\"@type\":\"BreadcrumbList\",\"@id\":\"https:\/\/laserway.al\/pl\/services\/eyebrows-transplant\/#breadcrumb\",\"itemListElement\":[{\"@type\":\"ListItem\",\"position\":1,\"name\":\"Home\",\"item\":\"https:\/\/laserway.al\/pl\/\"},{\"@type\":\"ListItem\",\"position\":2,\"name\":\"Praca\",\"item\":\"https:\/\/laserway.al\/pl\/services\/\"},{\"@type\":\"ListItem\",\"position\":3,\"name\":\"Przeszczep brwi\"}]},{\"@type\":\"WebSite\",\"@id\":\"https:\/\/laserway.al\/pl\/#website\",\"url\":\"https:\/\/laserway.al\/pl\/\",\"name\":\"Laser Way\",\"description\":\"Klinika Laser Way - Hair Transplant Center\",\"publisher\":{\"@id\":\"https:\/\/laserway.al\/pl\/#organization\"},\"potentialAction\":[{\"@type\":\"SearchAction\",\"target\":{\"@type\":\"EntryPoint\",\"urlTemplate\":\"https:\/\/laserway.al\/pl\/?s={search_term_string}\"},\"query-input\":{\"@type\":\"PropertyValueSpecification\",\"valueRequired\":true,\"valueName\":\"search_term_string\"}}],\"inLanguage\":\"pl-PL\"},{\"@type\":\"Organization\",\"@id\":\"https:\/\/laserway.al\/pl\/#organization\",\"name\":\"Laser Way\",\"url\":\"https:\/\/laserway.al\/pl\/\",\"logo\":{\"@type\":\"ImageObject\",\"inLanguage\":\"pl-PL\",\"@id\":\"https:\/\/laserway.al\/pl\/#\/schema\/logo\/image\/\",\"url\":\"https:\/\/laserway.al\/wp-content\/uploads\/2022\/08\/laser-way-logo.png\",\"contentUrl\":\"https:\/\/laserway.al\/wp-content\/uploads\/2022\/08\/laser-way-logo.png\",\"width\":650,\"height\":572,\"caption\":\"Laser Way\"},\"image\":{\"@id\":\"https:\/\/laserway.al\/pl\/#\/schema\/logo\/image\/\"}}]}<\/script>\n<!-- \/ Yoast SEO Premium plugin. -->","yoast_head_json":{"title":"Przeszczep brwi - Laser Way","robots":{"index":"index","follow":"follow","max-snippet":"max-snippet:-1","max-image-preview":"max-image-preview:large","max-video-preview":"max-video-preview:-1"},"canonical":"https:\/\/laserway.al\/pl\/services\/eyebrows-transplant\/","og_locale":"pl_PL","og_type":"article","og_title":"Przeszczep brwi","og_description":"Mbjellja e Vetullave &#8211; Laser Way Implantacja brwi to zabieg, kt\u00f3ry nale\u017cy wykona\u0107 z wi\u0119ksz\u0105 delikatno\u015bci\u0105, rygorystycznie zar\u00f3wno pod wzgl\u0119dem kszta\u0142tu, jak i struktury. Jak przebiega przeszczep brwi? Badanie lekarskie i kszta\u0142t: W pierwszym kroku pacjent jestkonsultowany z lekarzem, najpierw obrysowuj\u0105c kontur brwi, bior\u0105cpod uwag\u0119 po\u0142o\u017cenie anatomiczne i symetri\u0119. Na podstawie tychdanych przeprowadzana jest definicja [&hellip;]","og_url":"https:\/\/laserway.al\/pl\/services\/eyebrows-transplant\/","og_site_name":"Laser Way","article_modified_time":"2024-04-09T10:24:44+00:00","twitter_card":"summary_large_image","twitter_misc":{"Szacowany czas czytania":"2 minuty"},"schema":{"@context":"https:\/\/schema.org","@graph":[{"@type":"WebPage","@id":"https:\/\/laserway.al\/pl\/services\/eyebrows-transplant\/","url":"https:\/\/laserway.al\/pl\/services\/eyebrows-transplant\/","name":"Przeszczep brwi - Laser Way","isPartOf":{"@id":"https:\/\/laserway.al\/pl\/#website"},"datePublished":"2022-10-18T12:37:35+00:00","dateModified":"2024-04-09T10:24:44+00:00","breadcrumb":{"@id":"https:\/\/laserway.al\/pl\/services\/eyebrows-transplant\/#breadcrumb"},"inLanguage":"pl-PL","potentialAction":[{"@type":"ReadAction","target":["https:\/\/laserway.al\/pl\/services\/eyebrows-transplant\/"]}]},{"@type":"BreadcrumbList","@id":"https:\/\/laserway.al\/pl\/services\/eyebrows-transplant\/#breadcrumb","itemListElement":[{"@type":"ListItem","position":1,"name":"Home","item":"https:\/\/laserway.al\/pl\/"},{"@type":"ListItem","position":2,"name":"Praca","item":"https:\/\/laserway.al\/pl\/services\/"},{"@type":"ListItem","position":3,"name":"Przeszczep brwi"}]},{"@type":"WebSite","@id":"https:\/\/laserway.al\/pl\/#website","url":"https:\/\/laserway.al\/pl\/","name":"Laser Way","description":"Klinika Laser Way - Hair Transplant Center","publisher":{"@id":"https:\/\/laserway.al\/pl\/#organization"},"potentialAction":[{"@type":"SearchAction","target":{"@type":"EntryPoint","urlTemplate":"https:\/\/laserway.al\/pl\/?s={search_term_string}"},"query-input":{"@type":"PropertyValueSpecification","valueRequired":true,"valueName":"search_term_string"}}],"inLanguage":"pl-PL"},{"@type":"Organization","@id":"https:\/\/laserway.al\/pl\/#organization","name":"Laser Way","url":"https:\/\/laserway.al\/pl\/","logo":{"@type":"ImageObject","inLanguage":"pl-PL","@id":"https:\/\/laserway.al\/pl\/#\/schema\/logo\/image\/","url":"https:\/\/laserway.al\/wp-content\/uploads\/2022\/08\/laser-way-logo.png","contentUrl":"https:\/\/laserway.al\/wp-content\/uploads\/2022\/08\/laser-way-logo.png","width":650,"height":572,"caption":"Laser Way"},"image":{"@id":"https:\/\/laserway.al\/pl\/#\/schema\/logo\/image\/"}}]}},"_links":{"self":[{"href":"https:\/\/laserway.al\/pl\/wp-json\/wp\/v2\/pages\/4529","targetHints":{"allow":["GET"]}}],"collection":[{"href":"https:\/\/laserway.al\/pl\/wp-json\/wp\/v2\/pages"}],"about":[{"href":"https:\/\/laserway.al\/pl\/wp-json\/wp\/v2\/types\/page"}],"author":[{"embeddable":true,"href":"https:\/\/laserway.al\/pl\/wp-json\/wp\/v2\/users\/1"}],"replies":[{"embeddable":true,"href":"https:\/\/laserway.al\/pl\/wp-json\/wp\/v2\/comments?post=4529"}],"version-history":[{"count":0,"href":"https:\/\/laserway.al\/pl\/wp-json\/wp\/v2\/pages\/4529\/revisions"}],"up":[{"embeddable":true,"href":"https:\/\/laserway.al\/pl\/wp-json\/wp\/v2\/pages\/4618"}],"wp:attachment":[{"href":"https:\/\/laserway.al\/pl\/wp-json\/wp\/v2\/media?parent=4529"}],"curies":[{"name":"wp","href":"https:\/\/api.w.org\/{rel}","templated":true}]}}