{"id":4521,"date":"2022-10-18T12:36:47","date_gmt":"2022-10-18T12:36:47","guid":{"rendered":"https:\/\/laserway.al\/beard-transplant\/"},"modified":"2024-05-29T13:13:39","modified_gmt":"2024-05-29T13:13:39","slug":"beard-transplant","status":"publish","type":"page","link":"https:\/\/laserway.al\/pl\/services\/beard-transplant\/","title":{"rendered":"Przeszczep zarostu brody"},"content":{"rendered":"\t\t<div data-elementor-type=\"wp-page\" data-elementor-id=\"4521\" class=\"elementor elementor-4521 elementor-480\" data-elementor-post-type=\"page\">\n\t\t\t\t\t\t<section class=\"elementor-section elementor-top-section elementor-element elementor-element-ba5c286 elementor-hidden-widescreen elementor-hidden-desktop elementor-hidden-laptop elementor-hidden-tablet_extra elementor-hidden-tablet elementor-hidden-mobile_extra elementor-hidden-mobile elementor-section-boxed elementor-section-height-default elementor-section-height-default\" data-id=\"ba5c286\" data-element_type=\"section\">\n\t\t\t\t\t\t<div class=\"elementor-container elementor-column-gap-default\">\n\t\t\t\t\t<div class=\"elementor-column elementor-col-100 elementor-top-column elementor-element elementor-element-0e13e25\" data-id=\"0e13e25\" data-element_type=\"column\">\n\t\t\t<div class=\"elementor-widget-wrap elementor-element-populated\">\n\t\t\t\t\t\t<div class=\"elementor-element elementor-element-493ae1f elementor-widget elementor-widget-heading\" data-id=\"493ae1f\" data-element_type=\"widget\" data-widget_type=\"heading.default\">\n\t\t\t\t<div class=\"elementor-widget-container\">\n\t\t\t\t\t<h1 class=\"elementor-heading-title elementor-size-default\">Mbjellja e Mjekrr\u00ebs - Laser Way<\/h1>\t\t\t\t<\/div>\n\t\t\t\t<\/div>\n\t\t\t\t\t<\/div>\n\t\t<\/div>\n\t\t\t\t\t<\/div>\n\t\t<\/section>\n\t\t\t\t<section class=\"elementor-section elementor-top-section elementor-element elementor-element-2297d83 elementor-section-boxed elementor-section-height-default elementor-section-height-default\" data-id=\"2297d83\" data-element_type=\"section\" data-settings=\"{&quot;background_background&quot;:&quot;gradient&quot;}\">\n\t\t\t\t\t\t<div class=\"elementor-container elementor-column-gap-default\">\n\t\t\t\t\t<div class=\"elementor-column elementor-col-100 elementor-top-column elementor-element elementor-element-eae1fb8\" data-id=\"eae1fb8\" data-element_type=\"column\">\n\t\t\t<div class=\"elementor-widget-wrap elementor-element-populated\">\n\t\t\t\t\t\t<div class=\"elementor-element elementor-element-44603c6 elementor-widget elementor-widget-text-editor\" data-id=\"44603c6\" data-element_type=\"widget\" data-widget_type=\"text-editor.default\">\n\t\t\t\t<div class=\"elementor-widget-container\">\n\t\t\t\t\t\t\t\t\t<p>Przeszczep brody to powa\u017cna procedura, kt\u00f3ra skupia si\u0119 na detalach.<\/p>\t\t\t\t\t\t\t\t<\/div>\n\t\t\t\t<\/div>\n\t\t\t\t\t<\/div>\n\t\t<\/div>\n\t\t\t\t\t<\/div>\n\t\t<\/section>\n\t\t\t\t<section class=\"elementor-section elementor-top-section elementor-element elementor-element-4dadc35 elementor-section-boxed elementor-section-height-default elementor-section-height-default\" data-id=\"4dadc35\" data-element_type=\"section\">\n\t\t\t\t\t\t<div class=\"elementor-container elementor-column-gap-default\">\n\t\t\t\t\t<div class=\"elementor-column elementor-col-50 elementor-top-column elementor-element elementor-element-a3daeb6\" data-id=\"a3daeb6\" data-element_type=\"column\">\n\t\t\t<div class=\"elementor-widget-wrap elementor-element-populated\">\n\t\t\t\t\t\t<div class=\"elementor-element elementor-element-edb5720 elementor-widget elementor-widget-heading\" data-id=\"edb5720\" data-element_type=\"widget\" data-widget_type=\"heading.default\">\n\t\t\t\t<div class=\"elementor-widget-container\">\n\t\t\t\t\t<h2 class=\"elementor-heading-title elementor-size-default\">Jak dzia\u0142a przeszczep zarostu brody?<\/h2>\t\t\t\t<\/div>\n\t\t\t\t<\/div>\n\t\t\t\t<div class=\"elementor-element elementor-element-eebffb4 elementor-widget elementor-widget-text-editor\" data-id=\"eebffb4\" data-element_type=\"widget\" data-widget_type=\"text-editor.default\">\n\t\t\t\t<div class=\"elementor-widget-container\">\n\t\t\t\t\t\t\t\t\t<p>Ta procedura trwa od 3 do 6 godzin, w zale\u017cno\u015bci od powierzchni kt\u00f3ra ma by\u0107 pokryta. Wykonywany jest w znieczuleniu miejscowym, podobnie jak przeszczep w\u0142os\u00f3w. Oznacza to, \u017ce b\u00f3l nie b\u0119dzie odczuwalny ani w trakcie, ani po aplikacji.<\/p><p><strong>Niedawno zastosowany zabieg przeszczepu brody daje doskona\u0142e <\/strong><strong>rezultaty.<\/strong><\/p>\t\t\t\t\t\t\t\t<\/div>\n\t\t\t\t<\/div>\n\t\t\t\t<div class=\"elementor-element elementor-element-d78d61a elementor-widget elementor-widget-heading\" data-id=\"d78d61a\" data-element_type=\"widget\" data-widget_type=\"heading.default\">\n\t\t\t\t<div class=\"elementor-widget-container\">\n\t\t\t\t\t<h2 class=\"elementor-heading-title elementor-size-default\">Po przeszczepie zarostu brody<\/h2>\t\t\t\t<\/div>\n\t\t\t\t<\/div>\n\t\t\t\t<div class=\"elementor-element elementor-element-b886970 elementor-widget elementor-widget-text-editor\" data-id=\"b886970\" data-element_type=\"widget\" data-widget_type=\"text-editor.default\">\n\t\t\t\t<div class=\"elementor-widget-container\">\n\t\t\t\t\t\t\t\t\t<p>W pierwszym tygodniu po zabiegu mo\u017cna zaobserwowa\u0107 strupki w okolicy podbr\u00f3dka.<\/p><p>Zalecamy umycie i na\u0142o\u017cenie kremu zalecanego do stosowania przez<br \/>naszych specjalist\u00f3w, w celu zmi\u0119kczenia i zminimalizowania strup\u00f3w.<br \/>Maszynki do golenia nie nale\u017cy u\u017cywa\u0107 przez co najmniej 10 dni, pocz\u0105wszy od pierwszego dnia po zabiegu. Dwa miesi\u0105ce po zabiegu korzenie posadzonych pasm zaczn\u0105 rosn\u0105\u0107.<\/p><p><strong>Ca\u0142y proces trwa oko\u0142o 9 miesi\u0119cy.<\/strong><\/p>\t\t\t\t\t\t\t\t<\/div>\n\t\t\t\t<\/div>\n\t\t\t\t\t<\/div>\n\t\t<\/div>\n\t\t\t\t<div class=\"elementor-column elementor-col-50 elementor-top-column elementor-element elementor-element-dd4cb39\" data-id=\"dd4cb39\" data-element_type=\"column\">\n\t\t\t<div class=\"elementor-widget-wrap elementor-element-populated\">\n\t\t\t\t\t\t<section class=\"elementor-section elementor-inner-section elementor-element elementor-element-924e43b elementor-section-full_width elementor-section-height-default elementor-section-height-default\" data-id=\"924e43b\" data-element_type=\"section\" data-settings=\"{&quot;sticky&quot;:&quot;top&quot;,&quot;sticky_parent&quot;:&quot;yes&quot;,&quot;sticky_on&quot;:[&quot;widescreen&quot;,&quot;desktop&quot;,&quot;laptop&quot;,&quot;tablet_extra&quot;,&quot;tablet&quot;],&quot;sticky_offset&quot;:5,&quot;sticky_effects_offset&quot;:10}\">\n\t\t\t\t\t\t<div class=\"elementor-container elementor-column-gap-default\">\n\t\t\t\t\t<div class=\"elementor-column elementor-col-100 elementor-inner-column elementor-element elementor-element-67376a5\" data-id=\"67376a5\" data-element_type=\"column\">\n\t\t\t<div class=\"elementor-widget-wrap elementor-element-populated\">\n\t\t\t\t\t\t<div class=\"elementor-element elementor-element-d491144 elementor-widget elementor-widget-heading\" data-id=\"d491144\" data-element_type=\"widget\" data-widget_type=\"heading.default\">\n\t\t\t\t<div class=\"elementor-widget-container\">\n\t\t\t\t\t<h2 class=\"elementor-heading-title elementor-size-default\">Czy masz jakie\u015b pytania?\n<\/h2>\t\t\t\t<\/div>\n\t\t\t\t<\/div>\n\t\t\t\t<div class=\"elementor-element elementor-element-d56c02c elementor-widget elementor-widget-text-editor\" data-id=\"d56c02c\" data-element_type=\"widget\" data-widget_type=\"text-editor.default\">\n\t\t\t\t<div class=\"elementor-widget-container\">\n\t\t\t\t\t\t\t\t\t<div class=\"elementor-element elementor-element-a44a911 elementor-widget elementor-widget-text-editor\" data-id=\"a44a911\" data-element_type=\"widget\" data-widget_type=\"text-editor.default\"><div class=\"elementor-widget-container\"><p>Nie znalaz\u0142e\u015b swojego pytania? Wszelkie pytania dotycz\u0105ce przeszczepiania w\u0142os\u00f3w, mo\u017cesz zada\u0107 bezpo\u015brednio <a href=\"https:\/\/laserway.al\/pl\/kontakt\/\">klinice Laser Way<\/a>!<\/p><\/div><\/div>\t\t\t\t\t\t\t\t<\/div>\n\t\t\t\t<\/div>\n\t\t\t\t<div class=\"elementor-element elementor-element-a5a6e54 elementor-align-center elementor-widget elementor-widget-button\" data-id=\"a5a6e54\" data-element_type=\"widget\" data-widget_type=\"button.default\">\n\t\t\t\t<div class=\"elementor-widget-container\">\n\t\t\t\t\t\t\t\t\t<div class=\"elementor-button-wrapper\">\n\t\t\t\t\t<a class=\"elementor-button elementor-button-link elementor-size-sm elementor-animation-shrink\" href=\"https:\/\/wa.me\/355682081816\" target=\"_blank\" rel=\"nofollow\" >\n\t\t\t\t\t\t<span class=\"elementor-button-content-wrapper\">\n\t\t\t\t\t\t<span class=\"elementor-button-icon\">\n\t\t\t\t<i aria-hidden=\"true\" class=\"fab fa-whatsapp\"><\/i>\t\t\t<\/span>\n\t\t\t\t\t\t\t\t\t<span class=\"elementor-button-text\">Kontakt<\/span>\n\t\t\t\t\t<\/span>\n\t\t\t\t\t<\/a>\n\t\t\t\t<\/div>\n\t\t\t\t\t\t\t\t<\/div>\n\t\t\t\t<\/div>\n\t\t\t\t\t<\/div>\n\t\t<\/div>\n\t\t\t\t\t<\/div>\n\t\t<\/section>\n\t\t\t\t\t<\/div>\n\t\t<\/div>\n\t\t\t\t\t<\/div>\n\t\t<\/section>\n\t\t\t\t<\/div>\n\t\t","protected":false},"excerpt":{"rendered":"<p>Mbjellja e Mjekrr\u00ebs &#8211; Laser Way Przeszczep brody to powa\u017cna procedura, kt\u00f3ra skupia si\u0119 na detalach. Jak dzia\u0142a przeszczep zarostu brody? Ta procedura trwa od 3 do 6 godzin, w zale\u017cno\u015bci od powierzchni kt\u00f3ra ma by\u0107 pokryta. Wykonywany jest w znieczuleniu miejscowym, podobnie jak przeszczep w\u0142os\u00f3w. Oznacza to, \u017ce b\u00f3l nie b\u0119dzie odczuwalny ani w [&hellip;]<\/p>\n","protected":false},"author":1,"featured_media":0,"parent":4618,"menu_order":0,"comment_status":"closed","ping_status":"closed","template":"elementor_header_footer","meta":{"footnotes":""},"class_list":["post-4521","page","type-page","status-publish","hentry"],"yoast_head":"<!-- This site is optimized with the Yoast SEO Premium plugin v20.13 (Yoast SEO v26.9) - https:\/\/yoast.com\/product\/yoast-seo-premium-wordpress\/ -->\n<title>Przeszczep zarostu brody - Laser Way<\/title>\n<meta name=\"robots\" content=\"index, follow, max-snippet:-1, max-image-preview:large, max-video-preview:-1\" \/>\n<link rel=\"canonical\" href=\"https:\/\/laserway.al\/pl\/services\/beard-transplant\/\" \/>\n<meta property=\"og:locale\" content=\"pl_PL\" \/>\n<meta property=\"og:type\" content=\"article\" \/>\n<meta property=\"og:title\" content=\"Przeszczep zarostu brody\" \/>\n<meta property=\"og:description\" content=\"Mbjellja e Mjekrr\u00ebs &#8211; Laser Way Przeszczep brody to powa\u017cna procedura, kt\u00f3ra skupia si\u0119 na detalach. Jak dzia\u0142a przeszczep zarostu brody? Ta procedura trwa od 3 do 6 godzin, w zale\u017cno\u015bci od powierzchni kt\u00f3ra ma by\u0107 pokryta. Wykonywany jest w znieczuleniu miejscowym, podobnie jak przeszczep w\u0142os\u00f3w. Oznacza to, \u017ce b\u00f3l nie b\u0119dzie odczuwalny ani w [&hellip;]\" \/>\n<meta property=\"og:url\" content=\"https:\/\/laserway.al\/pl\/services\/beard-transplant\/\" \/>\n<meta property=\"og:site_name\" content=\"Laser Way\" \/>\n<meta property=\"article:modified_time\" content=\"2024-05-29T13:13:39+00:00\" \/>\n<meta name=\"twitter:card\" content=\"summary_large_image\" \/>\n<meta name=\"twitter:label1\" content=\"Szacowany czas czytania\" \/>\n\t<meta name=\"twitter:data1\" content=\"2 minuty\" \/>\n<script type=\"application\/ld+json\" class=\"yoast-schema-graph\">{\"@context\":\"https:\/\/schema.org\",\"@graph\":[{\"@type\":\"WebPage\",\"@id\":\"https:\/\/laserway.al\/pl\/services\/beard-transplant\/\",\"url\":\"https:\/\/laserway.al\/pl\/services\/beard-transplant\/\",\"name\":\"Przeszczep zarostu brody - Laser Way\",\"isPartOf\":{\"@id\":\"https:\/\/laserway.al\/pl\/#website\"},\"datePublished\":\"2022-10-18T12:36:47+00:00\",\"dateModified\":\"2024-05-29T13:13:39+00:00\",\"breadcrumb\":{\"@id\":\"https:\/\/laserway.al\/pl\/services\/beard-transplant\/#breadcrumb\"},\"inLanguage\":\"pl-PL\",\"potentialAction\":[{\"@type\":\"ReadAction\",\"target\":[\"https:\/\/laserway.al\/pl\/services\/beard-transplant\/\"]}]},{\"@type\":\"BreadcrumbList\",\"@id\":\"https:\/\/laserway.al\/pl\/services\/beard-transplant\/#breadcrumb\",\"itemListElement\":[{\"@type\":\"ListItem\",\"position\":1,\"name\":\"Home\",\"item\":\"https:\/\/laserway.al\/pl\/\"},{\"@type\":\"ListItem\",\"position\":2,\"name\":\"Praca\",\"item\":\"https:\/\/laserway.al\/pl\/services\/\"},{\"@type\":\"ListItem\",\"position\":3,\"name\":\"Przeszczep zarostu brody\"}]},{\"@type\":\"WebSite\",\"@id\":\"https:\/\/laserway.al\/pl\/#website\",\"url\":\"https:\/\/laserway.al\/pl\/\",\"name\":\"Laser Way\",\"description\":\"Klinika Laser Way - Hair Transplant Center\",\"publisher\":{\"@id\":\"https:\/\/laserway.al\/pl\/#organization\"},\"potentialAction\":[{\"@type\":\"SearchAction\",\"target\":{\"@type\":\"EntryPoint\",\"urlTemplate\":\"https:\/\/laserway.al\/pl\/?s={search_term_string}\"},\"query-input\":{\"@type\":\"PropertyValueSpecification\",\"valueRequired\":true,\"valueName\":\"search_term_string\"}}],\"inLanguage\":\"pl-PL\"},{\"@type\":\"Organization\",\"@id\":\"https:\/\/laserway.al\/pl\/#organization\",\"name\":\"Laser Way\",\"url\":\"https:\/\/laserway.al\/pl\/\",\"logo\":{\"@type\":\"ImageObject\",\"inLanguage\":\"pl-PL\",\"@id\":\"https:\/\/laserway.al\/pl\/#\/schema\/logo\/image\/\",\"url\":\"https:\/\/laserway.al\/wp-content\/uploads\/2022\/08\/laser-way-logo.png\",\"contentUrl\":\"https:\/\/laserway.al\/wp-content\/uploads\/2022\/08\/laser-way-logo.png\",\"width\":650,\"height\":572,\"caption\":\"Laser Way\"},\"image\":{\"@id\":\"https:\/\/laserway.al\/pl\/#\/schema\/logo\/image\/\"}}]}<\/script>\n<!-- \/ Yoast SEO Premium plugin. -->","yoast_head_json":{"title":"Przeszczep zarostu brody - Laser Way","robots":{"index":"index","follow":"follow","max-snippet":"max-snippet:-1","max-image-preview":"max-image-preview:large","max-video-preview":"max-video-preview:-1"},"canonical":"https:\/\/laserway.al\/pl\/services\/beard-transplant\/","og_locale":"pl_PL","og_type":"article","og_title":"Przeszczep zarostu brody","og_description":"Mbjellja e Mjekrr\u00ebs &#8211; Laser Way Przeszczep brody to powa\u017cna procedura, kt\u00f3ra skupia si\u0119 na detalach. Jak dzia\u0142a przeszczep zarostu brody? Ta procedura trwa od 3 do 6 godzin, w zale\u017cno\u015bci od powierzchni kt\u00f3ra ma by\u0107 pokryta. Wykonywany jest w znieczuleniu miejscowym, podobnie jak przeszczep w\u0142os\u00f3w. Oznacza to, \u017ce b\u00f3l nie b\u0119dzie odczuwalny ani w [&hellip;]","og_url":"https:\/\/laserway.al\/pl\/services\/beard-transplant\/","og_site_name":"Laser Way","article_modified_time":"2024-05-29T13:13:39+00:00","twitter_card":"summary_large_image","twitter_misc":{"Szacowany czas czytania":"2 minuty"},"schema":{"@context":"https:\/\/schema.org","@graph":[{"@type":"WebPage","@id":"https:\/\/laserway.al\/pl\/services\/beard-transplant\/","url":"https:\/\/laserway.al\/pl\/services\/beard-transplant\/","name":"Przeszczep zarostu brody - Laser Way","isPartOf":{"@id":"https:\/\/laserway.al\/pl\/#website"},"datePublished":"2022-10-18T12:36:47+00:00","dateModified":"2024-05-29T13:13:39+00:00","breadcrumb":{"@id":"https:\/\/laserway.al\/pl\/services\/beard-transplant\/#breadcrumb"},"inLanguage":"pl-PL","potentialAction":[{"@type":"ReadAction","target":["https:\/\/laserway.al\/pl\/services\/beard-transplant\/"]}]},{"@type":"BreadcrumbList","@id":"https:\/\/laserway.al\/pl\/services\/beard-transplant\/#breadcrumb","itemListElement":[{"@type":"ListItem","position":1,"name":"Home","item":"https:\/\/laserway.al\/pl\/"},{"@type":"ListItem","position":2,"name":"Praca","item":"https:\/\/laserway.al\/pl\/services\/"},{"@type":"ListItem","position":3,"name":"Przeszczep zarostu brody"}]},{"@type":"WebSite","@id":"https:\/\/laserway.al\/pl\/#website","url":"https:\/\/laserway.al\/pl\/","name":"Laser Way","description":"Klinika Laser Way - Hair Transplant Center","publisher":{"@id":"https:\/\/laserway.al\/pl\/#organization"},"potentialAction":[{"@type":"SearchAction","target":{"@type":"EntryPoint","urlTemplate":"https:\/\/laserway.al\/pl\/?s={search_term_string}"},"query-input":{"@type":"PropertyValueSpecification","valueRequired":true,"valueName":"search_term_string"}}],"inLanguage":"pl-PL"},{"@type":"Organization","@id":"https:\/\/laserway.al\/pl\/#organization","name":"Laser Way","url":"https:\/\/laserway.al\/pl\/","logo":{"@type":"ImageObject","inLanguage":"pl-PL","@id":"https:\/\/laserway.al\/pl\/#\/schema\/logo\/image\/","url":"https:\/\/laserway.al\/wp-content\/uploads\/2022\/08\/laser-way-logo.png","contentUrl":"https:\/\/laserway.al\/wp-content\/uploads\/2022\/08\/laser-way-logo.png","width":650,"height":572,"caption":"Laser Way"},"image":{"@id":"https:\/\/laserway.al\/pl\/#\/schema\/logo\/image\/"}}]}},"_links":{"self":[{"href":"https:\/\/laserway.al\/pl\/wp-json\/wp\/v2\/pages\/4521","targetHints":{"allow":["GET"]}}],"collection":[{"href":"https:\/\/laserway.al\/pl\/wp-json\/wp\/v2\/pages"}],"about":[{"href":"https:\/\/laserway.al\/pl\/wp-json\/wp\/v2\/types\/page"}],"author":[{"embeddable":true,"href":"https:\/\/laserway.al\/pl\/wp-json\/wp\/v2\/users\/1"}],"replies":[{"embeddable":true,"href":"https:\/\/laserway.al\/pl\/wp-json\/wp\/v2\/comments?post=4521"}],"version-history":[{"count":0,"href":"https:\/\/laserway.al\/pl\/wp-json\/wp\/v2\/pages\/4521\/revisions"}],"up":[{"embeddable":true,"href":"https:\/\/laserway.al\/pl\/wp-json\/wp\/v2\/pages\/4618"}],"wp:attachment":[{"href":"https:\/\/laserway.al\/pl\/wp-json\/wp\/v2\/media?parent=4521"}],"curies":[{"name":"wp","href":"https:\/\/api.w.org\/{rel}","templated":true}]}}