{"id":4512,"date":"2022-10-18T12:34:57","date_gmt":"2022-10-18T12:34:57","guid":{"rendered":"https:\/\/laserway.al\/female-hair-transplant\/"},"modified":"2024-04-09T10:11:40","modified_gmt":"2024-04-09T10:11:40","slug":"female-hair-transplant","status":"publish","type":"page","link":"https:\/\/laserway.al\/pl\/services\/female-hair-transplant\/","title":{"rendered":"Przeszczep w\u0142os\u00f3w u kobiet"},"content":{"rendered":"\t\t<div data-elementor-type=\"wp-page\" data-elementor-id=\"4512\" class=\"elementor elementor-4512 elementor-462\" data-elementor-post-type=\"page\">\n\t\t\t\t\t\t<section class=\"elementor-section elementor-top-section elementor-element elementor-element-fa781a3 elementor-hidden-widescreen elementor-hidden-desktop elementor-hidden-laptop elementor-hidden-tablet_extra elementor-hidden-tablet elementor-hidden-mobile_extra elementor-hidden-mobile elementor-section-boxed elementor-section-height-default elementor-section-height-default\" data-id=\"fa781a3\" data-element_type=\"section\">\n\t\t\t\t\t\t<div class=\"elementor-container elementor-column-gap-default\">\n\t\t\t\t\t<div class=\"elementor-column elementor-col-100 elementor-top-column elementor-element elementor-element-e93a0c3\" data-id=\"e93a0c3\" data-element_type=\"column\">\n\t\t\t<div class=\"elementor-widget-wrap elementor-element-populated\">\n\t\t\t\t\t\t<div class=\"elementor-element elementor-element-8f71f13 elementor-widget elementor-widget-heading\" data-id=\"8f71f13\" data-element_type=\"widget\" data-widget_type=\"heading.default\">\n\t\t\t\t<div class=\"elementor-widget-container\">\n\t\t\t\t\t<h1 class=\"elementor-heading-title elementor-size-default\">Mbjellja e flok\u00ebve tek Femrat - Laser Way<\/h1>\t\t\t\t<\/div>\n\t\t\t\t<\/div>\n\t\t\t\t\t<\/div>\n\t\t<\/div>\n\t\t\t\t\t<\/div>\n\t\t<\/section>\n\t\t\t\t<section class=\"elementor-section elementor-top-section elementor-element elementor-element-bc1e5bc elementor-section-boxed elementor-section-height-default elementor-section-height-default\" data-id=\"bc1e5bc\" data-element_type=\"section\" data-settings=\"{&quot;background_background&quot;:&quot;gradient&quot;}\">\n\t\t\t\t\t\t<div class=\"elementor-container elementor-column-gap-default\">\n\t\t\t\t\t<div class=\"elementor-column elementor-col-100 elementor-top-column elementor-element elementor-element-0f77717\" data-id=\"0f77717\" data-element_type=\"column\">\n\t\t\t<div class=\"elementor-widget-wrap elementor-element-populated\">\n\t\t\t\t\t\t<div class=\"elementor-element elementor-element-ea9d51d elementor-widget elementor-widget-text-editor\" data-id=\"ea9d51d\" data-element_type=\"widget\" data-widget_type=\"text-editor.default\">\n\t\t\t\t<div class=\"elementor-widget-container\">\n\t\t\t\t\t\t\t\t\t<p>Przeszczep w\u0142os\u00f3w to skuteczna metoda leczenia, kt\u00f3ra ma pozytywny wp\u0142yw na osoby cierpi\u0105ce na wypadanie w\u0142os\u00f3w; wp\u0142ywaj\u0105c na ka\u017cdy aspekt ich \u017cycia. Chocia\u017c wi\u0119kszo\u015b\u0107 pacjent\u00f3w po przeszczepie w\u0142os\u00f3w to nadal m\u0119\u017cczy\u017ani, du\u017cy odsetek kobiet r\u00f3wnie\u017c zacz\u0105\u0142 szuka\u0107 przeszczep\u00f3w w\u0142os\u00f3w, aby poradzi\u0107 sobie z wypadaniem w\u0142os\u00f3w.<\/p>\t\t\t\t\t\t\t\t<\/div>\n\t\t\t\t<\/div>\n\t\t\t\t\t<\/div>\n\t\t<\/div>\n\t\t\t\t\t<\/div>\n\t\t<\/section>\n\t\t\t\t<section class=\"elementor-section elementor-top-section elementor-element elementor-element-6c9100a elementor-section-boxed elementor-section-height-default elementor-section-height-default\" data-id=\"6c9100a\" data-element_type=\"section\">\n\t\t\t\t\t\t<div class=\"elementor-container elementor-column-gap-default\">\n\t\t\t\t\t<div class=\"elementor-column elementor-col-50 elementor-top-column elementor-element elementor-element-153b5b7\" data-id=\"153b5b7\" data-element_type=\"column\">\n\t\t\t<div class=\"elementor-widget-wrap elementor-element-populated\">\n\t\t\t\t\t\t<div class=\"elementor-element elementor-element-6bd4782 elementor-widget elementor-widget-heading\" data-id=\"6bd4782\" data-element_type=\"widget\" data-widget_type=\"heading.default\">\n\t\t\t\t<div class=\"elementor-widget-container\">\n\t\t\t\t\t<h2 class=\"elementor-heading-title elementor-size-default\">Przyczyny wypadania w\u0142os\u00f3w u kobiet<\/h2>\t\t\t\t<\/div>\n\t\t\t\t<\/div>\n\t\t\t\t<div class=\"elementor-element elementor-element-f8e6650 elementor-widget elementor-widget-text-editor\" data-id=\"f8e6650\" data-element_type=\"widget\" data-widget_type=\"text-editor.default\">\n\t\t\t\t<div class=\"elementor-widget-container\">\n\t\t\t\t\t\t\t\t\t<p>\u0141ysienie typu \u017ce\u0144skiego, znane r\u00f3wnie\u017c jako \u0142ysienie androgenowe, jest<br \/>najcz\u0119stsz\u0105 przyczyn\u0105 wypadania w\u0142os\u00f3w u kobiet.<\/p><p>Inne mo\u017cliwe przyczyny wypadania w\u0142os\u00f3w u kobiet to:<\/p><ul><li>Istnieje genetyczna predyspozycja do wypadania w\u0142os\u00f3w<\/li><li>Choroby autoimmunologiczne<\/li><li>Zmiana poziomu hormon\u00f3w<\/li><li>Leczenie<\/li><li>Menopauza<\/li><li>Ci\u0105\u017ca<\/li><li>Nadmierny stres<\/li><li>Przyspieszona dieta \/ szybka utrata wagi<\/li><li>Niedob\u00f3r \u017celaza<\/li><\/ul><p>Nasz\u0105 analiz\u0119 mo\u017cemy rozpocz\u0105\u0107 od przyjrzenia si\u0119 najcz\u0119stszemu schorzeniu, jakim jest wypadanie w\u0142os\u00f3w; \u0141ysienie androgenowe.<\/p>\t\t\t\t\t\t\t\t<\/div>\n\t\t\t\t<\/div>\n\t\t\t\t<div class=\"elementor-element elementor-element-7723ddc elementor-widget elementor-widget-heading\" data-id=\"7723ddc\" data-element_type=\"widget\" data-widget_type=\"heading.default\">\n\t\t\t\t<div class=\"elementor-widget-container\">\n\t\t\t\t\t<h2 class=\"elementor-heading-title elementor-size-default\">\u0141ysienie androgenowe.<\/h2>\t\t\t\t<\/div>\n\t\t\t\t<\/div>\n\t\t\t\t<div class=\"elementor-element elementor-element-94b8fa3 elementor-widget elementor-widget-text-editor\" data-id=\"94b8fa3\" data-element_type=\"widget\" data-widget_type=\"text-editor.default\">\n\t\t\t\t<div class=\"elementor-widget-container\">\n\t\t\t\t\t\t\t\t\t<p>Zmiany mieszkowe powoduj\u0105ce \u0142ysienie androgenowe s\u0105 podobne u<br \/>m\u0119\u017cczyzn i kobiet.<\/p><p>Wypadanie w\u0142os\u00f3w u m\u0119\u017cczyzn charakteryzuje si\u0119 na og\u00f3\u0142 cofaj\u0105c\u0105 si\u0119 lini\u0105 w\u0142os\u00f3w (obszar czo\u0142owy), wp\u0142ywaj\u0105c\u0105 na skronie (obszar skroniowy)<br \/>i obszar korony (obszar pionowy). Z drugiej strony kobiety na og\u00f3\u0142 cz\u0119\u015bciej trac\u0105 w\u0142osy na czubku g\u0142owy. Bardzo rzadko zdarza si\u0119, aby kobiety do\u015bwiadczy\u0142y ca\u0142kowitej utraty w\u0142os\u00f3w.<\/p><p>Wypadanie w\u0142os\u00f3w u kobiet charakteryzuje si\u0119 g\u0142\u00f3wnie og\u00f3lnym przerzedzeniem, kt\u00f3re wyst\u0119puje na ca\u0142ej sk\u00f3rze g\u0142owy lub jest zlokalizowane; wp\u0142ywaj\u0105ce tylko na okre\u015blone obszary g\u0142owy.<\/p><p>\u0141ysienie androgenowe u kobiet mo\u017ce objawia\u0107 si\u0119 3 r\u00f3\u017cnymi wzorcami wypadania w\u0142os\u00f3w:<\/p><p><strong>Rozporoszonym (post\u0119puj\u0105cym)<\/strong><\/p><p><strong>Miejscowe (trwa\u0142e)<\/strong><\/p><p><strong>Schematyczny (model m\u0119ski)<\/strong><\/p><ol><li><strong>Rozproszone (post\u0119puj\u0105ce):<\/strong> ten stan wypadania w\u0142os\u00f3w<br \/>charakteryzuje si\u0119 rozproszonym przerzedzeniem w okolicy<br \/>w\u0142os\u00f3w, kt\u00f3re mo\u017ce rozci\u0105ga\u0107 si\u0119 na ca\u0142\u0105 sk\u00f3r\u0119 g\u0142owy, zachowuj\u0105c<br \/>przedni\u0105 lini\u0119 w\u0142os\u00f3w.<\/li><\/ol><ol start=\"2\"><li><strong>Miejscowe (trwa\u0142e):<\/strong> Ten rodzaj wypadania w\u0142os\u00f3w charakteryzuje<br \/>si\u0119 dwuskroniow\u0105 recesj\u0105 \u015brodkowej cz\u0119\u015bci w \u015brodku sk\u00f3ry g\u0142owy<br \/>bez rozleg\u0142ego przerzedzenia.<\/li><\/ol><ol start=\"3\"><li><strong>Schematyczny (wz\u00f3r m\u0119ski):<\/strong> Schematyczne wypadanie w\u0142os\u00f3w<br \/>charakteryzuje si\u0119 dwuskroniow\u0105 recesj\u0105 skroni, powoduj\u0105c\u0105<br \/>cofni\u0119cie si\u0119 czo\u0142owej linii w\u0142os\u00f3w.<\/li><\/ol>\t\t\t\t\t\t\t\t<\/div>\n\t\t\t\t<\/div>\n\t\t\t\t<div class=\"elementor-element elementor-element-a54e008 elementor-widget elementor-widget-heading\" data-id=\"a54e008\" data-element_type=\"widget\" data-widget_type=\"heading.default\">\n\t\t\t\t<div class=\"elementor-widget-container\">\n\t\t\t\t\t<h2 class=\"elementor-heading-title elementor-size-default\">Sposoby zapobiegania wypadaniu w\u0142os\u00f3w u kobiet<\/h2>\t\t\t\t<\/div>\n\t\t\t\t<\/div>\n\t\t\t\t<div class=\"elementor-element elementor-element-e8d22bb elementor-widget elementor-widget-text-editor\" data-id=\"e8d22bb\" data-element_type=\"widget\" data-widget_type=\"text-editor.default\">\n\t\t\t\t<div class=\"elementor-widget-container\">\n\t\t\t\t\t\t\t\t\t<p>Zapobieganie wypadaniu w\u0142os\u00f3w mo\u017ce by\u0107 mo\u017cliwe dzi\u0119ki zabiegom medycznym i samoopiece, a tak\u017ce utrzymaniu zdrowej diety.<\/p>\t\t\t\t\t\t\t\t<\/div>\n\t\t\t\t<\/div>\n\t\t\t\t\t<\/div>\n\t\t<\/div>\n\t\t\t\t<div class=\"elementor-column elementor-col-50 elementor-top-column elementor-element elementor-element-ce0dae2\" data-id=\"ce0dae2\" data-element_type=\"column\">\n\t\t\t<div class=\"elementor-widget-wrap elementor-element-populated\">\n\t\t\t\t\t\t<section class=\"elementor-section elementor-inner-section elementor-element elementor-element-6a391b4 elementor-section-full_width elementor-section-height-default elementor-section-height-default\" data-id=\"6a391b4\" data-element_type=\"section\" data-settings=\"{&quot;sticky&quot;:&quot;top&quot;,&quot;sticky_parent&quot;:&quot;yes&quot;,&quot;sticky_on&quot;:[&quot;widescreen&quot;,&quot;desktop&quot;,&quot;laptop&quot;,&quot;tablet_extra&quot;,&quot;tablet&quot;],&quot;sticky_offset&quot;:5,&quot;sticky_effects_offset&quot;:10}\">\n\t\t\t\t\t\t<div class=\"elementor-container elementor-column-gap-default\">\n\t\t\t\t\t<div class=\"elementor-column elementor-col-100 elementor-inner-column elementor-element elementor-element-1f2e0f7\" data-id=\"1f2e0f7\" data-element_type=\"column\">\n\t\t\t<div class=\"elementor-widget-wrap elementor-element-populated\">\n\t\t\t\t\t\t<div class=\"elementor-element elementor-element-626b0c2 elementor-widget elementor-widget-heading\" data-id=\"626b0c2\" data-element_type=\"widget\" data-widget_type=\"heading.default\">\n\t\t\t\t<div class=\"elementor-widget-container\">\n\t\t\t\t\t<h2 class=\"elementor-heading-title elementor-size-default\">Czy masz jakie\u015b pytania?\n<\/h2>\t\t\t\t<\/div>\n\t\t\t\t<\/div>\n\t\t\t\t<div class=\"elementor-element elementor-element-53a72e5 elementor-widget elementor-widget-text-editor\" data-id=\"53a72e5\" data-element_type=\"widget\" data-widget_type=\"text-editor.default\">\n\t\t\t\t<div class=\"elementor-widget-container\">\n\t\t\t\t\t\t\t\t\t<div class=\"elementor-element elementor-element-a44a911 elementor-widget elementor-widget-text-editor\" data-id=\"a44a911\" data-element_type=\"widget\" data-widget_type=\"text-editor.default\"><div class=\"elementor-widget-container\"><p>Nie znalaz\u0142e\u015b swojego pytania? Wszelkie pytania dotycz\u0105ce przeszczepiania w\u0142os\u00f3w, mo\u017cesz zada\u0107 bezpo\u015brednio klinice Laser Way!<\/p><\/div><\/div>\t\t\t\t\t\t\t\t<\/div>\n\t\t\t\t<\/div>\n\t\t\t\t<div class=\"elementor-element elementor-element-3d228e1 elementor-align-center elementor-widget elementor-widget-button\" data-id=\"3d228e1\" data-element_type=\"widget\" data-widget_type=\"button.default\">\n\t\t\t\t<div class=\"elementor-widget-container\">\n\t\t\t\t\t\t\t\t\t<div class=\"elementor-button-wrapper\">\n\t\t\t\t\t<a class=\"elementor-button elementor-button-link elementor-size-sm elementor-animation-shrink\" href=\"https:\/\/wa.me\/355682081816\" target=\"_blank\" rel=\"nofollow\" >\n\t\t\t\t\t\t<span class=\"elementor-button-content-wrapper\">\n\t\t\t\t\t\t<span class=\"elementor-button-icon\">\n\t\t\t\t<i aria-hidden=\"true\" class=\"fab fa-whatsapp\"><\/i>\t\t\t<\/span>\n\t\t\t\t\t\t\t\t\t<span class=\"elementor-button-text\">Kontakt<\/span>\n\t\t\t\t\t<\/span>\n\t\t\t\t\t<\/a>\n\t\t\t\t<\/div>\n\t\t\t\t\t\t\t\t<\/div>\n\t\t\t\t<\/div>\n\t\t\t\t\t<\/div>\n\t\t<\/div>\n\t\t\t\t\t<\/div>\n\t\t<\/section>\n\t\t\t\t\t<\/div>\n\t\t<\/div>\n\t\t\t\t\t<\/div>\n\t\t<\/section>\n\t\t\t\t<\/div>\n\t\t","protected":false},"excerpt":{"rendered":"<p>Mbjellja e flok\u00ebve tek Femrat &#8211; Laser Way Przeszczep w\u0142os\u00f3w to skuteczna metoda leczenia, kt\u00f3ra ma pozytywny wp\u0142yw na osoby cierpi\u0105ce na wypadanie w\u0142os\u00f3w; wp\u0142ywaj\u0105c na ka\u017cdy aspekt ich \u017cycia. Chocia\u017c wi\u0119kszo\u015b\u0107 pacjent\u00f3w po przeszczepie w\u0142os\u00f3w to nadal m\u0119\u017cczy\u017ani, du\u017cy odsetek kobiet r\u00f3wnie\u017c zacz\u0105\u0142 szuka\u0107 przeszczep\u00f3w w\u0142os\u00f3w, aby poradzi\u0107 sobie z wypadaniem w\u0142os\u00f3w. Przyczyny wypadania [&hellip;]<\/p>\n","protected":false},"author":1,"featured_media":0,"parent":4618,"menu_order":0,"comment_status":"closed","ping_status":"closed","template":"elementor_header_footer","meta":{"footnotes":""},"class_list":["post-4512","page","type-page","status-publish","hentry"],"yoast_head":"<!-- This site is optimized with the Yoast SEO Premium plugin v20.13 (Yoast SEO v26.9) - https:\/\/yoast.com\/product\/yoast-seo-premium-wordpress\/ -->\n<title>Przeszczep w\u0142os\u00f3w u kobiet - Laser Way<\/title>\n<meta name=\"robots\" content=\"index, follow, max-snippet:-1, max-image-preview:large, max-video-preview:-1\" \/>\n<link rel=\"canonical\" href=\"https:\/\/laserway.al\/pl\/services\/female-hair-transplant\/\" \/>\n<meta property=\"og:locale\" content=\"pl_PL\" \/>\n<meta property=\"og:type\" content=\"article\" \/>\n<meta property=\"og:title\" content=\"Przeszczep w\u0142os\u00f3w u kobiet\" \/>\n<meta property=\"og:description\" content=\"Mbjellja e flok\u00ebve tek Femrat &#8211; Laser Way Przeszczep w\u0142os\u00f3w to skuteczna metoda leczenia, kt\u00f3ra ma pozytywny wp\u0142yw na osoby cierpi\u0105ce na wypadanie w\u0142os\u00f3w; wp\u0142ywaj\u0105c na ka\u017cdy aspekt ich \u017cycia. Chocia\u017c wi\u0119kszo\u015b\u0107 pacjent\u00f3w po przeszczepie w\u0142os\u00f3w to nadal m\u0119\u017cczy\u017ani, du\u017cy odsetek kobiet r\u00f3wnie\u017c zacz\u0105\u0142 szuka\u0107 przeszczep\u00f3w w\u0142os\u00f3w, aby poradzi\u0107 sobie z wypadaniem w\u0142os\u00f3w. Przyczyny wypadania [&hellip;]\" \/>\n<meta property=\"og:url\" content=\"https:\/\/laserway.al\/pl\/services\/female-hair-transplant\/\" \/>\n<meta property=\"og:site_name\" content=\"Laser Way\" \/>\n<meta property=\"article:modified_time\" content=\"2024-04-09T10:11:40+00:00\" \/>\n<meta name=\"twitter:card\" content=\"summary_large_image\" \/>\n<meta name=\"twitter:label1\" content=\"Szacowany czas czytania\" \/>\n\t<meta name=\"twitter:data1\" content=\"3 minuty\" \/>\n<script type=\"application\/ld+json\" class=\"yoast-schema-graph\">{\"@context\":\"https:\/\/schema.org\",\"@graph\":[{\"@type\":\"WebPage\",\"@id\":\"https:\/\/laserway.al\/pl\/services\/female-hair-transplant\/\",\"url\":\"https:\/\/laserway.al\/pl\/services\/female-hair-transplant\/\",\"name\":\"Przeszczep w\u0142os\u00f3w u kobiet - Laser Way\",\"isPartOf\":{\"@id\":\"https:\/\/laserway.al\/pl\/#website\"},\"datePublished\":\"2022-10-18T12:34:57+00:00\",\"dateModified\":\"2024-04-09T10:11:40+00:00\",\"breadcrumb\":{\"@id\":\"https:\/\/laserway.al\/pl\/services\/female-hair-transplant\/#breadcrumb\"},\"inLanguage\":\"pl-PL\",\"potentialAction\":[{\"@type\":\"ReadAction\",\"target\":[\"https:\/\/laserway.al\/pl\/services\/female-hair-transplant\/\"]}]},{\"@type\":\"BreadcrumbList\",\"@id\":\"https:\/\/laserway.al\/pl\/services\/female-hair-transplant\/#breadcrumb\",\"itemListElement\":[{\"@type\":\"ListItem\",\"position\":1,\"name\":\"Home\",\"item\":\"https:\/\/laserway.al\/pl\/\"},{\"@type\":\"ListItem\",\"position\":2,\"name\":\"Przeszczep w\u0142os\u00f3w u kobiet\"}]},{\"@type\":\"WebSite\",\"@id\":\"https:\/\/laserway.al\/pl\/#website\",\"url\":\"https:\/\/laserway.al\/pl\/\",\"name\":\"Laser Way\",\"description\":\"Klinika Laser Way - Hair Transplant Center\",\"publisher\":{\"@id\":\"https:\/\/laserway.al\/pl\/#organization\"},\"potentialAction\":[{\"@type\":\"SearchAction\",\"target\":{\"@type\":\"EntryPoint\",\"urlTemplate\":\"https:\/\/laserway.al\/pl\/?s={search_term_string}\"},\"query-input\":{\"@type\":\"PropertyValueSpecification\",\"valueRequired\":true,\"valueName\":\"search_term_string\"}}],\"inLanguage\":\"pl-PL\"},{\"@type\":\"Organization\",\"@id\":\"https:\/\/laserway.al\/pl\/#organization\",\"name\":\"Laser Way\",\"url\":\"https:\/\/laserway.al\/pl\/\",\"logo\":{\"@type\":\"ImageObject\",\"inLanguage\":\"pl-PL\",\"@id\":\"https:\/\/laserway.al\/pl\/#\/schema\/logo\/image\/\",\"url\":\"https:\/\/laserway.al\/wp-content\/uploads\/2022\/08\/laser-way-logo.png\",\"contentUrl\":\"https:\/\/laserway.al\/wp-content\/uploads\/2022\/08\/laser-way-logo.png\",\"width\":650,\"height\":572,\"caption\":\"Laser Way\"},\"image\":{\"@id\":\"https:\/\/laserway.al\/pl\/#\/schema\/logo\/image\/\"}}]}<\/script>\n<!-- \/ Yoast SEO Premium plugin. -->","yoast_head_json":{"title":"Przeszczep w\u0142os\u00f3w u kobiet - Laser Way","robots":{"index":"index","follow":"follow","max-snippet":"max-snippet:-1","max-image-preview":"max-image-preview:large","max-video-preview":"max-video-preview:-1"},"canonical":"https:\/\/laserway.al\/pl\/services\/female-hair-transplant\/","og_locale":"pl_PL","og_type":"article","og_title":"Przeszczep w\u0142os\u00f3w u kobiet","og_description":"Mbjellja e flok\u00ebve tek Femrat &#8211; Laser Way Przeszczep w\u0142os\u00f3w to skuteczna metoda leczenia, kt\u00f3ra ma pozytywny wp\u0142yw na osoby cierpi\u0105ce na wypadanie w\u0142os\u00f3w; wp\u0142ywaj\u0105c na ka\u017cdy aspekt ich \u017cycia. Chocia\u017c wi\u0119kszo\u015b\u0107 pacjent\u00f3w po przeszczepie w\u0142os\u00f3w to nadal m\u0119\u017cczy\u017ani, du\u017cy odsetek kobiet r\u00f3wnie\u017c zacz\u0105\u0142 szuka\u0107 przeszczep\u00f3w w\u0142os\u00f3w, aby poradzi\u0107 sobie z wypadaniem w\u0142os\u00f3w. Przyczyny wypadania [&hellip;]","og_url":"https:\/\/laserway.al\/pl\/services\/female-hair-transplant\/","og_site_name":"Laser Way","article_modified_time":"2024-04-09T10:11:40+00:00","twitter_card":"summary_large_image","twitter_misc":{"Szacowany czas czytania":"3 minuty"},"schema":{"@context":"https:\/\/schema.org","@graph":[{"@type":"WebPage","@id":"https:\/\/laserway.al\/pl\/services\/female-hair-transplant\/","url":"https:\/\/laserway.al\/pl\/services\/female-hair-transplant\/","name":"Przeszczep w\u0142os\u00f3w u kobiet - Laser Way","isPartOf":{"@id":"https:\/\/laserway.al\/pl\/#website"},"datePublished":"2022-10-18T12:34:57+00:00","dateModified":"2024-04-09T10:11:40+00:00","breadcrumb":{"@id":"https:\/\/laserway.al\/pl\/services\/female-hair-transplant\/#breadcrumb"},"inLanguage":"pl-PL","potentialAction":[{"@type":"ReadAction","target":["https:\/\/laserway.al\/pl\/services\/female-hair-transplant\/"]}]},{"@type":"BreadcrumbList","@id":"https:\/\/laserway.al\/pl\/services\/female-hair-transplant\/#breadcrumb","itemListElement":[{"@type":"ListItem","position":1,"name":"Home","item":"https:\/\/laserway.al\/pl\/"},{"@type":"ListItem","position":2,"name":"Przeszczep w\u0142os\u00f3w u kobiet"}]},{"@type":"WebSite","@id":"https:\/\/laserway.al\/pl\/#website","url":"https:\/\/laserway.al\/pl\/","name":"Laser Way","description":"Klinika Laser Way - Hair Transplant Center","publisher":{"@id":"https:\/\/laserway.al\/pl\/#organization"},"potentialAction":[{"@type":"SearchAction","target":{"@type":"EntryPoint","urlTemplate":"https:\/\/laserway.al\/pl\/?s={search_term_string}"},"query-input":{"@type":"PropertyValueSpecification","valueRequired":true,"valueName":"search_term_string"}}],"inLanguage":"pl-PL"},{"@type":"Organization","@id":"https:\/\/laserway.al\/pl\/#organization","name":"Laser Way","url":"https:\/\/laserway.al\/pl\/","logo":{"@type":"ImageObject","inLanguage":"pl-PL","@id":"https:\/\/laserway.al\/pl\/#\/schema\/logo\/image\/","url":"https:\/\/laserway.al\/wp-content\/uploads\/2022\/08\/laser-way-logo.png","contentUrl":"https:\/\/laserway.al\/wp-content\/uploads\/2022\/08\/laser-way-logo.png","width":650,"height":572,"caption":"Laser Way"},"image":{"@id":"https:\/\/laserway.al\/pl\/#\/schema\/logo\/image\/"}}]}},"_links":{"self":[{"href":"https:\/\/laserway.al\/pl\/wp-json\/wp\/v2\/pages\/4512","targetHints":{"allow":["GET"]}}],"collection":[{"href":"https:\/\/laserway.al\/pl\/wp-json\/wp\/v2\/pages"}],"about":[{"href":"https:\/\/laserway.al\/pl\/wp-json\/wp\/v2\/types\/page"}],"author":[{"embeddable":true,"href":"https:\/\/laserway.al\/pl\/wp-json\/wp\/v2\/users\/1"}],"replies":[{"embeddable":true,"href":"https:\/\/laserway.al\/pl\/wp-json\/wp\/v2\/comments?post=4512"}],"version-history":[{"count":0,"href":"https:\/\/laserway.al\/pl\/wp-json\/wp\/v2\/pages\/4512\/revisions"}],"up":[{"embeddable":true,"href":"https:\/\/laserway.al\/pl\/wp-json\/wp\/v2\/pages\/4618"}],"wp:attachment":[{"href":"https:\/\/laserway.al\/pl\/wp-json\/wp\/v2\/media?parent=4512"}],"curies":[{"name":"wp","href":"https:\/\/api.w.org\/{rel}","templated":true}]}}