{"id":4488,"date":"2024-04-09T09:21:10","date_gmt":"2024-04-09T09:21:10","guid":{"rendered":"https:\/\/laserway.al\/?page_id=4488"},"modified":"2024-04-09T09:24:06","modified_gmt":"2024-04-09T09:24:06","slug":"o-nas","status":"publish","type":"page","link":"https:\/\/laserway.al\/pl\/o-nas\/","title":{"rendered":"O NAS"},"content":{"rendered":"\t\t<div data-elementor-type=\"wp-page\" data-elementor-id=\"4488\" class=\"elementor elementor-4488\" data-elementor-post-type=\"page\">\n\t\t\t\t\t\t<section class=\"elementor-section elementor-top-section elementor-element elementor-element-e15573f elementor-hidden-widescreen elementor-hidden-desktop elementor-hidden-laptop elementor-hidden-tablet_extra elementor-hidden-tablet elementor-hidden-mobile_extra elementor-hidden-mobile elementor-section-boxed elementor-section-height-default elementor-section-height-default\" data-id=\"e15573f\" data-element_type=\"section\">\n\t\t\t\t\t\t<div class=\"elementor-container elementor-column-gap-default\">\n\t\t\t\t\t<div class=\"elementor-column elementor-col-100 elementor-top-column elementor-element elementor-element-668c589\" data-id=\"668c589\" data-element_type=\"column\">\n\t\t\t<div class=\"elementor-widget-wrap elementor-element-populated\">\n\t\t\t\t\t\t<div class=\"elementor-element elementor-element-077115e elementor-widget elementor-widget-heading\" data-id=\"077115e\" data-element_type=\"widget\" data-widget_type=\"heading.default\">\n\t\t\t\t<div class=\"elementor-widget-container\">\n\t\t\t\t\t<h1 class=\"elementor-heading-title elementor-size-default\">About us - Laser Way<\/h1>\t\t\t\t<\/div>\n\t\t\t\t<\/div>\n\t\t\t\t\t<\/div>\n\t\t<\/div>\n\t\t\t\t\t<\/div>\n\t\t<\/section>\n\t\t\t\t<section class=\"elementor-section elementor-top-section elementor-element elementor-element-63726c8 elementor-section-boxed elementor-section-height-default elementor-section-height-default\" data-id=\"63726c8\" data-element_type=\"section\" data-settings=\"{&quot;background_background&quot;:&quot;classic&quot;}\">\n\t\t\t\t\t\t\t<div class=\"elementor-background-overlay\"><\/div>\n\t\t\t\t\t\t\t<div class=\"elementor-container elementor-column-gap-default\">\n\t\t\t\t\t<div class=\"elementor-column elementor-col-100 elementor-top-column elementor-element elementor-element-841aba8\" data-id=\"841aba8\" data-element_type=\"column\">\n\t\t\t<div class=\"elementor-widget-wrap elementor-element-populated\">\n\t\t\t\t\t\t<div class=\"elementor-element elementor-element-f392482 elementor-invisible elementor-widget elementor-widget-heading\" data-id=\"f392482\" data-element_type=\"widget\" data-settings=\"{&quot;_animation&quot;:&quot;fadeInUp&quot;}\" data-widget_type=\"heading.default\">\n\t\t\t\t<div class=\"elementor-widget-container\">\n\t\t\t\t\t<h2 class=\"elementor-heading-title elementor-size-default\">O NAS<\/h2>\t\t\t\t<\/div>\n\t\t\t\t<\/div>\n\t\t\t\t\t<\/div>\n\t\t<\/div>\n\t\t\t\t\t<\/div>\n\t\t<\/section>\n\t\t\t\t<section class=\"elementor-section elementor-top-section elementor-element elementor-element-64f1a04 elementor-section-content-middle elementor-reverse-mobile_extra elementor-reverse-mobile elementor-section-boxed elementor-section-height-default elementor-section-height-default\" data-id=\"64f1a04\" data-element_type=\"section\">\n\t\t\t\t\t\t<div class=\"elementor-container elementor-column-gap-default\">\n\t\t\t\t\t<div class=\"elementor-column elementor-col-50 elementor-top-column elementor-element elementor-element-1035758\" data-id=\"1035758\" data-element_type=\"column\">\n\t\t\t<div class=\"elementor-widget-wrap elementor-element-populated\">\n\t\t\t\t\t\t<div class=\"elementor-element elementor-element-77c4b6d elementor-invisible elementor-widget elementor-widget-heading\" data-id=\"77c4b6d\" data-element_type=\"widget\" data-settings=\"{&quot;_animation&quot;:&quot;fadeInLeft&quot;}\" data-widget_type=\"heading.default\">\n\t\t\t\t<div class=\"elementor-widget-container\">\n\t\t\t\t\t<h2 class=\"elementor-heading-title elementor-size-default\">Klinika Laser Way<\/h2>\t\t\t\t<\/div>\n\t\t\t\t<\/div>\n\t\t\t\t<div class=\"elementor-element elementor-element-192aea8 elementor-invisible elementor-widget elementor-widget-text-editor\" data-id=\"192aea8\" data-element_type=\"widget\" data-settings=\"{&quot;_animation&quot;:&quot;fadeInUp&quot;}\" data-widget_type=\"text-editor.default\">\n\t\t\t\t<div class=\"elementor-widget-container\">\n\t\t\t\t\t\t\t\t\t<p>Klinika Laser Way, za\u0142o\u017cona w 2004 roku, jest jedn\u0105 z najlepszych klinik i punktem odniesienia dla przeszczepu w\u0142os\u00f3w w Tiranie.<\/p><p>Klinika znajduje si\u0119 w jednej z najbardziej preferowanych dzielnic miasta, na terenie dawnego Bloku Lider\u00f3w. Wn\u0119trza kliniki zapewniaj\u0105 niezb\u0119dn\u0105 przestrze\u0144 dla klient\u00f3w. Klinika sk\u0142ada si\u0119 z 11 sal operacyjnych, 2 sal przed- i pooperacyjnych, 2 du\u017cych i dobrze do\u015bwietlonych poczekalni oraz pokoi wypoczynkowych.<\/p><p>Klinika Laser Way jest akredytowana przez Ministerstwo Zdrowia i spe\u0142nia wszelkie kryteria higieniczno-sanitarne.<\/p><p>Personel kliniki Laser Way tworz\u0105 kompetentni lekarze i piel\u0119gniarki z kilkunastoletnim do\u015bwiadczeniem w dziedzinie transplantacji w\u0142os\u00f3w. Opr\u00f3cz wieloletniego do\u015bwiadczenia i wykszta\u0142cenia medycznego, klinika Laser Way wyr\u00f3\u017cnia si\u0119 zaawansowaniem technicznym.<\/p>\t\t\t\t\t\t\t\t<\/div>\n\t\t\t\t<\/div>\n\t\t\t\t\t<\/div>\n\t\t<\/div>\n\t\t\t\t<div class=\"elementor-column elementor-col-50 elementor-top-column elementor-element elementor-element-10254c5\" data-id=\"10254c5\" data-element_type=\"column\">\n\t\t\t<div class=\"elementor-widget-wrap elementor-element-populated\">\n\t\t\t\t\t\t<div class=\"elementor-element elementor-element-57d6cb7 elementor-widget elementor-widget-image\" data-id=\"57d6cb7\" data-element_type=\"widget\" data-widget_type=\"image.default\">\n\t\t\t\t<div class=\"elementor-widget-container\">\n\t\t\t\t\t\t\t\t\t\t\t\t\t\t\t<img fetchpriority=\"high\" decoding=\"async\" width=\"768\" height=\"1024\" src=\"https:\/\/laserway.al\/wp-content\/uploads\/2022\/09\/about-768x1024.jpg\" class=\"attachment-large size-large wp-image-4604\" alt=\"\" srcset=\"https:\/\/laserway.al\/wp-content\/uploads\/2022\/09\/about-768x1024.jpg 768w, https:\/\/laserway.al\/wp-content\/uploads\/2022\/09\/about-600x800.jpg 600w, https:\/\/laserway.al\/wp-content\/uploads\/2022\/09\/about-225x300.jpg 225w, https:\/\/laserway.al\/wp-content\/uploads\/2022\/09\/about.jpg 1050w\" sizes=\"(max-width: 768px) 100vw, 768px\" \/>\t\t\t\t\t\t\t\t\t\t\t\t\t\t\t<\/div>\n\t\t\t\t<\/div>\n\t\t\t\t\t<\/div>\n\t\t<\/div>\n\t\t\t\t\t<\/div>\n\t\t<\/section>\n\t\t\t\t<\/div>\n\t\t","protected":false},"excerpt":{"rendered":"<p>About us &#8211; Laser Way O NAS Klinika Laser Way Klinika Laser Way, za\u0142o\u017cona w 2004 roku, jest jedn\u0105 z najlepszych klinik i punktem odniesienia dla przeszczepu w\u0142os\u00f3w w Tiranie. Klinika znajduje si\u0119 w jednej z najbardziej preferowanych dzielnic miasta, na terenie dawnego Bloku Lider\u00f3w. Wn\u0119trza kliniki zapewniaj\u0105 niezb\u0119dn\u0105 przestrze\u0144 dla klient\u00f3w. Klinika sk\u0142ada si\u0119 [&hellip;]<\/p>\n","protected":false},"author":2,"featured_media":0,"parent":0,"menu_order":0,"comment_status":"closed","ping_status":"closed","template":"elementor_header_footer","meta":{"footnotes":""},"class_list":["post-4488","page","type-page","status-publish","hentry"],"yoast_head":"<!-- This site is optimized with the Yoast SEO Premium plugin v20.13 (Yoast SEO v26.9) - https:\/\/yoast.com\/product\/yoast-seo-premium-wordpress\/ -->\n<title>O NAS - Laser Way<\/title>\n<meta name=\"robots\" content=\"index, follow, max-snippet:-1, max-image-preview:large, max-video-preview:-1\" \/>\n<link rel=\"canonical\" href=\"https:\/\/laserway.al\/pl\/o-nas\/\" \/>\n<meta property=\"og:locale\" content=\"pl_PL\" \/>\n<meta property=\"og:type\" content=\"article\" \/>\n<meta property=\"og:title\" content=\"O NAS\" \/>\n<meta property=\"og:description\" content=\"About us &#8211; Laser Way O NAS Klinika Laser Way Klinika Laser Way, za\u0142o\u017cona w 2004 roku, jest jedn\u0105 z najlepszych klinik i punktem odniesienia dla przeszczepu w\u0142os\u00f3w w Tiranie. Klinika znajduje si\u0119 w jednej z najbardziej preferowanych dzielnic miasta, na terenie dawnego Bloku Lider\u00f3w. Wn\u0119trza kliniki zapewniaj\u0105 niezb\u0119dn\u0105 przestrze\u0144 dla klient\u00f3w. Klinika sk\u0142ada si\u0119 [&hellip;]\" \/>\n<meta property=\"og:url\" content=\"https:\/\/laserway.al\/pl\/o-nas\/\" \/>\n<meta property=\"og:site_name\" content=\"Laser Way\" \/>\n<meta property=\"article:modified_time\" content=\"2024-04-09T09:24:06+00:00\" \/>\n<meta property=\"og:image\" content=\"https:\/\/laserway.al\/wp-content\/uploads\/2022\/09\/about-768x1024.jpg\" \/>\n<meta name=\"twitter:card\" content=\"summary_large_image\" \/>\n<meta name=\"twitter:label1\" content=\"Szacowany czas czytania\" \/>\n\t<meta name=\"twitter:data1\" content=\"1 minuta\" \/>\n<script type=\"application\/ld+json\" class=\"yoast-schema-graph\">{\"@context\":\"https:\/\/schema.org\",\"@graph\":[{\"@type\":\"WebPage\",\"@id\":\"https:\/\/laserway.al\/pl\/o-nas\/\",\"url\":\"https:\/\/laserway.al\/pl\/o-nas\/\",\"name\":\"O NAS - Laser Way\",\"isPartOf\":{\"@id\":\"https:\/\/laserway.al\/pl\/#website\"},\"primaryImageOfPage\":{\"@id\":\"https:\/\/laserway.al\/pl\/o-nas\/#primaryimage\"},\"image\":{\"@id\":\"https:\/\/laserway.al\/pl\/o-nas\/#primaryimage\"},\"thumbnailUrl\":\"https:\/\/laserway.al\/wp-content\/uploads\/2022\/09\/about-768x1024.jpg\",\"datePublished\":\"2024-04-09T09:21:10+00:00\",\"dateModified\":\"2024-04-09T09:24:06+00:00\",\"breadcrumb\":{\"@id\":\"https:\/\/laserway.al\/pl\/o-nas\/#breadcrumb\"},\"inLanguage\":\"pl-PL\",\"potentialAction\":[{\"@type\":\"ReadAction\",\"target\":[\"https:\/\/laserway.al\/pl\/o-nas\/\"]}]},{\"@type\":\"ImageObject\",\"inLanguage\":\"pl-PL\",\"@id\":\"https:\/\/laserway.al\/pl\/o-nas\/#primaryimage\",\"url\":\"https:\/\/laserway.al\/wp-content\/uploads\/2022\/09\/about-768x1024.jpg\",\"contentUrl\":\"https:\/\/laserway.al\/wp-content\/uploads\/2022\/09\/about-768x1024.jpg\"},{\"@type\":\"BreadcrumbList\",\"@id\":\"https:\/\/laserway.al\/pl\/o-nas\/#breadcrumb\",\"itemListElement\":[{\"@type\":\"ListItem\",\"position\":1,\"name\":\"Home\",\"item\":\"https:\/\/laserway.al\/pl\/\"},{\"@type\":\"ListItem\",\"position\":2,\"name\":\"O NAS\"}]},{\"@type\":\"WebSite\",\"@id\":\"https:\/\/laserway.al\/pl\/#website\",\"url\":\"https:\/\/laserway.al\/pl\/\",\"name\":\"Laser Way\",\"description\":\"Klinika Laser Way - Hair Transplant Center\",\"publisher\":{\"@id\":\"https:\/\/laserway.al\/pl\/#organization\"},\"potentialAction\":[{\"@type\":\"SearchAction\",\"target\":{\"@type\":\"EntryPoint\",\"urlTemplate\":\"https:\/\/laserway.al\/pl\/?s={search_term_string}\"},\"query-input\":{\"@type\":\"PropertyValueSpecification\",\"valueRequired\":true,\"valueName\":\"search_term_string\"}}],\"inLanguage\":\"pl-PL\"},{\"@type\":\"Organization\",\"@id\":\"https:\/\/laserway.al\/pl\/#organization\",\"name\":\"Laser Way\",\"url\":\"https:\/\/laserway.al\/pl\/\",\"logo\":{\"@type\":\"ImageObject\",\"inLanguage\":\"pl-PL\",\"@id\":\"https:\/\/laserway.al\/pl\/#\/schema\/logo\/image\/\",\"url\":\"https:\/\/laserway.al\/wp-content\/uploads\/2022\/08\/laser-way-logo.png\",\"contentUrl\":\"https:\/\/laserway.al\/wp-content\/uploads\/2022\/08\/laser-way-logo.png\",\"width\":650,\"height\":572,\"caption\":\"Laser Way\"},\"image\":{\"@id\":\"https:\/\/laserway.al\/pl\/#\/schema\/logo\/image\/\"}}]}<\/script>\n<!-- \/ Yoast SEO Premium plugin. -->","yoast_head_json":{"title":"O NAS - Laser Way","robots":{"index":"index","follow":"follow","max-snippet":"max-snippet:-1","max-image-preview":"max-image-preview:large","max-video-preview":"max-video-preview:-1"},"canonical":"https:\/\/laserway.al\/pl\/o-nas\/","og_locale":"pl_PL","og_type":"article","og_title":"O NAS","og_description":"About us &#8211; Laser Way O NAS Klinika Laser Way Klinika Laser Way, za\u0142o\u017cona w 2004 roku, jest jedn\u0105 z najlepszych klinik i punktem odniesienia dla przeszczepu w\u0142os\u00f3w w Tiranie. Klinika znajduje si\u0119 w jednej z najbardziej preferowanych dzielnic miasta, na terenie dawnego Bloku Lider\u00f3w. Wn\u0119trza kliniki zapewniaj\u0105 niezb\u0119dn\u0105 przestrze\u0144 dla klient\u00f3w. Klinika sk\u0142ada si\u0119 [&hellip;]","og_url":"https:\/\/laserway.al\/pl\/o-nas\/","og_site_name":"Laser Way","article_modified_time":"2024-04-09T09:24:06+00:00","og_image":[{"url":"https:\/\/laserway.al\/wp-content\/uploads\/2022\/09\/about-768x1024.jpg","type":"","width":"","height":""}],"twitter_card":"summary_large_image","twitter_misc":{"Szacowany czas czytania":"1 minuta"},"schema":{"@context":"https:\/\/schema.org","@graph":[{"@type":"WebPage","@id":"https:\/\/laserway.al\/pl\/o-nas\/","url":"https:\/\/laserway.al\/pl\/o-nas\/","name":"O NAS - Laser Way","isPartOf":{"@id":"https:\/\/laserway.al\/pl\/#website"},"primaryImageOfPage":{"@id":"https:\/\/laserway.al\/pl\/o-nas\/#primaryimage"},"image":{"@id":"https:\/\/laserway.al\/pl\/o-nas\/#primaryimage"},"thumbnailUrl":"https:\/\/laserway.al\/wp-content\/uploads\/2022\/09\/about-768x1024.jpg","datePublished":"2024-04-09T09:21:10+00:00","dateModified":"2024-04-09T09:24:06+00:00","breadcrumb":{"@id":"https:\/\/laserway.al\/pl\/o-nas\/#breadcrumb"},"inLanguage":"pl-PL","potentialAction":[{"@type":"ReadAction","target":["https:\/\/laserway.al\/pl\/o-nas\/"]}]},{"@type":"ImageObject","inLanguage":"pl-PL","@id":"https:\/\/laserway.al\/pl\/o-nas\/#primaryimage","url":"https:\/\/laserway.al\/wp-content\/uploads\/2022\/09\/about-768x1024.jpg","contentUrl":"https:\/\/laserway.al\/wp-content\/uploads\/2022\/09\/about-768x1024.jpg"},{"@type":"BreadcrumbList","@id":"https:\/\/laserway.al\/pl\/o-nas\/#breadcrumb","itemListElement":[{"@type":"ListItem","position":1,"name":"Home","item":"https:\/\/laserway.al\/pl\/"},{"@type":"ListItem","position":2,"name":"O NAS"}]},{"@type":"WebSite","@id":"https:\/\/laserway.al\/pl\/#website","url":"https:\/\/laserway.al\/pl\/","name":"Laser Way","description":"Klinika Laser Way - Hair Transplant Center","publisher":{"@id":"https:\/\/laserway.al\/pl\/#organization"},"potentialAction":[{"@type":"SearchAction","target":{"@type":"EntryPoint","urlTemplate":"https:\/\/laserway.al\/pl\/?s={search_term_string}"},"query-input":{"@type":"PropertyValueSpecification","valueRequired":true,"valueName":"search_term_string"}}],"inLanguage":"pl-PL"},{"@type":"Organization","@id":"https:\/\/laserway.al\/pl\/#organization","name":"Laser Way","url":"https:\/\/laserway.al\/pl\/","logo":{"@type":"ImageObject","inLanguage":"pl-PL","@id":"https:\/\/laserway.al\/pl\/#\/schema\/logo\/image\/","url":"https:\/\/laserway.al\/wp-content\/uploads\/2022\/08\/laser-way-logo.png","contentUrl":"https:\/\/laserway.al\/wp-content\/uploads\/2022\/08\/laser-way-logo.png","width":650,"height":572,"caption":"Laser Way"},"image":{"@id":"https:\/\/laserway.al\/pl\/#\/schema\/logo\/image\/"}}]}},"_links":{"self":[{"href":"https:\/\/laserway.al\/pl\/wp-json\/wp\/v2\/pages\/4488","targetHints":{"allow":["GET"]}}],"collection":[{"href":"https:\/\/laserway.al\/pl\/wp-json\/wp\/v2\/pages"}],"about":[{"href":"https:\/\/laserway.al\/pl\/wp-json\/wp\/v2\/types\/page"}],"author":[{"embeddable":true,"href":"https:\/\/laserway.al\/pl\/wp-json\/wp\/v2\/users\/2"}],"replies":[{"embeddable":true,"href":"https:\/\/laserway.al\/pl\/wp-json\/wp\/v2\/comments?post=4488"}],"version-history":[{"count":0,"href":"https:\/\/laserway.al\/pl\/wp-json\/wp\/v2\/pages\/4488\/revisions"}],"wp:attachment":[{"href":"https:\/\/laserway.al\/pl\/wp-json\/wp\/v2\/media?parent=4488"}],"curies":[{"name":"wp","href":"https:\/\/api.w.org\/{rel}","templated":true}]}}