{"id":1156,"date":"2022-10-18T08:55:11","date_gmt":"2022-10-18T08:55:11","guid":{"rendered":"https:\/\/laserway.evolvestudio.de\/?page_id=1156"},"modified":"2025-01-13T13:04:47","modified_gmt":"2025-01-13T13:04:47","slug":"trapianto-di-capelli-nelle-donne","status":"publish","type":"page","link":"https:\/\/laserway.al\/it\/servici\/trapianto-di-capelli-nelle-donne\/","title":{"rendered":"Trapianto di capelli nelle donne"},"content":{"rendered":"\t\t<div data-elementor-type=\"wp-page\" data-elementor-id=\"1156\" class=\"elementor elementor-1156 elementor-462\" data-elementor-post-type=\"page\">\n\t\t\t\t\t\t<section class=\"elementor-section elementor-top-section elementor-element elementor-element-e7e5636 elementor-hidden-widescreen elementor-hidden-desktop elementor-hidden-laptop elementor-hidden-tablet_extra elementor-hidden-tablet elementor-hidden-mobile_extra elementor-hidden-mobile elementor-section-boxed elementor-section-height-default elementor-section-height-default\" data-id=\"e7e5636\" data-element_type=\"section\">\n\t\t\t\t\t\t<div class=\"elementor-container elementor-column-gap-default\">\n\t\t\t\t\t<div class=\"elementor-column elementor-col-100 elementor-top-column elementor-element elementor-element-f7a6e28\" data-id=\"f7a6e28\" data-element_type=\"column\">\n\t\t\t<div class=\"elementor-widget-wrap elementor-element-populated\">\n\t\t\t\t\t\t<div class=\"elementor-element elementor-element-87dc2bb elementor-widget elementor-widget-heading\" data-id=\"87dc2bb\" data-element_type=\"widget\" data-widget_type=\"heading.default\">\n\t\t\t\t<div class=\"elementor-widget-container\">\n\t\t\t\t\t<h1 class=\"elementor-heading-title elementor-size-default\">Trapianto di capelli nelle donne - Laser Way<\/h1>\t\t\t\t<\/div>\n\t\t\t\t<\/div>\n\t\t\t\t\t<\/div>\n\t\t<\/div>\n\t\t\t\t\t<\/div>\n\t\t<\/section>\n\t\t\t\t<section class=\"elementor-section elementor-top-section elementor-element elementor-element-bc1e5bc elementor-section-boxed elementor-section-height-default elementor-section-height-default\" data-id=\"bc1e5bc\" data-element_type=\"section\" data-settings=\"{&quot;background_background&quot;:&quot;gradient&quot;}\">\n\t\t\t\t\t\t<div class=\"elementor-container elementor-column-gap-default\">\n\t\t\t\t\t<div class=\"elementor-column elementor-col-100 elementor-top-column elementor-element elementor-element-0f77717\" data-id=\"0f77717\" data-element_type=\"column\">\n\t\t\t<div class=\"elementor-widget-wrap elementor-element-populated\">\n\t\t\t\t\t\t<div class=\"elementor-element elementor-element-ea9d51d elementor-widget elementor-widget-text-editor\" data-id=\"ea9d51d\" data-element_type=\"widget\" data-widget_type=\"text-editor.default\">\n\t\t\t\t<div class=\"elementor-widget-container\">\n\t\t\t\t\t\t\t\t\t<p>Il trapianto di capelli \u00e8 un metodo di trattamento efficace che crea un impatto positivo sulle persone che soffrono di caduta dei capelli; influenzando ogni aspetto della loro vita. Sebbene la maggior parte dei pazienti sottoposti a trapianto di capelli sia ancora di sesso maschile, anche un&#8217;alta percentuale di donne ha iniziato a cercare trapianti di capelli per per fronteggiare la caduta dei capelli.<\/p><p><script src=\"chrome-extension:\/\/hhojmcideegachlhfgfdhailpfhgknjm\/web_accessible_resources\/index.js\"><\/script><\/p>\t\t\t\t\t\t\t\t<\/div>\n\t\t\t\t<\/div>\n\t\t\t\t\t<\/div>\n\t\t<\/div>\n\t\t\t\t\t<\/div>\n\t\t<\/section>\n\t\t\t\t<section class=\"elementor-section elementor-top-section elementor-element elementor-element-6c9100a elementor-section-boxed elementor-section-height-default elementor-section-height-default\" data-id=\"6c9100a\" data-element_type=\"section\">\n\t\t\t\t\t\t<div class=\"elementor-container elementor-column-gap-default\">\n\t\t\t\t\t<div class=\"elementor-column elementor-col-50 elementor-top-column elementor-element elementor-element-153b5b7\" data-id=\"153b5b7\" data-element_type=\"column\">\n\t\t\t<div class=\"elementor-widget-wrap elementor-element-populated\">\n\t\t\t\t\t\t<div class=\"elementor-element elementor-element-6bd4782 elementor-widget elementor-widget-heading\" data-id=\"6bd4782\" data-element_type=\"widget\" data-widget_type=\"heading.default\">\n\t\t\t\t<div class=\"elementor-widget-container\">\n\t\t\t\t\t<h2 class=\"elementor-heading-title elementor-size-default\">Cause della caduta dei capelli nelle donne<\/h2>\t\t\t\t<\/div>\n\t\t\t\t<\/div>\n\t\t\t\t<div class=\"elementor-element elementor-element-f8e6650 elementor-widget elementor-widget-text-editor\" data-id=\"f8e6650\" data-element_type=\"widget\" data-widget_type=\"text-editor.default\">\n\t\t\t\t<div class=\"elementor-widget-container\">\n\t\t\t\t\t\t\t\t\t<p>La caduta dei capelli di tipo femminile, nota anche come alopecia androgenetica, \u00e8 la causa pi\u00f9 comune di caduta dei capelli nelle donne.<\/p><p>Altre possibili cause di caduta dei capelli nelle donne sono:<\/p><p>\u00a0<\/p><ul><li>Esiste una predisposizione genetica alla <a href=\"https:\/\/laserway.al\/it\/cosa-mangiare-prima-e-dopo-il-trapianto-di-capelli\/\">caduta dei capelli<\/a><\/li><li>Malattie autoimmuni<\/li><li>Modifica dei livelli ormonali<\/li><li>Trattamenti<\/li><li>Menopausa<\/li><li>Gravidanza<\/li><li>Stress eccessivo<\/li><li>Dieta accelerata\/rapida perdita di peso<\/li><li>Carenza di ferro<\/li><li style=\"list-style-type: none;\">\u00a0<\/li><\/ul><p>\u00a0<\/p><p>Possiamo iniziare la nostra analisi osservando la condizione medica pi\u00f9 comune della <a href=\"https:\/\/laserway.al\/it\/la-caduta-dei-capelli-genetica-ambientale-o-entrambe\/\">caduta dei capelli;<\/a><\/p><p>Alopecia androgenetica.<\/p><p><script src=\"chrome-extension:\/\/hhojmcideegachlhfgfdhailpfhgknjm\/web_accessible_resources\/index.js\"><\/script><\/p><p><script src=\"chrome-extension:\/\/hhojmcideegachlhfgfdhailpfhgknjm\/web_accessible_resources\/index.js\"><\/script><\/p>\t\t\t\t\t\t\t\t<\/div>\n\t\t\t\t<\/div>\n\t\t\t\t<div class=\"elementor-element elementor-element-7723ddc elementor-widget elementor-widget-heading\" data-id=\"7723ddc\" data-element_type=\"widget\" data-widget_type=\"heading.default\">\n\t\t\t\t<div class=\"elementor-widget-container\">\n\t\t\t\t\t<h2 class=\"elementor-heading-title elementor-size-default\">Alopecia androgenetica.<\/h2>\t\t\t\t<\/div>\n\t\t\t\t<\/div>\n\t\t\t\t<div class=\"elementor-element elementor-element-94b8fa3 elementor-widget elementor-widget-text-editor\" data-id=\"94b8fa3\" data-element_type=\"widget\" data-widget_type=\"text-editor.default\">\n\t\t\t\t<div class=\"elementor-widget-container\">\n\t\t\t\t\t\t\t\t\t<p>I cambiamenti follicolari che causano l&#8217;alopecia androgenetica sono simili tra la caduta dei capelli maschile e femminile.<\/p><p>La caduta dei capelli negli uomini \u00e8 generalmente caratterizzata da un&#8217;attaccatura dei capelli sfuggente (area frontale), che colpisce le tempie (area temporale) e la regione della corona (area verticale). Le donne, invece, generalmente <a href=\"https:\/\/laserway.al\/it\/come-prevenire-ulteriori-perdite-di-capelli-una-volta-che-te-ne-sei-accorto\/\">perdono i capelli<\/a> pi\u00f9 ampiamente sulla sommit\u00e0 del capo. \u00c8 molto raro che le donne sperimentino la caduta completa dei capelli.<\/p><p>\u00a0<\/p><p>La caduta <a href=\"https:\/\/laserway.al\/it\/perche-la-perdita-dei-capelli-e-piu-comune-negli-uomini-che-nelle-donne\/\">dei capelli nelle donne \u00e8 principalmente caratterizzata da un diradamento generale<\/a> che si manifesta su tutto il cuoio capelluto o localizzato; interessando solo aree specifiche della testa.<\/p><p>L&#8217;alopecia androgenetica nelle donne pu\u00f2 manifestarsi in 3 diversi modelli di caduta dei capelli:<\/p><ul><li><strong>Diffusa (progressiva)<\/strong><\/li><li><strong>Localizzata (stabile)<\/strong><\/li><li><strong>Schematica (modello maschile)<\/strong><\/li><\/ul><p>\u00a0<\/p><ol><li><p><strong>Diffusa (progressiva):<\/strong>\u00a0 questa condizione di perdita dei capelli \u00e8 caratterizzata da un diradamento diffuso nella zona della chierica che pu\u00f2 estendersi in tutto il cuoio capelluto, conservando l&#8217;attaccatura frontale.<\/p><\/li><\/ol><ol start=\"2\"><li><p><strong>Localizzata (permanente):<\/strong> questo tipo di caduta dei capelli \u00e8 caratterizzata da una recessione bitemporale della parte mediana al centro del cuoio capelluto senza un diradamento diffuso.<\/p><p>\u00a0<\/p><\/li><\/ol><ol start=\"3\"><li><strong>Schematica (Modello Maschile):<\/strong> La perdita di capelli schematica \u00e8 caratterizzata dalla recessione bitemporale delle tempie, che fa si che l&#8217;attaccatura dei capelli frontale si sposti indietro (recedere) (Hamilton).<\/li><\/ol><p><script src=\"chrome-extension:\/\/hhojmcideegachlhfgfdhailpfhgknjm\/web_accessible_resources\/index.js\"><\/script><\/p>\t\t\t\t\t\t\t\t<\/div>\n\t\t\t\t<\/div>\n\t\t\t\t<div class=\"elementor-element elementor-element-a54e008 elementor-widget elementor-widget-heading\" data-id=\"a54e008\" data-element_type=\"widget\" data-widget_type=\"heading.default\">\n\t\t\t\t<div class=\"elementor-widget-container\">\n\t\t\t\t\t<h2 class=\"elementor-heading-title elementor-size-default\">Modi per prevenire la caduta dei capelli nelle donne.<\/h2>\t\t\t\t<\/div>\n\t\t\t\t<\/div>\n\t\t\t\t<div class=\"elementor-element elementor-element-e8d22bb elementor-widget elementor-widget-text-editor\" data-id=\"e8d22bb\" data-element_type=\"widget\" data-widget_type=\"text-editor.default\">\n\t\t\t\t<div class=\"elementor-widget-container\">\n\t\t\t\t\t\t\t\t\t<p>Prevenire la caduta dei capelli pu\u00f2 essere possibile attraverso trattamenti medici e cura di s\u00e9, oltre a mantenere una dieta sana.<\/p><p><script src=\"chrome-extension:\/\/hhojmcideegachlhfgfdhailpfhgknjm\/web_accessible_resources\/index.js\"><\/script><\/p>\t\t\t\t\t\t\t\t<\/div>\n\t\t\t\t<\/div>\n\t\t\t\t\t<\/div>\n\t\t<\/div>\n\t\t\t\t<div class=\"elementor-column elementor-col-50 elementor-top-column elementor-element elementor-element-ce0dae2\" data-id=\"ce0dae2\" data-element_type=\"column\">\n\t\t\t<div class=\"elementor-widget-wrap elementor-element-populated\">\n\t\t\t\t\t\t<section class=\"elementor-section elementor-inner-section elementor-element elementor-element-6a391b4 elementor-section-full_width elementor-section-height-default elementor-section-height-default\" data-id=\"6a391b4\" data-element_type=\"section\" data-settings=\"{&quot;sticky&quot;:&quot;top&quot;,&quot;sticky_parent&quot;:&quot;yes&quot;,&quot;sticky_on&quot;:[&quot;widescreen&quot;,&quot;desktop&quot;,&quot;laptop&quot;,&quot;tablet_extra&quot;,&quot;tablet&quot;],&quot;sticky_offset&quot;:5,&quot;sticky_effects_offset&quot;:10}\">\n\t\t\t\t\t\t<div class=\"elementor-container elementor-column-gap-default\">\n\t\t\t\t\t<div class=\"elementor-column elementor-col-100 elementor-inner-column elementor-element elementor-element-1f2e0f7\" data-id=\"1f2e0f7\" data-element_type=\"column\">\n\t\t\t<div class=\"elementor-widget-wrap elementor-element-populated\">\n\t\t\t\t\t\t<div class=\"elementor-element elementor-element-626b0c2 elementor-widget elementor-widget-heading\" data-id=\"626b0c2\" data-element_type=\"widget\" data-widget_type=\"heading.default\">\n\t\t\t\t<div class=\"elementor-widget-container\">\n\t\t\t\t\t<h2 class=\"elementor-heading-title elementor-size-default\">Avete domande?<\/h2>\t\t\t\t<\/div>\n\t\t\t\t<\/div>\n\t\t\t\t<div class=\"elementor-element elementor-element-53a72e5 elementor-widget elementor-widget-text-editor\" data-id=\"53a72e5\" data-element_type=\"widget\" data-widget_type=\"text-editor.default\">\n\t\t\t\t<div class=\"elementor-widget-container\">\n\t\t\t\t\t\t\t\t\t<p>Non hai trovato la tua domanda?<br \/>Puoi fare qualsiasi domanda sul <a href=\"https:\/\/laserway.al\/it\/dormire-dopo-la-procedura-di-trapianto-di-capelli\/\">trapianto di capelli<\/a> presso la clinica Laser Way!<\/p><p><script src=\"chrome-extension:\/\/hhojmcideegachlhfgfdhailpfhgknjm\/web_accessible_resources\/index.js\"><\/script><\/p>\t\t\t\t\t\t\t\t<\/div>\n\t\t\t\t<\/div>\n\t\t\t\t<div class=\"elementor-element elementor-element-3d228e1 elementor-align-center elementor-widget elementor-widget-button\" data-id=\"3d228e1\" data-element_type=\"widget\" data-widget_type=\"button.default\">\n\t\t\t\t<div class=\"elementor-widget-container\">\n\t\t\t\t\t\t\t\t\t<div class=\"elementor-button-wrapper\">\n\t\t\t\t\t<a class=\"elementor-button elementor-button-link elementor-size-sm elementor-animation-shrink\" href=\"https:\/\/wa.me\/355682081816\" target=\"_blank\" rel=\"nofollow\" >\n\t\t\t\t\t\t<span class=\"elementor-button-content-wrapper\">\n\t\t\t\t\t\t<span class=\"elementor-button-icon\">\n\t\t\t\t<i aria-hidden=\"true\" class=\"fab fa-whatsapp\"><\/i>\t\t\t<\/span>\n\t\t\t\t\t\t\t\t\t<span class=\"elementor-button-text\">Contattaci<\/span>\n\t\t\t\t\t<\/span>\n\t\t\t\t\t<\/a>\n\t\t\t\t<\/div>\n\t\t\t\t\t\t\t\t<\/div>\n\t\t\t\t<\/div>\n\t\t\t\t\t<\/div>\n\t\t<\/div>\n\t\t\t\t\t<\/div>\n\t\t<\/section>\n\t\t\t\t\t<\/div>\n\t\t<\/div>\n\t\t\t\t\t<\/div>\n\t\t<\/section>\n\t\t\t\t<\/div>\n\t\t","protected":false},"excerpt":{"rendered":"<p>Trapianto di capelli nelle donne &#8211; Laser Way Il trapianto di capelli \u00e8 un metodo di trattamento efficace che crea un impatto positivo sulle persone che soffrono di caduta dei capelli; influenzando ogni aspetto della loro vita. Sebbene la maggior parte dei pazienti sottoposti a trapianto di capelli sia ancora di sesso maschile, anche un&#8217;alta [&hellip;]<\/p>\n","protected":false},"author":1,"featured_media":0,"parent":1177,"menu_order":0,"comment_status":"closed","ping_status":"closed","template":"elementor_header_footer","meta":{"footnotes":""},"class_list":["post-1156","page","type-page","status-publish","hentry"],"yoast_head":"<!-- This site is optimized with the Yoast SEO Premium plugin v20.13 (Yoast SEO v26.9) - https:\/\/yoast.com\/product\/yoast-seo-premium-wordpress\/ -->\n<title>Trapianto di capelli nelle donne - Laser Way<\/title>\n<meta name=\"description\" content=\"Il trapianto di capelli per le donne \u00e8 una soluzione efficace contro il diradamento e la perdita di capelli.\" \/>\n<meta name=\"robots\" content=\"index, follow, max-snippet:-1, max-image-preview:large, max-video-preview:-1\" \/>\n<link rel=\"canonical\" href=\"https:\/\/laserway.al\/it\/servici\/trapianto-di-capelli-nelle-donne\/\" \/>\n<meta property=\"og:locale\" content=\"it_IT\" \/>\n<meta property=\"og:type\" content=\"article\" \/>\n<meta property=\"og:title\" content=\"Trapianto di capelli nelle donne\" \/>\n<meta property=\"og:description\" content=\"Il trapianto di capelli per le donne \u00e8 una soluzione efficace contro il diradamento e la perdita di capelli.\" \/>\n<meta property=\"og:url\" content=\"https:\/\/laserway.al\/it\/servici\/trapianto-di-capelli-nelle-donne\/\" \/>\n<meta property=\"og:site_name\" content=\"Laser Way\" \/>\n<meta property=\"article:modified_time\" content=\"2025-01-13T13:04:47+00:00\" \/>\n<meta name=\"twitter:card\" content=\"summary_large_image\" \/>\n<meta name=\"twitter:label1\" content=\"Tempo di lettura stimato\" \/>\n\t<meta name=\"twitter:data1\" content=\"3 minuti\" \/>\n<script type=\"application\/ld+json\" class=\"yoast-schema-graph\">{\"@context\":\"https:\/\/schema.org\",\"@graph\":[{\"@type\":\"WebPage\",\"@id\":\"https:\/\/laserway.al\/it\/servici\/trapianto-di-capelli-nelle-donne\/\",\"url\":\"https:\/\/laserway.al\/it\/servici\/trapianto-di-capelli-nelle-donne\/\",\"name\":\"Trapianto di capelli nelle donne - Laser Way\",\"isPartOf\":{\"@id\":\"https:\/\/laserway.al\/it\/#website\"},\"datePublished\":\"2022-10-18T08:55:11+00:00\",\"dateModified\":\"2025-01-13T13:04:47+00:00\",\"description\":\"Il trapianto di capelli per le donne \u00e8 una soluzione efficace contro il diradamento e la perdita di capelli.\",\"breadcrumb\":{\"@id\":\"https:\/\/laserway.al\/it\/servici\/trapianto-di-capelli-nelle-donne\/#breadcrumb\"},\"inLanguage\":\"it-IT\",\"potentialAction\":[{\"@type\":\"ReadAction\",\"target\":[\"https:\/\/laserway.al\/it\/servici\/trapianto-di-capelli-nelle-donne\/\"]}]},{\"@type\":\"BreadcrumbList\",\"@id\":\"https:\/\/laserway.al\/it\/servici\/trapianto-di-capelli-nelle-donne\/#breadcrumb\",\"itemListElement\":[{\"@type\":\"ListItem\",\"position\":1,\"name\":\"Home\",\"item\":\"https:\/\/laserway.al\/it\/\"},{\"@type\":\"ListItem\",\"position\":2,\"name\":\"Servici\",\"item\":\"https:\/\/laserway.al\/it\/servici\/\"},{\"@type\":\"ListItem\",\"position\":3,\"name\":\"Trapianto di capelli nelle donne\"}]},{\"@type\":\"WebSite\",\"@id\":\"https:\/\/laserway.al\/it\/#website\",\"url\":\"https:\/\/laserway.al\/it\/\",\"name\":\"Laser Way\",\"description\":\"Laser Way - Hair Transplant Center\",\"publisher\":{\"@id\":\"https:\/\/laserway.al\/it\/#organization\"},\"potentialAction\":[{\"@type\":\"SearchAction\",\"target\":{\"@type\":\"EntryPoint\",\"urlTemplate\":\"https:\/\/laserway.al\/it\/?s={search_term_string}\"},\"query-input\":{\"@type\":\"PropertyValueSpecification\",\"valueRequired\":true,\"valueName\":\"search_term_string\"}}],\"inLanguage\":\"it-IT\"},{\"@type\":\"Organization\",\"@id\":\"https:\/\/laserway.al\/it\/#organization\",\"name\":\"Laser Way\",\"url\":\"https:\/\/laserway.al\/it\/\",\"logo\":{\"@type\":\"ImageObject\",\"inLanguage\":\"it-IT\",\"@id\":\"https:\/\/laserway.al\/it\/#\/schema\/logo\/image\/\",\"url\":\"https:\/\/laserway.al\/wp-content\/uploads\/2022\/08\/laser-way-logo.png\",\"contentUrl\":\"https:\/\/laserway.al\/wp-content\/uploads\/2022\/08\/laser-way-logo.png\",\"width\":650,\"height\":572,\"caption\":\"Laser Way\"},\"image\":{\"@id\":\"https:\/\/laserway.al\/it\/#\/schema\/logo\/image\/\"}}]}<\/script>\n<!-- \/ Yoast SEO Premium plugin. -->","yoast_head_json":{"title":"Trapianto di capelli nelle donne - Laser Way","description":"Il trapianto di capelli per le donne \u00e8 una soluzione efficace contro il diradamento e la perdita di capelli.","robots":{"index":"index","follow":"follow","max-snippet":"max-snippet:-1","max-image-preview":"max-image-preview:large","max-video-preview":"max-video-preview:-1"},"canonical":"https:\/\/laserway.al\/it\/servici\/trapianto-di-capelli-nelle-donne\/","og_locale":"it_IT","og_type":"article","og_title":"Trapianto di capelli nelle donne","og_description":"Il trapianto di capelli per le donne \u00e8 una soluzione efficace contro il diradamento e la perdita di capelli.","og_url":"https:\/\/laserway.al\/it\/servici\/trapianto-di-capelli-nelle-donne\/","og_site_name":"Laser Way","article_modified_time":"2025-01-13T13:04:47+00:00","twitter_card":"summary_large_image","twitter_misc":{"Tempo di lettura stimato":"3 minuti"},"schema":{"@context":"https:\/\/schema.org","@graph":[{"@type":"WebPage","@id":"https:\/\/laserway.al\/it\/servici\/trapianto-di-capelli-nelle-donne\/","url":"https:\/\/laserway.al\/it\/servici\/trapianto-di-capelli-nelle-donne\/","name":"Trapianto di capelli nelle donne - Laser Way","isPartOf":{"@id":"https:\/\/laserway.al\/it\/#website"},"datePublished":"2022-10-18T08:55:11+00:00","dateModified":"2025-01-13T13:04:47+00:00","description":"Il trapianto di capelli per le donne \u00e8 una soluzione efficace contro il diradamento e la perdita di capelli.","breadcrumb":{"@id":"https:\/\/laserway.al\/it\/servici\/trapianto-di-capelli-nelle-donne\/#breadcrumb"},"inLanguage":"it-IT","potentialAction":[{"@type":"ReadAction","target":["https:\/\/laserway.al\/it\/servici\/trapianto-di-capelli-nelle-donne\/"]}]},{"@type":"BreadcrumbList","@id":"https:\/\/laserway.al\/it\/servici\/trapianto-di-capelli-nelle-donne\/#breadcrumb","itemListElement":[{"@type":"ListItem","position":1,"name":"Home","item":"https:\/\/laserway.al\/it\/"},{"@type":"ListItem","position":2,"name":"Servici","item":"https:\/\/laserway.al\/it\/servici\/"},{"@type":"ListItem","position":3,"name":"Trapianto di capelli nelle donne"}]},{"@type":"WebSite","@id":"https:\/\/laserway.al\/it\/#website","url":"https:\/\/laserway.al\/it\/","name":"Laser Way","description":"Laser Way - Hair Transplant Center","publisher":{"@id":"https:\/\/laserway.al\/it\/#organization"},"potentialAction":[{"@type":"SearchAction","target":{"@type":"EntryPoint","urlTemplate":"https:\/\/laserway.al\/it\/?s={search_term_string}"},"query-input":{"@type":"PropertyValueSpecification","valueRequired":true,"valueName":"search_term_string"}}],"inLanguage":"it-IT"},{"@type":"Organization","@id":"https:\/\/laserway.al\/it\/#organization","name":"Laser Way","url":"https:\/\/laserway.al\/it\/","logo":{"@type":"ImageObject","inLanguage":"it-IT","@id":"https:\/\/laserway.al\/it\/#\/schema\/logo\/image\/","url":"https:\/\/laserway.al\/wp-content\/uploads\/2022\/08\/laser-way-logo.png","contentUrl":"https:\/\/laserway.al\/wp-content\/uploads\/2022\/08\/laser-way-logo.png","width":650,"height":572,"caption":"Laser Way"},"image":{"@id":"https:\/\/laserway.al\/it\/#\/schema\/logo\/image\/"}}]}},"_links":{"self":[{"href":"https:\/\/laserway.al\/it\/wp-json\/wp\/v2\/pages\/1156","targetHints":{"allow":["GET"]}}],"collection":[{"href":"https:\/\/laserway.al\/it\/wp-json\/wp\/v2\/pages"}],"about":[{"href":"https:\/\/laserway.al\/it\/wp-json\/wp\/v2\/types\/page"}],"author":[{"embeddable":true,"href":"https:\/\/laserway.al\/it\/wp-json\/wp\/v2\/users\/1"}],"replies":[{"embeddable":true,"href":"https:\/\/laserway.al\/it\/wp-json\/wp\/v2\/comments?post=1156"}],"version-history":[{"count":0,"href":"https:\/\/laserway.al\/it\/wp-json\/wp\/v2\/pages\/1156\/revisions"}],"up":[{"embeddable":true,"href":"https:\/\/laserway.al\/it\/wp-json\/wp\/v2\/pages\/1177"}],"wp:attachment":[{"href":"https:\/\/laserway.al\/it\/wp-json\/wp\/v2\/media?parent=1156"}],"curies":[{"name":"wp","href":"https:\/\/api.w.org\/{rel}","templated":true}]}}