{"id":1077,"date":"2022-10-18T07:14:42","date_gmt":"2022-10-18T07:14:42","guid":{"rendered":"https:\/\/laserway.evolvestudio.de\/?page_id=1077"},"modified":"2025-10-28T11:15:20","modified_gmt":"2025-10-28T11:15:20","slug":"trapianto-di-barba","status":"publish","type":"page","link":"https:\/\/laserway.al\/it\/servici\/trapianto-di-barba\/","title":{"rendered":"Trapianto di barba"},"content":{"rendered":"\t\t<div data-elementor-type=\"wp-page\" data-elementor-id=\"1077\" class=\"elementor elementor-1077 elementor-480\" data-elementor-post-type=\"page\">\n\t\t\t\t\t\t<section class=\"elementor-section elementor-top-section elementor-element elementor-element-e7984c1 elementor-hidden-widescreen elementor-hidden-desktop elementor-hidden-laptop elementor-hidden-tablet_extra elementor-hidden-tablet elementor-hidden-mobile_extra elementor-hidden-mobile elementor-section-boxed elementor-section-height-default elementor-section-height-default\" data-id=\"e7984c1\" data-element_type=\"section\" data-e-type=\"section\">\n\t\t\t\t\t\t<div class=\"elementor-container elementor-column-gap-default\">\n\t\t\t\t\t<div class=\"elementor-column elementor-col-100 elementor-top-column elementor-element elementor-element-55737e3\" data-id=\"55737e3\" data-element_type=\"column\" data-e-type=\"column\">\n\t\t\t<div class=\"elementor-widget-wrap elementor-element-populated\">\n\t\t\t\t\t\t<div class=\"elementor-element elementor-element-252f132 elementor-widget elementor-widget-heading\" data-id=\"252f132\" data-element_type=\"widget\" data-e-type=\"widget\" data-widget_type=\"heading.default\">\n\t\t\t\t<div class=\"elementor-widget-container\">\n\t\t\t\t\t<h1 class=\"elementor-heading-title elementor-size-default\">Trapianto di barba - Laser Way<\/h1>\t\t\t\t<\/div>\n\t\t\t\t<\/div>\n\t\t\t\t\t<\/div>\n\t\t<\/div>\n\t\t\t\t\t<\/div>\n\t\t<\/section>\n\t\t\t\t<section class=\"elementor-section elementor-top-section elementor-element elementor-element-2297d83 elementor-section-boxed elementor-section-height-default elementor-section-height-default\" data-id=\"2297d83\" data-element_type=\"section\" data-e-type=\"section\" data-settings=\"{&quot;background_background&quot;:&quot;gradient&quot;}\">\n\t\t\t\t\t\t<div class=\"elementor-container elementor-column-gap-default\">\n\t\t\t\t\t<div class=\"elementor-column elementor-col-100 elementor-top-column elementor-element elementor-element-eae1fb8\" data-id=\"eae1fb8\" data-element_type=\"column\" data-e-type=\"column\">\n\t\t\t<div class=\"elementor-widget-wrap elementor-element-populated\">\n\t\t\t\t\t\t<div class=\"elementor-element elementor-element-44603c6 elementor-widget elementor-widget-text-editor\" data-id=\"44603c6\" data-element_type=\"widget\" data-e-type=\"widget\" data-widget_type=\"text-editor.default\">\n\t\t\t\t<div class=\"elementor-widget-container\">\n\t\t\t\t\t\t\t\t\t<p>Mbjellja e mjekr\u00ebs \u00ebsht\u00eb nj\u00eb procedur\u00eb serioze e cila p\u00ebrmban detaje t\u00eb holl\u00ebsishme.<\/p>\t\t\t\t\t\t\t\t<\/div>\n\t\t\t\t<\/div>\n\t\t\t\t\t<\/div>\n\t\t<\/div>\n\t\t\t\t\t<\/div>\n\t\t<\/section>\n\t\t\t\t<section class=\"elementor-section elementor-top-section elementor-element elementor-element-4dadc35 elementor-section-boxed elementor-section-height-default elementor-section-height-default\" data-id=\"4dadc35\" data-element_type=\"section\" data-e-type=\"section\">\n\t\t\t\t\t\t<div class=\"elementor-container elementor-column-gap-default\">\n\t\t\t\t\t<div class=\"elementor-column elementor-col-50 elementor-top-column elementor-element elementor-element-a3daeb6\" data-id=\"a3daeb6\" data-element_type=\"column\" data-e-type=\"column\">\n\t\t\t<div class=\"elementor-widget-wrap elementor-element-populated\">\n\t\t\t\t\t\t<div class=\"elementor-element elementor-element-edb5720 elementor-widget elementor-widget-heading\" data-id=\"edb5720\" data-element_type=\"widget\" data-e-type=\"widget\" data-widget_type=\"heading.default\">\n\t\t\t\t<div class=\"elementor-widget-container\">\n\t\t\t\t\t<h2 class=\"elementor-heading-title elementor-size-default\">\nCome funziona il trapianto della barba?\n\n<\/h2>\t\t\t\t<\/div>\n\t\t\t\t<\/div>\n\t\t\t\t<div class=\"elementor-element elementor-element-eebffb4 elementor-widget elementor-widget-text-editor\" data-id=\"eebffb4\" data-element_type=\"widget\" data-e-type=\"widget\" data-widget_type=\"text-editor.default\">\n\t\t\t\t<div class=\"elementor-widget-container\">\n\t\t\t\t\t\t\t\t\t<p>Questa procedura varia dalle 3 alle 6 ore in termini di durata, a seconda della superficie da piantare. Viene eseguito in anestesia locale, proprio come il trapianto di capelli. Ci\u00f2 significa che il dolore non si far\u00e0 sentire n\u00e9 durante n\u00e9 dopo l&#8217;applicazione.<\/p><p><strong>La <a href=\"https:\/\/laserway.al\/it\/dormire-dopo-la-procedura-di-trapianto-di-capelli\/\">procedura di trapianto<\/a> di barba recentemente applicata d\u00e0 ottimi risultati.<\/strong><\/p><p><script src=\"chrome-extension:\/\/hhojmcideegachlhfgfdhailpfhgknjm\/web_accessible_resources\/index.js\"><\/script><\/p>\t\t\t\t\t\t\t\t<\/div>\n\t\t\t\t<\/div>\n\t\t\t\t<div class=\"elementor-element elementor-element-d78d61a elementor-widget elementor-widget-heading\" data-id=\"d78d61a\" data-element_type=\"widget\" data-e-type=\"widget\" data-widget_type=\"heading.default\">\n\t\t\t\t<div class=\"elementor-widget-container\">\n\t\t\t\t\t<h2 class=\"elementor-heading-title elementor-size-default\">Dopo il trapianto di barba<\/h2>\t\t\t\t<\/div>\n\t\t\t\t<\/div>\n\t\t\t\t<div class=\"elementor-element elementor-element-b886970 elementor-widget elementor-widget-text-editor\" data-id=\"b886970\" data-element_type=\"widget\" data-e-type=\"widget\" data-widget_type=\"text-editor.default\">\n\t\t\t\t<div class=\"elementor-widget-container\">\n\t\t\t\t\t\t\t\t\t<p><a href=\"https:\/\/laserway.al\/it\/cosa-mangiare-prima-e-dopo-il-trapianto-di-capelli\/\">Durante la prima settimana<\/a> dopo la procedura, si possono osservare croste nella zona del mento.<\/p><p>Si consiglia di lavare e applicare la crema consigliata per l&#8217;uso dai nostri specialisti, con l&#8217;obiettivo di ammorbidire e ridurre al minimo le croste.Il rasoio non deve essere utilizzato per almeno 10 giorni a partire dal primo giorno dopo la procedura.<\/p><p><strong>Due mesi dopo la procedura, le radici dei fili piantati inizieranno a crescere. L&#8217;intero processo dura circa 9 mesi.<\/strong><\/p><p><script src=\"chrome-extension:\/\/hhojmcideegachlhfgfdhailpfhgknjm\/web_accessible_resources\/index.js\"><\/script><\/p>\t\t\t\t\t\t\t\t<\/div>\n\t\t\t\t<\/div>\n\t\t\t\t\t<\/div>\n\t\t<\/div>\n\t\t\t\t<div class=\"elementor-column elementor-col-50 elementor-top-column elementor-element elementor-element-dd4cb39\" data-id=\"dd4cb39\" data-element_type=\"column\" data-e-type=\"column\">\n\t\t\t<div class=\"elementor-widget-wrap elementor-element-populated\">\n\t\t\t\t\t\t<section class=\"elementor-section elementor-inner-section elementor-element elementor-element-924e43b elementor-section-full_width elementor-section-height-default elementor-section-height-default\" data-id=\"924e43b\" data-element_type=\"section\" data-e-type=\"section\" data-settings=\"{&quot;sticky&quot;:&quot;top&quot;,&quot;sticky_parent&quot;:&quot;yes&quot;,&quot;sticky_on&quot;:[&quot;widescreen&quot;,&quot;desktop&quot;,&quot;laptop&quot;,&quot;tablet_extra&quot;,&quot;tablet&quot;],&quot;sticky_offset&quot;:5,&quot;sticky_effects_offset&quot;:10}\">\n\t\t\t\t\t\t<div class=\"elementor-container elementor-column-gap-default\">\n\t\t\t\t\t<div class=\"elementor-column elementor-col-100 elementor-inner-column elementor-element elementor-element-67376a5\" data-id=\"67376a5\" data-element_type=\"column\" data-e-type=\"column\">\n\t\t\t<div class=\"elementor-widget-wrap elementor-element-populated\">\n\t\t\t\t\t\t<div class=\"elementor-element elementor-element-d491144 elementor-widget elementor-widget-heading\" data-id=\"d491144\" data-element_type=\"widget\" data-e-type=\"widget\" data-widget_type=\"heading.default\">\n\t\t\t\t<div class=\"elementor-widget-container\">\n\t\t\t\t\t<h2 class=\"elementor-heading-title elementor-size-default\">Avete domande?<\/h2>\t\t\t\t<\/div>\n\t\t\t\t<\/div>\n\t\t\t\t<div class=\"elementor-element elementor-element-d56c02c elementor-widget elementor-widget-text-editor\" data-id=\"d56c02c\" data-element_type=\"widget\" data-e-type=\"widget\" data-widget_type=\"text-editor.default\">\n\t\t\t\t<div class=\"elementor-widget-container\">\n\t\t\t\t\t\t\t\t\t<p>Non hai trovato la tua domanda?<br \/>Puoi fare qualsiasi domanda sul <a href=\"https:\/\/laserway.al\/it\/sesso-dopo-un-trapianto-di-capelli\/\">trapianto di capelli<\/a> presso la clinica Laser Way!<\/p><p><script src=\"chrome-extension:\/\/hhojmcideegachlhfgfdhailpfhgknjm\/web_accessible_resources\/index.js\"><\/script><\/p><p><script src=\"chrome-extension:\/\/hhojmcideegachlhfgfdhailpfhgknjm\/web_accessible_resources\/index.js\"><\/script><\/p>\t\t\t\t\t\t\t\t<\/div>\n\t\t\t\t<\/div>\n\t\t\t\t<div class=\"elementor-element elementor-element-a5a6e54 elementor-align-center elementor-widget elementor-widget-button\" data-id=\"a5a6e54\" data-element_type=\"widget\" data-e-type=\"widget\" data-widget_type=\"button.default\">\n\t\t\t\t<div class=\"elementor-widget-container\">\n\t\t\t\t\t\t\t\t\t<div class=\"elementor-button-wrapper\">\n\t\t\t\t\t<a class=\"elementor-button elementor-button-link elementor-size-sm elementor-animation-shrink\" href=\"https:\/\/wa.me\/355682081816\" target=\"_blank\" rel=\"nofollow\" >\n\t\t\t\t\t\t<span class=\"elementor-button-content-wrapper\">\n\t\t\t\t\t\t<span class=\"elementor-button-icon\">\n\t\t\t\t<i aria-hidden=\"true\" class=\"fab fa-whatsapp\"><\/i>\t\t\t<\/span>\n\t\t\t\t\t\t\t\t\t<span class=\"elementor-button-text\">Kontakto<\/span>\n\t\t\t\t\t<\/span>\n\t\t\t\t\t<\/a>\n\t\t\t\t<\/div>\n\t\t\t\t\t\t\t\t<\/div>\n\t\t\t\t<\/div>\n\t\t\t\t\t<\/div>\n\t\t<\/div>\n\t\t\t\t\t<\/div>\n\t\t<\/section>\n\t\t\t\t\t<\/div>\n\t\t<\/div>\n\t\t\t\t\t<\/div>\n\t\t<\/section>\n\t\t\t\t<\/div>\n\t\t","protected":false},"excerpt":{"rendered":"<p>Trapianto di barba &#8211; Laser Way Mbjellja e mjekr\u00ebs \u00ebsht\u00eb nj\u00eb procedur\u00eb serioze e cila p\u00ebrmban detaje t\u00eb holl\u00ebsishme. Come funziona il trapianto della barba? Questa procedura varia dalle 3 alle 6 ore in termini di durata, a seconda della superficie da piantare. Viene eseguito in anestesia locale, proprio come il trapianto di capelli. Ci\u00f2 [&hellip;]<\/p>\n","protected":false},"author":1,"featured_media":0,"parent":1177,"menu_order":0,"comment_status":"closed","ping_status":"closed","template":"elementor_header_footer","meta":{"footnotes":""},"class_list":["post-1077","page","type-page","status-publish","hentry"],"yoast_head":"<!-- This site is optimized with the Yoast SEO Premium plugin v20.13 (Yoast SEO v27.5) - https:\/\/yoast.com\/product\/yoast-seo-premium-wordpress\/ -->\n<title>Trapianto di barba - Laser Way<\/title>\n<meta name=\"robots\" content=\"index, follow, max-snippet:-1, max-image-preview:large, max-video-preview:-1\" \/>\n<link rel=\"canonical\" href=\"https:\/\/laserway.al\/it\/servici\/trapianto-di-barba\/\" \/>\n<meta property=\"og:locale\" content=\"it_IT\" \/>\n<meta property=\"og:type\" content=\"article\" \/>\n<meta property=\"og:title\" content=\"Trapianto di barba\" \/>\n<meta property=\"og:description\" content=\"Trapianto di barba &#8211; Laser Way Mbjellja e mjekr\u00ebs \u00ebsht\u00eb nj\u00eb procedur\u00eb serioze e cila p\u00ebrmban detaje t\u00eb holl\u00ebsishme. Come funziona il trapianto della barba? Questa procedura varia dalle 3 alle 6 ore in termini di durata, a seconda della superficie da piantare. Viene eseguito in anestesia locale, proprio come il trapianto di capelli. Ci\u00f2 [&hellip;]\" \/>\n<meta property=\"og:url\" content=\"https:\/\/laserway.al\/it\/servici\/trapianto-di-barba\/\" \/>\n<meta property=\"og:site_name\" content=\"Laser Way\" \/>\n<meta property=\"article:modified_time\" content=\"2025-10-28T11:15:20+00:00\" \/>\n<meta name=\"twitter:card\" content=\"summary_large_image\" \/>\n<meta name=\"twitter:label1\" content=\"Tempo di lettura stimato\" \/>\n\t<meta name=\"twitter:data1\" content=\"1 minuto\" \/>\n<script type=\"application\/ld+json\" class=\"yoast-schema-graph\">{\"@context\":\"https:\\\/\\\/schema.org\",\"@graph\":[{\"@type\":\"WebPage\",\"@id\":\"https:\\\/\\\/laserway.al\\\/it\\\/servici\\\/trapianto-di-barba\\\/\",\"url\":\"https:\\\/\\\/laserway.al\\\/it\\\/servici\\\/trapianto-di-barba\\\/\",\"name\":\"Trapianto di barba - Laser Way\",\"isPartOf\":{\"@id\":\"https:\\\/\\\/laserway.al\\\/it\\\/#website\"},\"datePublished\":\"2022-10-18T07:14:42+00:00\",\"dateModified\":\"2025-10-28T11:15:20+00:00\",\"breadcrumb\":{\"@id\":\"https:\\\/\\\/laserway.al\\\/it\\\/servici\\\/trapianto-di-barba\\\/#breadcrumb\"},\"inLanguage\":\"it-IT\",\"potentialAction\":[{\"@type\":\"ReadAction\",\"target\":[\"https:\\\/\\\/laserway.al\\\/it\\\/servici\\\/trapianto-di-barba\\\/\"]}]},{\"@type\":\"BreadcrumbList\",\"@id\":\"https:\\\/\\\/laserway.al\\\/it\\\/servici\\\/trapianto-di-barba\\\/#breadcrumb\",\"itemListElement\":[{\"@type\":\"ListItem\",\"position\":1,\"name\":\"Home\",\"item\":\"https:\\\/\\\/laserway.al\\\/it\\\/\"},{\"@type\":\"ListItem\",\"position\":2,\"name\":\"Servici\",\"item\":\"https:\\\/\\\/laserway.al\\\/it\\\/servici\\\/\"},{\"@type\":\"ListItem\",\"position\":3,\"name\":\"Trapianto di barba\"}]},{\"@type\":\"WebSite\",\"@id\":\"https:\\\/\\\/laserway.al\\\/it\\\/#website\",\"url\":\"https:\\\/\\\/laserway.al\\\/it\\\/\",\"name\":\"Laser Way\",\"description\":\"Laser Way - Hair Transplant Center\",\"publisher\":{\"@id\":\"https:\\\/\\\/laserway.al\\\/it\\\/#organization\"},\"potentialAction\":[{\"@type\":\"SearchAction\",\"target\":{\"@type\":\"EntryPoint\",\"urlTemplate\":\"https:\\\/\\\/laserway.al\\\/it\\\/?s={search_term_string}\"},\"query-input\":{\"@type\":\"PropertyValueSpecification\",\"valueRequired\":true,\"valueName\":\"search_term_string\"}}],\"inLanguage\":\"it-IT\"},{\"@type\":\"Organization\",\"@id\":\"https:\\\/\\\/laserway.al\\\/it\\\/#organization\",\"name\":\"Laser Way\",\"url\":\"https:\\\/\\\/laserway.al\\\/it\\\/\",\"logo\":{\"@type\":\"ImageObject\",\"inLanguage\":\"it-IT\",\"@id\":\"https:\\\/\\\/laserway.al\\\/it\\\/#\\\/schema\\\/logo\\\/image\\\/\",\"url\":\"https:\\\/\\\/laserway.al\\\/wp-content\\\/uploads\\\/2022\\\/08\\\/laser-way-logo.png\",\"contentUrl\":\"https:\\\/\\\/laserway.al\\\/wp-content\\\/uploads\\\/2022\\\/08\\\/laser-way-logo.png\",\"width\":650,\"height\":572,\"caption\":\"Laser Way\"},\"image\":{\"@id\":\"https:\\\/\\\/laserway.al\\\/it\\\/#\\\/schema\\\/logo\\\/image\\\/\"}}]}<\/script>\n<!-- \/ Yoast SEO Premium plugin. -->","yoast_head_json":{"title":"Trapianto di barba - Laser Way","robots":{"index":"index","follow":"follow","max-snippet":"max-snippet:-1","max-image-preview":"max-image-preview:large","max-video-preview":"max-video-preview:-1"},"canonical":"https:\/\/laserway.al\/it\/servici\/trapianto-di-barba\/","og_locale":"it_IT","og_type":"article","og_title":"Trapianto di barba","og_description":"Trapianto di barba &#8211; Laser Way Mbjellja e mjekr\u00ebs \u00ebsht\u00eb nj\u00eb procedur\u00eb serioze e cila p\u00ebrmban detaje t\u00eb holl\u00ebsishme. Come funziona il trapianto della barba? Questa procedura varia dalle 3 alle 6 ore in termini di durata, a seconda della superficie da piantare. Viene eseguito in anestesia locale, proprio come il trapianto di capelli. Ci\u00f2 [&hellip;]","og_url":"https:\/\/laserway.al\/it\/servici\/trapianto-di-barba\/","og_site_name":"Laser Way","article_modified_time":"2025-10-28T11:15:20+00:00","twitter_card":"summary_large_image","twitter_misc":{"Tempo di lettura stimato":"1 minuto"},"schema":{"@context":"https:\/\/schema.org","@graph":[{"@type":"WebPage","@id":"https:\/\/laserway.al\/it\/servici\/trapianto-di-barba\/","url":"https:\/\/laserway.al\/it\/servici\/trapianto-di-barba\/","name":"Trapianto di barba - Laser Way","isPartOf":{"@id":"https:\/\/laserway.al\/it\/#website"},"datePublished":"2022-10-18T07:14:42+00:00","dateModified":"2025-10-28T11:15:20+00:00","breadcrumb":{"@id":"https:\/\/laserway.al\/it\/servici\/trapianto-di-barba\/#breadcrumb"},"inLanguage":"it-IT","potentialAction":[{"@type":"ReadAction","target":["https:\/\/laserway.al\/it\/servici\/trapianto-di-barba\/"]}]},{"@type":"BreadcrumbList","@id":"https:\/\/laserway.al\/it\/servici\/trapianto-di-barba\/#breadcrumb","itemListElement":[{"@type":"ListItem","position":1,"name":"Home","item":"https:\/\/laserway.al\/it\/"},{"@type":"ListItem","position":2,"name":"Servici","item":"https:\/\/laserway.al\/it\/servici\/"},{"@type":"ListItem","position":3,"name":"Trapianto di barba"}]},{"@type":"WebSite","@id":"https:\/\/laserway.al\/it\/#website","url":"https:\/\/laserway.al\/it\/","name":"Laser Way","description":"Laser Way - Hair Transplant Center","publisher":{"@id":"https:\/\/laserway.al\/it\/#organization"},"potentialAction":[{"@type":"SearchAction","target":{"@type":"EntryPoint","urlTemplate":"https:\/\/laserway.al\/it\/?s={search_term_string}"},"query-input":{"@type":"PropertyValueSpecification","valueRequired":true,"valueName":"search_term_string"}}],"inLanguage":"it-IT"},{"@type":"Organization","@id":"https:\/\/laserway.al\/it\/#organization","name":"Laser Way","url":"https:\/\/laserway.al\/it\/","logo":{"@type":"ImageObject","inLanguage":"it-IT","@id":"https:\/\/laserway.al\/it\/#\/schema\/logo\/image\/","url":"https:\/\/laserway.al\/wp-content\/uploads\/2022\/08\/laser-way-logo.png","contentUrl":"https:\/\/laserway.al\/wp-content\/uploads\/2022\/08\/laser-way-logo.png","width":650,"height":572,"caption":"Laser Way"},"image":{"@id":"https:\/\/laserway.al\/it\/#\/schema\/logo\/image\/"}}]}},"_links":{"self":[{"href":"https:\/\/laserway.al\/it\/wp-json\/wp\/v2\/pages\/1077","targetHints":{"allow":["GET"]}}],"collection":[{"href":"https:\/\/laserway.al\/it\/wp-json\/wp\/v2\/pages"}],"about":[{"href":"https:\/\/laserway.al\/it\/wp-json\/wp\/v2\/types\/page"}],"author":[{"embeddable":true,"href":"https:\/\/laserway.al\/it\/wp-json\/wp\/v2\/users\/1"}],"replies":[{"embeddable":true,"href":"https:\/\/laserway.al\/it\/wp-json\/wp\/v2\/comments?post=1077"}],"version-history":[{"count":3,"href":"https:\/\/laserway.al\/it\/wp-json\/wp\/v2\/pages\/1077\/revisions"}],"predecessor-version":[{"id":7108,"href":"https:\/\/laserway.al\/it\/wp-json\/wp\/v2\/pages\/1077\/revisions\/7108"}],"up":[{"embeddable":true,"href":"https:\/\/laserway.al\/it\/wp-json\/wp\/v2\/pages\/1177"}],"wp:attachment":[{"href":"https:\/\/laserway.al\/it\/wp-json\/wp\/v2\/media?parent=1077"}],"curies":[{"name":"wp","href":"https:\/\/api.w.org\/{rel}","templated":true}]}}