{"id":1071,"date":"2022-10-18T07:12:34","date_gmt":"2022-10-18T07:12:34","guid":{"rendered":"https:\/\/laserway.evolvestudio.de\/?page_id=1071"},"modified":"2024-03-06T16:48:58","modified_gmt":"2024-03-06T16:48:58","slug":"chi-siamo","status":"publish","type":"page","link":"https:\/\/laserway.al\/it\/chi-siamo\/","title":{"rendered":"Chi Siamo"},"content":{"rendered":"\t\t<div data-elementor-type=\"wp-page\" data-elementor-id=\"1071\" class=\"elementor elementor-1071 elementor-402\" data-elementor-post-type=\"page\">\n\t\t\t\t\t\t<section class=\"elementor-section elementor-top-section elementor-element elementor-element-e797b28 elementor-hidden-widescreen elementor-hidden-desktop elementor-hidden-laptop elementor-hidden-tablet_extra elementor-hidden-tablet elementor-hidden-mobile_extra elementor-hidden-mobile elementor-section-boxed elementor-section-height-default elementor-section-height-default\" data-id=\"e797b28\" data-element_type=\"section\">\n\t\t\t\t\t\t<div class=\"elementor-container elementor-column-gap-default\">\n\t\t\t\t\t<div class=\"elementor-column elementor-col-100 elementor-top-column elementor-element elementor-element-72e2860\" data-id=\"72e2860\" data-element_type=\"column\">\n\t\t\t<div class=\"elementor-widget-wrap elementor-element-populated\">\n\t\t\t\t\t\t<div class=\"elementor-element elementor-element-0fcd193 elementor-widget elementor-widget-heading\" data-id=\"0fcd193\" data-element_type=\"widget\" data-widget_type=\"heading.default\">\n\t\t\t\t<div class=\"elementor-widget-container\">\n\t\t\t\t\t<h1 class=\"elementor-heading-title elementor-size-default\">Chi siamo - Laser Way<\/h1>\t\t\t\t<\/div>\n\t\t\t\t<\/div>\n\t\t\t\t\t<\/div>\n\t\t<\/div>\n\t\t\t\t\t<\/div>\n\t\t<\/section>\n\t\t\t\t<section class=\"elementor-section elementor-top-section elementor-element elementor-element-63726c8 elementor-section-boxed elementor-section-height-default elementor-section-height-default\" data-id=\"63726c8\" data-element_type=\"section\" data-settings=\"{&quot;background_background&quot;:&quot;classic&quot;}\">\n\t\t\t\t\t\t\t<div class=\"elementor-background-overlay\"><\/div>\n\t\t\t\t\t\t\t<div class=\"elementor-container elementor-column-gap-default\">\n\t\t\t\t\t<div class=\"elementor-column elementor-col-100 elementor-top-column elementor-element elementor-element-841aba8\" data-id=\"841aba8\" data-element_type=\"column\">\n\t\t\t<div class=\"elementor-widget-wrap elementor-element-populated\">\n\t\t\t\t\t\t<div class=\"elementor-element elementor-element-f392482 elementor-invisible elementor-widget elementor-widget-heading\" data-id=\"f392482\" data-element_type=\"widget\" data-settings=\"{&quot;_animation&quot;:&quot;fadeInUp&quot;}\" data-widget_type=\"heading.default\">\n\t\t\t\t<div class=\"elementor-widget-container\">\n\t\t\t\t\t<h2 class=\"elementor-heading-title elementor-size-default\">Chi siamo<\/h2>\t\t\t\t<\/div>\n\t\t\t\t<\/div>\n\t\t\t\t\t<\/div>\n\t\t<\/div>\n\t\t\t\t\t<\/div>\n\t\t<\/section>\n\t\t\t\t<section class=\"elementor-section elementor-top-section elementor-element elementor-element-64f1a04 elementor-section-content-middle elementor-reverse-mobile_extra elementor-reverse-mobile elementor-section-boxed elementor-section-height-default elementor-section-height-default\" data-id=\"64f1a04\" data-element_type=\"section\">\n\t\t\t\t\t\t<div class=\"elementor-container elementor-column-gap-default\">\n\t\t\t\t\t<div class=\"elementor-column elementor-col-50 elementor-top-column elementor-element elementor-element-1035758\" data-id=\"1035758\" data-element_type=\"column\">\n\t\t\t<div class=\"elementor-widget-wrap elementor-element-populated\">\n\t\t\t\t\t\t<div class=\"elementor-element elementor-element-77c4b6d elementor-invisible elementor-widget elementor-widget-heading\" data-id=\"77c4b6d\" data-element_type=\"widget\" data-settings=\"{&quot;_animation&quot;:&quot;fadeInLeft&quot;}\" data-widget_type=\"heading.default\">\n\t\t\t\t<div class=\"elementor-widget-container\">\n\t\t\t\t\t<h2 class=\"elementor-heading-title elementor-size-default\">Clinica per capelli Laser Way<\/h2>\t\t\t\t<\/div>\n\t\t\t\t<\/div>\n\t\t\t\t<div class=\"elementor-element elementor-element-192aea8 elementor-invisible elementor-widget elementor-widget-text-editor\" data-id=\"192aea8\" data-element_type=\"widget\" data-settings=\"{&quot;_animation&quot;:&quot;fadeInUp&quot;}\" data-widget_type=\"text-editor.default\">\n\t\t\t\t<div class=\"elementor-widget-container\">\n\t\t\t\t\t\t\t\t\t<p>La clinica Laser Way, fondata nel 2004, \u00e8 una delle migliori cliniche come punto di riferimento per il trapianto di capelli a Tirana.<\/p><p>La clinica \u00e8 posizionata in una delle zone pi\u00f9 privilegiate della citt\u00e0, nell&#8217;area dell&#8217;ex Block of Leaders. Gli ambienti interni della clinica forniscono gli spazi necessari per i clienti. La clinica \u00e8 composta da 11 sale operatorie, 2 sale pre e post operatorie, 2 sale d&#8217;attesa ampie e luminose e sale di riposo.<\/p><p>La clinica Laser Way \u00e8 accreditata dal Ministero della Salute e soddisfa tutti i criteri igienici.<\/p><p>Lo staff della clinica Laser Way \u00e8 composto da medici e infermieri competenti con diversi anni di esperienza nel campo del <a href=\"https:\/\/laserway.al\/it\/\">trapianto di capelli<\/a>. Oltre a molti anni di esperienza e formazione medica, la clinica Laser Way si distingue anche per la sua finezza tecnica.<\/p><p><script src=\"chrome-extension:\/\/hhojmcideegachlhfgfdhailpfhgknjm\/web_accessible_resources\/index.js\"><\/script><\/p>\t\t\t\t\t\t\t\t<\/div>\n\t\t\t\t<\/div>\n\t\t\t\t\t<\/div>\n\t\t<\/div>\n\t\t\t\t<div class=\"elementor-column elementor-col-50 elementor-top-column elementor-element elementor-element-10254c5\" data-id=\"10254c5\" data-element_type=\"column\">\n\t\t\t<div class=\"elementor-widget-wrap elementor-element-populated\">\n\t\t\t\t\t\t<div class=\"elementor-element elementor-element-57d6cb7 elementor-widget elementor-widget-image\" data-id=\"57d6cb7\" data-element_type=\"widget\" data-widget_type=\"image.default\">\n\t\t\t\t<div class=\"elementor-widget-container\">\n\t\t\t\t\t\t\t\t\t\t\t\t\t\t\t<img fetchpriority=\"high\" decoding=\"async\" width=\"768\" height=\"1024\" src=\"https:\/\/laserway.al\/wp-content\/uploads\/2022\/09\/about-768x1024.jpg\" class=\"attachment-large size-large wp-image-1087\" alt=\"\" srcset=\"https:\/\/laserway.al\/wp-content\/uploads\/2022\/09\/about-768x1024.jpg 768w, https:\/\/laserway.al\/wp-content\/uploads\/2022\/09\/about-600x800.jpg 600w, https:\/\/laserway.al\/wp-content\/uploads\/2022\/09\/about-225x300.jpg 225w, https:\/\/laserway.al\/wp-content\/uploads\/2022\/09\/about.jpg 1050w\" sizes=\"(max-width: 768px) 100vw, 768px\" \/>\t\t\t\t\t\t\t\t\t\t\t\t\t\t\t<\/div>\n\t\t\t\t<\/div>\n\t\t\t\t\t<\/div>\n\t\t<\/div>\n\t\t\t\t\t<\/div>\n\t\t<\/section>\n\t\t\t\t<\/div>\n\t\t","protected":false},"excerpt":{"rendered":"<p>Chi siamo &#8211; Laser Way Chi siamo Clinica per capelli Laser Way La clinica Laser Way, fondata nel 2004, \u00e8 una delle migliori cliniche come punto di riferimento per il trapianto di capelli a Tirana. La clinica \u00e8 posizionata in una delle zone pi\u00f9 privilegiate della citt\u00e0, nell&#8217;area dell&#8217;ex Block of Leaders. Gli ambienti interni [&hellip;]<\/p>\n","protected":false},"author":1,"featured_media":0,"parent":0,"menu_order":0,"comment_status":"closed","ping_status":"closed","template":"elementor_header_footer","meta":{"footnotes":""},"class_list":["post-1071","page","type-page","status-publish","hentry"],"yoast_head":"<!-- This site is optimized with the Yoast SEO Premium plugin v20.13 (Yoast SEO v26.9) - https:\/\/yoast.com\/product\/yoast-seo-premium-wordpress\/ -->\n<title>Chi Siamo - Laser Way<\/title>\n<meta name=\"robots\" content=\"index, follow, max-snippet:-1, max-image-preview:large, max-video-preview:-1\" \/>\n<link rel=\"canonical\" href=\"https:\/\/laserway.al\/it\/chi-siamo\/\" \/>\n<meta property=\"og:locale\" content=\"it_IT\" \/>\n<meta property=\"og:type\" content=\"article\" \/>\n<meta property=\"og:title\" content=\"Chi Siamo\" \/>\n<meta property=\"og:description\" content=\"Chi siamo &#8211; Laser Way Chi siamo Clinica per capelli Laser Way La clinica Laser Way, fondata nel 2004, \u00e8 una delle migliori cliniche come punto di riferimento per il trapianto di capelli a Tirana. La clinica \u00e8 posizionata in una delle zone pi\u00f9 privilegiate della citt\u00e0, nell&#8217;area dell&#8217;ex Block of Leaders. Gli ambienti interni [&hellip;]\" \/>\n<meta property=\"og:url\" content=\"https:\/\/laserway.al\/it\/chi-siamo\/\" \/>\n<meta property=\"og:site_name\" content=\"Laser Way\" \/>\n<meta property=\"article:modified_time\" content=\"2024-03-06T16:48:58+00:00\" \/>\n<meta property=\"og:image\" content=\"https:\/\/laserway.al\/wp-content\/uploads\/2022\/09\/about-768x1024.jpg\" \/>\n<meta name=\"twitter:card\" content=\"summary_large_image\" \/>\n<meta name=\"twitter:label1\" content=\"Tempo di lettura stimato\" \/>\n\t<meta name=\"twitter:data1\" content=\"1 minuto\" \/>\n<script type=\"application\/ld+json\" class=\"yoast-schema-graph\">{\"@context\":\"https:\/\/schema.org\",\"@graph\":[{\"@type\":\"WebPage\",\"@id\":\"https:\/\/laserway.al\/it\/chi-siamo\/\",\"url\":\"https:\/\/laserway.al\/it\/chi-siamo\/\",\"name\":\"Chi Siamo - Laser Way\",\"isPartOf\":{\"@id\":\"https:\/\/laserway.al\/it\/#website\"},\"primaryImageOfPage\":{\"@id\":\"https:\/\/laserway.al\/it\/chi-siamo\/#primaryimage\"},\"image\":{\"@id\":\"https:\/\/laserway.al\/it\/chi-siamo\/#primaryimage\"},\"thumbnailUrl\":\"https:\/\/laserway.al\/wp-content\/uploads\/2022\/09\/about-768x1024.jpg\",\"datePublished\":\"2022-10-18T07:12:34+00:00\",\"dateModified\":\"2024-03-06T16:48:58+00:00\",\"breadcrumb\":{\"@id\":\"https:\/\/laserway.al\/it\/chi-siamo\/#breadcrumb\"},\"inLanguage\":\"it-IT\",\"potentialAction\":[{\"@type\":\"ReadAction\",\"target\":[\"https:\/\/laserway.al\/it\/chi-siamo\/\"]}]},{\"@type\":\"ImageObject\",\"inLanguage\":\"it-IT\",\"@id\":\"https:\/\/laserway.al\/it\/chi-siamo\/#primaryimage\",\"url\":\"https:\/\/laserway.al\/wp-content\/uploads\/2022\/09\/about-768x1024.jpg\",\"contentUrl\":\"https:\/\/laserway.al\/wp-content\/uploads\/2022\/09\/about-768x1024.jpg\"},{\"@type\":\"BreadcrumbList\",\"@id\":\"https:\/\/laserway.al\/it\/chi-siamo\/#breadcrumb\",\"itemListElement\":[{\"@type\":\"ListItem\",\"position\":1,\"name\":\"Home\",\"item\":\"https:\/\/laserway.al\/it\/\"},{\"@type\":\"ListItem\",\"position\":2,\"name\":\"Chi Siamo\"}]},{\"@type\":\"WebSite\",\"@id\":\"https:\/\/laserway.al\/it\/#website\",\"url\":\"https:\/\/laserway.al\/it\/\",\"name\":\"Laser Way\",\"description\":\"Laser Way - Hair Transplant Center\",\"publisher\":{\"@id\":\"https:\/\/laserway.al\/it\/#organization\"},\"potentialAction\":[{\"@type\":\"SearchAction\",\"target\":{\"@type\":\"EntryPoint\",\"urlTemplate\":\"https:\/\/laserway.al\/it\/?s={search_term_string}\"},\"query-input\":{\"@type\":\"PropertyValueSpecification\",\"valueRequired\":true,\"valueName\":\"search_term_string\"}}],\"inLanguage\":\"it-IT\"},{\"@type\":\"Organization\",\"@id\":\"https:\/\/laserway.al\/it\/#organization\",\"name\":\"Laser Way\",\"url\":\"https:\/\/laserway.al\/it\/\",\"logo\":{\"@type\":\"ImageObject\",\"inLanguage\":\"it-IT\",\"@id\":\"https:\/\/laserway.al\/it\/#\/schema\/logo\/image\/\",\"url\":\"https:\/\/laserway.al\/wp-content\/uploads\/2022\/08\/laser-way-logo.png\",\"contentUrl\":\"https:\/\/laserway.al\/wp-content\/uploads\/2022\/08\/laser-way-logo.png\",\"width\":650,\"height\":572,\"caption\":\"Laser Way\"},\"image\":{\"@id\":\"https:\/\/laserway.al\/it\/#\/schema\/logo\/image\/\"}}]}<\/script>\n<!-- \/ Yoast SEO Premium plugin. -->","yoast_head_json":{"title":"Chi Siamo - Laser Way","robots":{"index":"index","follow":"follow","max-snippet":"max-snippet:-1","max-image-preview":"max-image-preview:large","max-video-preview":"max-video-preview:-1"},"canonical":"https:\/\/laserway.al\/it\/chi-siamo\/","og_locale":"it_IT","og_type":"article","og_title":"Chi Siamo","og_description":"Chi siamo &#8211; Laser Way Chi siamo Clinica per capelli Laser Way La clinica Laser Way, fondata nel 2004, \u00e8 una delle migliori cliniche come punto di riferimento per il trapianto di capelli a Tirana. La clinica \u00e8 posizionata in una delle zone pi\u00f9 privilegiate della citt\u00e0, nell&#8217;area dell&#8217;ex Block of Leaders. Gli ambienti interni [&hellip;]","og_url":"https:\/\/laserway.al\/it\/chi-siamo\/","og_site_name":"Laser Way","article_modified_time":"2024-03-06T16:48:58+00:00","og_image":[{"url":"https:\/\/laserway.al\/wp-content\/uploads\/2022\/09\/about-768x1024.jpg","type":"","width":"","height":""}],"twitter_card":"summary_large_image","twitter_misc":{"Tempo di lettura stimato":"1 minuto"},"schema":{"@context":"https:\/\/schema.org","@graph":[{"@type":"WebPage","@id":"https:\/\/laserway.al\/it\/chi-siamo\/","url":"https:\/\/laserway.al\/it\/chi-siamo\/","name":"Chi Siamo - Laser Way","isPartOf":{"@id":"https:\/\/laserway.al\/it\/#website"},"primaryImageOfPage":{"@id":"https:\/\/laserway.al\/it\/chi-siamo\/#primaryimage"},"image":{"@id":"https:\/\/laserway.al\/it\/chi-siamo\/#primaryimage"},"thumbnailUrl":"https:\/\/laserway.al\/wp-content\/uploads\/2022\/09\/about-768x1024.jpg","datePublished":"2022-10-18T07:12:34+00:00","dateModified":"2024-03-06T16:48:58+00:00","breadcrumb":{"@id":"https:\/\/laserway.al\/it\/chi-siamo\/#breadcrumb"},"inLanguage":"it-IT","potentialAction":[{"@type":"ReadAction","target":["https:\/\/laserway.al\/it\/chi-siamo\/"]}]},{"@type":"ImageObject","inLanguage":"it-IT","@id":"https:\/\/laserway.al\/it\/chi-siamo\/#primaryimage","url":"https:\/\/laserway.al\/wp-content\/uploads\/2022\/09\/about-768x1024.jpg","contentUrl":"https:\/\/laserway.al\/wp-content\/uploads\/2022\/09\/about-768x1024.jpg"},{"@type":"BreadcrumbList","@id":"https:\/\/laserway.al\/it\/chi-siamo\/#breadcrumb","itemListElement":[{"@type":"ListItem","position":1,"name":"Home","item":"https:\/\/laserway.al\/it\/"},{"@type":"ListItem","position":2,"name":"Chi Siamo"}]},{"@type":"WebSite","@id":"https:\/\/laserway.al\/it\/#website","url":"https:\/\/laserway.al\/it\/","name":"Laser Way","description":"Laser Way - Hair Transplant Center","publisher":{"@id":"https:\/\/laserway.al\/it\/#organization"},"potentialAction":[{"@type":"SearchAction","target":{"@type":"EntryPoint","urlTemplate":"https:\/\/laserway.al\/it\/?s={search_term_string}"},"query-input":{"@type":"PropertyValueSpecification","valueRequired":true,"valueName":"search_term_string"}}],"inLanguage":"it-IT"},{"@type":"Organization","@id":"https:\/\/laserway.al\/it\/#organization","name":"Laser Way","url":"https:\/\/laserway.al\/it\/","logo":{"@type":"ImageObject","inLanguage":"it-IT","@id":"https:\/\/laserway.al\/it\/#\/schema\/logo\/image\/","url":"https:\/\/laserway.al\/wp-content\/uploads\/2022\/08\/laser-way-logo.png","contentUrl":"https:\/\/laserway.al\/wp-content\/uploads\/2022\/08\/laser-way-logo.png","width":650,"height":572,"caption":"Laser Way"},"image":{"@id":"https:\/\/laserway.al\/it\/#\/schema\/logo\/image\/"}}]}},"_links":{"self":[{"href":"https:\/\/laserway.al\/it\/wp-json\/wp\/v2\/pages\/1071","targetHints":{"allow":["GET"]}}],"collection":[{"href":"https:\/\/laserway.al\/it\/wp-json\/wp\/v2\/pages"}],"about":[{"href":"https:\/\/laserway.al\/it\/wp-json\/wp\/v2\/types\/page"}],"author":[{"embeddable":true,"href":"https:\/\/laserway.al\/it\/wp-json\/wp\/v2\/users\/1"}],"replies":[{"embeddable":true,"href":"https:\/\/laserway.al\/it\/wp-json\/wp\/v2\/comments?post=1071"}],"version-history":[{"count":0,"href":"https:\/\/laserway.al\/it\/wp-json\/wp\/v2\/pages\/1071\/revisions"}],"wp:attachment":[{"href":"https:\/\/laserway.al\/it\/wp-json\/wp\/v2\/media?parent=1071"}],"curies":[{"name":"wp","href":"https:\/\/api.w.org\/{rel}","templated":true}]}}